{"id":32567,"date":"2024-07-04T19:36:40","date_gmt":"2024-07-04T19:36:40","guid":{"rendered":"https:\/\/chilimag.hu\/webshop\/?post_type=product&#038;p=32567"},"modified":"2026-03-13T07:32:36","modified_gmt":"2026-03-13T07:32:36","slug":"sarkantyuka-night-day-z-s-sl","status":"publish","type":"product","link":"https:\/\/chilimag.hu\/webshop\/termek\/sarkantyuka-night-day-z-s-sl\/","title":{"rendered":"Sarkanty\u00faka Night Day Z.S SL"},"content":{"rendered":"","protected":false},"excerpt":{"rendered":"<p><img decoding=\"async\" class=\"logo\" src=\"https:\/\/b2b.seklos.lt\/themes\/warehouse\/img\/logo_en.png\" alt=\"Agrofirma S\u0117klos, UAB\" \/><\/p>\n<p>Egyny\u00e1ri, k\u00f6nnyen termeszthet\u0151, 40 cm magas vir\u00e1gok. A vir\u00e1gok 4-5 cm \u00e1tm\u00e9r\u0151j\u0171ek, csaknem fekete vir\u00e1gokkal. Naps\u00fct\u00e9sben \u00e9s vil\u00e1gos \u00e1rny\u00e9kban is n\u0151 \u00e9s vir\u00e1gzik, nem ig\u00e9nyes a talajra. Gazdag talajban gyeng\u00e9n vir\u00e1gzik. Alkalmas \u00fcltetv\u00e9nyekre, vir\u00e1goskertekre, erk\u00e9lyekre. Ezek a vir\u00e1gok seg\u00edthetnek megv\u00e9deni a k\u00e1poszt\u00e1t a k\u00e1posztalepk\u00e9t\u0151l. A k\u00e1poszta\u00e1gy\u00e1sba vetve elriasztja a k\u00e1posztalepk\u00e9t.<\/p>\n<p>G \u00e1rcsoport<br \/>\nKiszerel\u00e9s egy csomagban 3 g<br \/>\nVet\u00e9sid\u0151 a talajban IV\u2013V, 2 cm<br \/>\nT\u00e1vols\u00e1gok, cm V-VI, 20&#215;30 cm<br \/>\n\u00dcltet\u00e9si t\u00e1vols\u00e1gok V-VI, 20&#215;30 cm<br \/>\nVir\u00e1gz\u00e1s VI-XI<br \/>\nTerm\u0151f\u00f6ld<br \/>\nM\u00e1rka \u017dalia stotel\u0117<br \/>\nNapos hely Igen<br \/>\nF\u00e9l\u00e1rny\u00e9k Igen<br \/>\nSz\u00edn Sz\u00ednek kever\u00e9ke<br \/>\nVeget\u00e1ci\u00f3 Egyny\u00e1ri<br \/>\nVir\u00e1g\u00e1gy\u00e1sok termeszt\u00e9s\u00e9re alkalmas<br \/>\n\u00c9ghajlat Napos, R\u00e9szleges \u00e1rny\u00e9k<\/p>\n","protected":false},"featured_media":32568,"comment_status":"closed","ping_status":"closed","template":"","meta":[],"product_brand":[],"product_cat":[363],"product_tag":[],"class_list":{"0":"post-32567","1":"product","2":"type-product","3":"status-publish","4":"has-post-thumbnail","6":"product_cat-virag-vetomagok-zalia-stotele","8":"first","9":"instock","10":"taxable","11":"shipping-taxable","12":"purchasable","13":"product-type-simple"},"_links":{"self":[{"href":"https:\/\/chilimag.hu\/webshop\/wp-json\/wp\/v2\/product\/32567","targetHints":{"allow":["GET"]}}],"collection":[{"href":"https:\/\/chilimag.hu\/webshop\/wp-json\/wp\/v2\/product"}],"about":[{"href":"https:\/\/chilimag.hu\/webshop\/wp-json\/wp\/v2\/types\/product"}],"replies":[{"embeddable":true,"href":"https:\/\/chilimag.hu\/webshop\/wp-json\/wp\/v2\/comments?post=32567"}],"wp:featuredmedia":[{"embeddable":true,"href":"https:\/\/chilimag.hu\/webshop\/wp-json\/wp\/v2\/media\/32568"}],"wp:attachment":[{"href":"https:\/\/chilimag.hu\/webshop\/wp-json\/wp\/v2\/media?parent=32567"}],"wp:term":[{"taxonomy":"product_brand","embeddable":true,"href":"https:\/\/chilimag.hu\/webshop\/wp-json\/wp\/v2\/product_brand?post=32567"},{"taxonomy":"product_cat","embeddable":true,"href":"https:\/\/chilimag.hu\/webshop\/wp-json\/wp\/v2\/product_cat?post=32567"},{"taxonomy":"product_tag","embeddable":true,"href":"https:\/\/chilimag.hu\/webshop\/wp-json\/wp\/v2\/product_tag?post=32567"}],"curies":[{"name":"wp","href":"https:\/\/api.w.org\/{rel}","templated":true}]}}