{"id":32565,"date":"2024-07-04T19:29:59","date_gmt":"2024-07-04T19:29:59","guid":{"rendered":"https:\/\/chilimag.hu\/webshop\/?post_type=product&#038;p=32565"},"modified":"2026-02-17T10:15:34","modified_gmt":"2026-02-17T10:15:34","slug":"zaporvirag-daybreak-hibrid-red-striped-z-s-sl","status":"publish","type":"product","link":"https:\/\/chilimag.hu\/webshop\/termek\/zaporvirag-daybreak-hibrid-red-striped-z-s-sl\/","title":{"rendered":"Z\u00e1porvir\u00e1g DAYBREAK Hibrid  RED STRIPED Z.S SL"},"content":{"rendered":"","protected":false},"excerpt":{"rendered":"<p><img decoding=\"async\" class=\"active-logo\" src=\"https:\/\/b2b.seklos.lt\/themes\/warehouse\/img\/logo_en.png\" alt=\"Agrofirma S\u0117klos, UAB\" width=\"280\" height=\"95\" \/><\/p>\n<p>Egyny\u00e1ri, 25-30 cm magas, nagyon b\u0151s\u00e9gesen vir\u00e1gz\u00f3 vir\u00e1gok. Naps\u00fct\u00e9ses napokon a gazania egyszer\u0171en vil\u00e1g\u00edt a napon. Vir\u00e1g\u00e1gy\u00e1sokba, d\u00e9li oldalon cser\u00e9pbe \u00fcltetve egy n\u00f6v\u00e9ny 50 vir\u00e1ggal vir\u00e1gzik. A vir\u00e1gz\u00e1s el\u0151seg\u00edt\u00e9se \u00e9rdek\u00e9ben az elpuszt\u00edt\u00e1s javasolt. J\u00f3l n\u00f6vekszik infantilis, k\u00f6zepesen neh\u00e9z talajon, meleg napos ter\u00fcleteken. Huzat alatt b\u0151s\u00e9ges \u00f6nt\u00f6z\u00e9s javasolt, nem t\u0171ri az \u00e1ll\u00f3vizet.<\/p>\n<p>A magok sz\u00e1ma grammonk\u00e9nt ~220-260<br \/>\nMagok sz\u00e1ma a csomagban, db. 15<br \/>\nMagok sz\u00e1ma a csomagban, db. 15<br \/>\nT\u00e1vols\u00e1gok, cm 15 x 20 cm<br \/>\n\u00dcltet\u00e9si t\u00e1vols\u00e1gok 15 x 20 cm<br \/>\nVir\u00e1gz\u00e1si id\u0151szak II-IV<br \/>\nN\u00f6v\u00e9nymagass\u00e1g, cm 25-30 cm<br \/>\nTermeszt\u00e9si hely Erk\u00e9ly<br \/>\nM\u00e1rka \u017dalia stotel\u0117<br \/>\nTranszplant\u00e1ci\u00f3 V<br \/>\nNapos hely Igen<br \/>\nF\u00e9l\u00e1rny\u00e9k Igen<br \/>\nProfesszion\u00e1lis haszn\u00e1latra alkalmas Igen<br \/>\nVir\u00e1g\u00e1gy\u00e1sok termeszt\u00e9s\u00e9re alkalmas<\/p>\n","protected":false},"featured_media":32566,"comment_status":"closed","ping_status":"closed","template":"","meta":[],"product_brand":[],"product_cat":[363],"product_tag":[],"class_list":{"0":"post-32565","1":"product","2":"type-product","3":"status-publish","4":"has-post-thumbnail","6":"product_cat-virag-vetomagok-zalia-stotele","8":"first","9":"instock","10":"taxable","11":"shipping-taxable","12":"purchasable","13":"product-type-simple"},"_links":{"self":[{"href":"https:\/\/chilimag.hu\/webshop\/wp-json\/wp\/v2\/product\/32565","targetHints":{"allow":["GET"]}}],"collection":[{"href":"https:\/\/chilimag.hu\/webshop\/wp-json\/wp\/v2\/product"}],"about":[{"href":"https:\/\/chilimag.hu\/webshop\/wp-json\/wp\/v2\/types\/product"}],"replies":[{"embeddable":true,"href":"https:\/\/chilimag.hu\/webshop\/wp-json\/wp\/v2\/comments?post=32565"}],"wp:featuredmedia":[{"embeddable":true,"href":"https:\/\/chilimag.hu\/webshop\/wp-json\/wp\/v2\/media\/32566"}],"wp:attachment":[{"href":"https:\/\/chilimag.hu\/webshop\/wp-json\/wp\/v2\/media?parent=32565"}],"wp:term":[{"taxonomy":"product_brand","embeddable":true,"href":"https:\/\/chilimag.hu\/webshop\/wp-json\/wp\/v2\/product_brand?post=32565"},{"taxonomy":"product_cat","embeddable":true,"href":"https:\/\/chilimag.hu\/webshop\/wp-json\/wp\/v2\/product_cat?post=32565"},{"taxonomy":"product_tag","embeddable":true,"href":"https:\/\/chilimag.hu\/webshop\/wp-json\/wp\/v2\/product_tag?post=32565"}],"curies":[{"name":"wp","href":"https:\/\/api.w.org\/{rel}","templated":true}]}}