{"id":32562,"date":"2024-07-04T19:16:00","date_gmt":"2024-07-04T19:16:00","guid":{"rendered":"https:\/\/chilimag.hu\/webshop\/?post_type=product&#038;p=32562"},"modified":"2026-02-15T17:32:35","modified_gmt":"2026-02-15T17:32:35","slug":"lobelia-regatta-midnght-blue-z-s-sl","status":"publish","type":"product","link":"https:\/\/chilimag.hu\/webshop\/termek\/lobelia-regatta-midnght-blue-z-s-sl\/","title":{"rendered":"L\u00f3b\u00e9lia Regatta MIDNGHT BLUE Z.S SL"},"content":{"rendered":"","protected":false},"excerpt":{"rendered":"<p><img decoding=\"async\" class=\"logo\" src=\"https:\/\/b2b.seklos.lt\/themes\/warehouse\/img\/logo_en.png\" alt=\"Agrofirma S\u0117klos, UAB\" \/><\/p>\n<p>Lobelia | Regatta Midnight Blue<br \/>\nEgyny\u00e1ri lefut\u00f3 vir\u00e1gok. A vir\u00e1gok kicsik, f\u00e9nyesek. Erk\u00e9lyt\u00e1lc\u00e1khoz, vir\u00e1gkosarakhoz j\u00f3. A cs\u00edr\u00e1z\u00e1s ut\u00e1n 2 h\u00f3nappal kezdje el vir\u00e1gozni, \u00e9s hosszabb ideig b\u0151s\u00e9gesen vir\u00e1gzik.<br \/>\nA magvak bevonatosak \u2013 (egy szemben 4-5 mag), szerves \u00e9s \u00e1sv\u00e1nyi m\u0171tr\u00e1gy\u00e1k j\u00f3l tapad\u00f3 kever\u00e9k\u00e9vel bevonva. Amikor a vir\u00e1gok cs\u00edr\u00e1znak, ne takarjuk be \u0151ket aljzattal, csak enyh\u00e9n nyomjuk bele a talaj felsz\u00edn\u00e9be. Tartsa a talaj felsz\u00edn\u00e9t folyamatosan nedvesen, hogy cs\u00edr\u00e1zzon.<\/p>\n<p>Hermetikus csomagol\u00e1s Igen<br \/>\nMagok sz\u00e1ma a csomagban, db. 40<br \/>\nVir\u00e1gz\u00e1si id\u0151szak II-III<br \/>\nN\u00f6v\u00e9ny magass\u00e1ga, cm 30 cm<br \/>\nTermeszt\u00e9si hely Erk\u00e9ly<br \/>\nM\u00e1rka \u017dalia stotel\u0117<br \/>\nAlkalmas vir\u00e1g\u00e1gy\u00e1sok, erk\u00e9lyek, Apline kertek termeszt\u00e9s\u00e9re<\/p>\n","protected":false},"featured_media":32563,"comment_status":"closed","ping_status":"closed","template":"","meta":[],"product_brand":[],"product_cat":[363],"product_tag":[],"class_list":{"0":"post-32562","1":"product","2":"type-product","3":"status-publish","4":"has-post-thumbnail","6":"product_cat-virag-vetomagok-zalia-stotele","8":"first","9":"instock","10":"taxable","11":"shipping-taxable","12":"purchasable","13":"product-type-simple"},"_links":{"self":[{"href":"https:\/\/chilimag.hu\/webshop\/wp-json\/wp\/v2\/product\/32562","targetHints":{"allow":["GET"]}}],"collection":[{"href":"https:\/\/chilimag.hu\/webshop\/wp-json\/wp\/v2\/product"}],"about":[{"href":"https:\/\/chilimag.hu\/webshop\/wp-json\/wp\/v2\/types\/product"}],"replies":[{"embeddable":true,"href":"https:\/\/chilimag.hu\/webshop\/wp-json\/wp\/v2\/comments?post=32562"}],"wp:featuredmedia":[{"embeddable":true,"href":"https:\/\/chilimag.hu\/webshop\/wp-json\/wp\/v2\/media\/32563"}],"wp:attachment":[{"href":"https:\/\/chilimag.hu\/webshop\/wp-json\/wp\/v2\/media?parent=32562"}],"wp:term":[{"taxonomy":"product_brand","embeddable":true,"href":"https:\/\/chilimag.hu\/webshop\/wp-json\/wp\/v2\/product_brand?post=32562"},{"taxonomy":"product_cat","embeddable":true,"href":"https:\/\/chilimag.hu\/webshop\/wp-json\/wp\/v2\/product_cat?post=32562"},{"taxonomy":"product_tag","embeddable":true,"href":"https:\/\/chilimag.hu\/webshop\/wp-json\/wp\/v2\/product_tag?post=32562"}],"curies":[{"name":"wp","href":"https:\/\/api.w.org\/{rel}","templated":true}]}}