{"id":32560,"date":"2024-07-04T19:05:00","date_gmt":"2024-07-04T19:05:00","guid":{"rendered":"https:\/\/chilimag.hu\/webshop\/?post_type=product&#038;p=32560"},"modified":"2025-08-31T17:53:45","modified_gmt":"2025-08-31T17:53:45","slug":"lobelia-regattalilac-z-s-sl","status":"publish","type":"product","link":"https:\/\/chilimag.hu\/webshop\/termek\/lobelia-regattalilac-z-s-sl\/","title":{"rendered":"Lob\u00e9lia Regatta Lilac Z.S SL"},"content":{"rendered":"","protected":false},"excerpt":{"rendered":"<p><img decoding=\"async\" class=\"active-logo\" src=\"https:\/\/b2b.seklos.lt\/themes\/warehouse\/img\/logo_en.png\" alt=\"Agrofirma S\u0117klos, UAB\" width=\"280\" height=\"95\" \/><\/p>\n<p>Egyny\u00e1ri lefut\u00f3 vir\u00e1gok. A vir\u00e1gok kicsik, f\u00e9nyesek. Erk\u00e9lyt\u00e1lc\u00e1khoz, vir\u00e1gkosarakhoz j\u00f3. A cs\u00edr\u00e1z\u00e1s ut\u00e1n 2 h\u00f3nappal kezdje el vir\u00e1gozni, \u00e9s hosszabb ideig b\u0151s\u00e9gesen vir\u00e1gzik.<br \/>\nA magvak bevonatosak \u2013 (egy szemben 4-5 mag), szerves \u00e9s \u00e1sv\u00e1nyi m\u0171tr\u00e1gy\u00e1k j\u00f3l tapad\u00f3 kever\u00e9k\u00e9vel bevonva. Amikor a vir\u00e1gok cs\u00edr\u00e1znak, ne takarjuk be \u0151ket aljzattal, csak enyh\u00e9n nyomjuk bele a talaj felsz\u00edn\u00e9be. Tartsa a talaj felsz\u00edn\u00e9t folyamatosan nedvesen, hogy cs\u00edr\u00e1zzon.<\/p>\n<p>Hermetikus csomagol\u00e1s Igen<br \/>\nMagok sz\u00e1ma a csomagban, db. 40<br \/>\nMagok sz\u00e1ma a csomagban, db. 40<br \/>\nT\u00e1vols\u00e1gok, cm VI\u2013IX, 30 cm<br \/>\n\u00dcltet\u00e9si t\u00e1vols\u00e1gok VI\u2013IX, 30 cm<br \/>\nM\u00e1rka \u017dalia stotel\u0117<br \/>\n\u00c1t\u00fcltet\u00e9s 10 x 15 cm<br \/>\nNapos hely Igen<br \/>\nF\u00e9l\u00e1rny\u00e9k Igen<br \/>\nProfesszion\u00e1lis haszn\u00e1latra alkalmas Igen<br \/>\nSz\u00edn Lila<br \/>\nVeget\u00e1ci\u00f3 Egyny\u00e1ri<br \/>\nAlkalmas Apline kertek, vir\u00e1g\u00e1gy\u00e1sok, erk\u00e9lyek termeszt\u00e9s\u00e9re<br \/>\n\u00c9ghajlat R\u00e9szleges \u00e1rny\u00e9k, napos<\/p>\n","protected":false},"featured_media":32561,"comment_status":"closed","ping_status":"closed","template":"","meta":[],"product_brand":[],"product_cat":[363],"product_tag":[],"class_list":{"0":"post-32560","1":"product","2":"type-product","3":"status-publish","4":"has-post-thumbnail","6":"product_cat-virag-vetomagok-zalia-stotele","8":"first","9":"instock","10":"taxable","11":"shipping-taxable","12":"purchasable","13":"product-type-simple"},"_links":{"self":[{"href":"https:\/\/chilimag.hu\/webshop\/wp-json\/wp\/v2\/product\/32560","targetHints":{"allow":["GET"]}}],"collection":[{"href":"https:\/\/chilimag.hu\/webshop\/wp-json\/wp\/v2\/product"}],"about":[{"href":"https:\/\/chilimag.hu\/webshop\/wp-json\/wp\/v2\/types\/product"}],"replies":[{"embeddable":true,"href":"https:\/\/chilimag.hu\/webshop\/wp-json\/wp\/v2\/comments?post=32560"}],"wp:featuredmedia":[{"embeddable":true,"href":"https:\/\/chilimag.hu\/webshop\/wp-json\/wp\/v2\/media\/32561"}],"wp:attachment":[{"href":"https:\/\/chilimag.hu\/webshop\/wp-json\/wp\/v2\/media?parent=32560"}],"wp:term":[{"taxonomy":"product_brand","embeddable":true,"href":"https:\/\/chilimag.hu\/webshop\/wp-json\/wp\/v2\/product_brand?post=32560"},{"taxonomy":"product_cat","embeddable":true,"href":"https:\/\/chilimag.hu\/webshop\/wp-json\/wp\/v2\/product_cat?post=32560"},{"taxonomy":"product_tag","embeddable":true,"href":"https:\/\/chilimag.hu\/webshop\/wp-json\/wp\/v2\/product_tag?post=32560"}],"curies":[{"name":"wp","href":"https:\/\/api.w.org\/{rel}","templated":true}]}}