{"id":32553,"date":"2024-07-04T18:21:11","date_gmt":"2024-07-04T18:21:11","guid":{"rendered":"https:\/\/chilimag.hu\/webshop\/?post_type=product&#038;p=32553"},"modified":"2025-08-31T17:43:21","modified_gmt":"2025-08-31T17:43:21","slug":"kerti-hajnalka-milky-way-z-s-sl","status":"publish","type":"product","link":"https:\/\/chilimag.hu\/webshop\/termek\/kerti-hajnalka-milky-way-z-s-sl\/","title":{"rendered":"Kerti Hajnalka Milky Way Z.S SL"},"content":{"rendered":"","protected":false},"excerpt":{"rendered":"<p><img decoding=\"async\" class=\"logo\" src=\"https:\/\/b2b.seklos.lt\/themes\/warehouse\/img\/logo_en.png\" alt=\"Agrofirma S\u0117klos, UAB\" \/><\/p>\n<p>Egyny\u00e1ri, 300 cm magas, gyorsan n\u00f6vekv\u0151 hegym\u00e1sz\u00f3k. Szinte minden nap ny\u00edlik egy-egy \u00faj vir\u00e1g. Erk\u00e9lyeken \u00e9s teraszokon termesztik. J\u00f3l n\u00f6vekszik megfelel\u0151 al\u00e1t\u00e1masztott dobozokban \u00e9s cser\u00e9pben. F\u00fcgg\u0151 kosarakban n\u0151hetnek. Term\u00e9keny talajban, v\u00e9dett helyen termeszthet\u0151. A n\u00f6v\u00e9ny m\u00e9rgez\u0151 \u2013 a sz\u00f6vetek m\u00e9rgez\u0151 anyagot tartalmaznak.<\/p>\n<p>D \u00e1rcsoport<br \/>\nMennyis\u00e9g kiszerel\u00e9sben 0,5g<br \/>\nVet\u00e9sid\u0151 a talajban V, 1 cm<br \/>\nA pal\u00e1nt\u00e1k vet\u00e9si ideje IV, 1 cm<br \/>\nT\u00e1vols\u00e1gok, cm V-VI, 40&#215;40 cm<br \/>\nVir\u00e1gz\u00e1si id\u0151szak V-VI<br \/>\nN\u00f6v\u00e9nymagass\u00e1g 300 cm<br \/>\nTerm\u0151f\u00f6ld<br \/>\nM\u00e1rka \u017dalia stotel\u0117<br \/>\nNapos hely Igen<br \/>\nFeh\u00e9r sz\u00edn<br \/>\nVeget\u00e1ci\u00f3 Egyny\u00e1ri<br \/>\nVir\u00e1g\u00e1gy\u00e1sok termeszt\u00e9s\u00e9re alkalmas<br \/>\nNapos \u00e9ghajlat<\/p>\n","protected":false},"featured_media":32554,"comment_status":"closed","ping_status":"closed","template":"","meta":[],"product_brand":[],"product_cat":[363],"product_tag":[],"class_list":{"0":"post-32553","1":"product","2":"type-product","3":"status-publish","4":"has-post-thumbnail","6":"product_cat-virag-vetomagok-zalia-stotele","8":"first","9":"instock","10":"taxable","11":"shipping-taxable","12":"purchasable","13":"product-type-simple"},"_links":{"self":[{"href":"https:\/\/chilimag.hu\/webshop\/wp-json\/wp\/v2\/product\/32553","targetHints":{"allow":["GET"]}}],"collection":[{"href":"https:\/\/chilimag.hu\/webshop\/wp-json\/wp\/v2\/product"}],"about":[{"href":"https:\/\/chilimag.hu\/webshop\/wp-json\/wp\/v2\/types\/product"}],"replies":[{"embeddable":true,"href":"https:\/\/chilimag.hu\/webshop\/wp-json\/wp\/v2\/comments?post=32553"}],"wp:featuredmedia":[{"embeddable":true,"href":"https:\/\/chilimag.hu\/webshop\/wp-json\/wp\/v2\/media\/32554"}],"wp:attachment":[{"href":"https:\/\/chilimag.hu\/webshop\/wp-json\/wp\/v2\/media?parent=32553"}],"wp:term":[{"taxonomy":"product_brand","embeddable":true,"href":"https:\/\/chilimag.hu\/webshop\/wp-json\/wp\/v2\/product_brand?post=32553"},{"taxonomy":"product_cat","embeddable":true,"href":"https:\/\/chilimag.hu\/webshop\/wp-json\/wp\/v2\/product_cat?post=32553"},{"taxonomy":"product_tag","embeddable":true,"href":"https:\/\/chilimag.hu\/webshop\/wp-json\/wp\/v2\/product_tag?post=32553"}],"curies":[{"name":"wp","href":"https:\/\/api.w.org\/{rel}","templated":true}]}}