{"id":32547,"date":"2024-07-04T18:02:19","date_gmt":"2024-07-04T18:02:19","guid":{"rendered":"https:\/\/chilimag.hu\/webshop\/?post_type=product&#038;p=32547"},"modified":"2026-03-09T10:26:45","modified_gmt":"2026-03-09T10:26:45","slug":"rezvirag-thumbelina-agr-sl","status":"publish","type":"product","link":"https:\/\/chilimag.hu\/webshop\/termek\/rezvirag-thumbelina-agr-sl\/","title":{"rendered":"R\u00e9zvir\u00e1g Thumbelina AGR SL"},"content":{"rendered":"","protected":false},"excerpt":{"rendered":"<p><img decoding=\"async\" class=\"logo\" src=\"https:\/\/b2b.seklos.lt\/themes\/warehouse\/img\/logo_en.png\" alt=\"Agrofirma S\u0117klos, UAB\" \/><\/p>\n<p>Egyny\u00e1ri vir\u00e1gok. Vir\u00e1goskertbe \u00fcltetve csokrokba v\u00e1ghat\u00f3. A vir\u00e1gok \u00e1tm\u00e9r\u0151je 6-9 cm. K\u00f6nny\u0171 talajon j\u00f3l fejl\u0151dik \u00e9s vir\u00e1gzik. Fagy\u00e9rz\u00e9keny. \u00d6nt\u00f6z\u00e9s nem sz\u00fcks\u00e9ges, de az \u00f6nt\u00f6z\u00f6tt vir\u00e1gok nagyobbra n\u0151nek.<\/p>\n<p>Mennyis\u00e9g egy csomagban 0,5 g<br \/>\nVet\u00e9sid\u0151 a talajban IV, 1 cm<br \/>\nAGRONOM m\u00e1rka<\/p>\n","protected":false},"featured_media":32548,"comment_status":"closed","ping_status":"closed","template":"","meta":[],"product_brand":[],"product_cat":[405],"product_tag":[],"class_list":{"0":"post-32547","1":"product","2":"type-product","3":"status-publish","4":"has-post-thumbnail","6":"product_cat-virag-vetomagok-agronom","8":"first","9":"instock","10":"taxable","11":"shipping-taxable","12":"purchasable","13":"product-type-simple"},"_links":{"self":[{"href":"https:\/\/chilimag.hu\/webshop\/wp-json\/wp\/v2\/product\/32547","targetHints":{"allow":["GET"]}}],"collection":[{"href":"https:\/\/chilimag.hu\/webshop\/wp-json\/wp\/v2\/product"}],"about":[{"href":"https:\/\/chilimag.hu\/webshop\/wp-json\/wp\/v2\/types\/product"}],"replies":[{"embeddable":true,"href":"https:\/\/chilimag.hu\/webshop\/wp-json\/wp\/v2\/comments?post=32547"}],"wp:featuredmedia":[{"embeddable":true,"href":"https:\/\/chilimag.hu\/webshop\/wp-json\/wp\/v2\/media\/32548"}],"wp:attachment":[{"href":"https:\/\/chilimag.hu\/webshop\/wp-json\/wp\/v2\/media?parent=32547"}],"wp:term":[{"taxonomy":"product_brand","embeddable":true,"href":"https:\/\/chilimag.hu\/webshop\/wp-json\/wp\/v2\/product_brand?post=32547"},{"taxonomy":"product_cat","embeddable":true,"href":"https:\/\/chilimag.hu\/webshop\/wp-json\/wp\/v2\/product_cat?post=32547"},{"taxonomy":"product_tag","embeddable":true,"href":"https:\/\/chilimag.hu\/webshop\/wp-json\/wp\/v2\/product_tag?post=32547"}],"curies":[{"name":"wp","href":"https:\/\/api.w.org\/{rel}","templated":true}]}}