{"id":32535,"date":"2024-07-03T19:29:34","date_gmt":"2024-07-03T19:29:34","guid":{"rendered":"https:\/\/chilimag.hu\/webshop\/?post_type=product&#038;p=32535"},"modified":"2024-07-03T19:30:24","modified_gmt":"2024-07-03T19:30:24","slug":"kekkila-virag-fold-10l-sl","status":"publish","type":"product","link":"https:\/\/chilimag.hu\/webshop\/termek\/kekkila-virag-fold-10l-sl\/","title":{"rendered":"KEKKILA Vir\u00e1g f\u00f6ld 10L SL"},"content":{"rendered":"","protected":false},"excerpt":{"rendered":"<p>TALAJ VIR\u00c1GOKHOZ A Kekkil\u00e4 Flower Soil egy s\u00f6t\u00e9t, s\u0171r\u0171 szerkezet\u0171, univerz\u00e1lis talaj, amely minden belt\u00e9ri vir\u00e1gos \u00e9s lombozat\u00fa n\u00f6v\u00e9ny sz\u00e1m\u00e1ra alkalmas. A vir\u00e1gtalaj kiv\u00e1l\u00f3 min\u0151s\u00e9g\u0171 alapanyagokb\u00f3l k\u00e9sz\u00fcl, ide\u00e1lis t\u00e1panyagar\u00e1nyt, l\u00e9g\u00e1tereszt\u0151 \u00e9s robusztus szerkezetet biztos\u00edtva. A f\u00f6ldbe \u00fcltetett n\u00f6v\u00e9nyek gondoz\u00e1sa egyszer\u0171, mivel \u00f6nt\u00f6z\u00e9skor a v\u00edz gyorsan felsz\u00edv\u00f3dik a talajba.<br \/>\nKEKKILA m\u00e1rka<br \/>\nC\u00e9l Szoban\u00f6v\u00e9nyekhez<br \/>\nKiszerel\u00e9s 10l<\/p>\n","protected":false},"featured_media":32536,"comment_status":"closed","ping_status":"closed","template":"","meta":[],"product_brand":[],"product_cat":[371],"product_tag":[],"class_list":{"0":"post-32535","1":"product","2":"type-product","3":"status-publish","4":"has-post-thumbnail","6":"product_cat-seklos-lt-tozegek","8":"first","9":"instock","10":"taxable","11":"shipping-taxable","12":"purchasable","13":"product-type-simple"},"_links":{"self":[{"href":"https:\/\/chilimag.hu\/webshop\/wp-json\/wp\/v2\/product\/32535","targetHints":{"allow":["GET"]}}],"collection":[{"href":"https:\/\/chilimag.hu\/webshop\/wp-json\/wp\/v2\/product"}],"about":[{"href":"https:\/\/chilimag.hu\/webshop\/wp-json\/wp\/v2\/types\/product"}],"replies":[{"embeddable":true,"href":"https:\/\/chilimag.hu\/webshop\/wp-json\/wp\/v2\/comments?post=32535"}],"wp:featuredmedia":[{"embeddable":true,"href":"https:\/\/chilimag.hu\/webshop\/wp-json\/wp\/v2\/media\/32536"}],"wp:attachment":[{"href":"https:\/\/chilimag.hu\/webshop\/wp-json\/wp\/v2\/media?parent=32535"}],"wp:term":[{"taxonomy":"product_brand","embeddable":true,"href":"https:\/\/chilimag.hu\/webshop\/wp-json\/wp\/v2\/product_brand?post=32535"},{"taxonomy":"product_cat","embeddable":true,"href":"https:\/\/chilimag.hu\/webshop\/wp-json\/wp\/v2\/product_cat?post=32535"},{"taxonomy":"product_tag","embeddable":true,"href":"https:\/\/chilimag.hu\/webshop\/wp-json\/wp\/v2\/product_tag?post=32535"}],"curies":[{"name":"wp","href":"https:\/\/api.w.org\/{rel}","templated":true}]}}