{"id":32531,"date":"2024-07-03T19:19:09","date_gmt":"2024-07-03T19:19:09","guid":{"rendered":"https:\/\/chilimag.hu\/webshop\/?post_type=product&#038;p=32531"},"modified":"2026-03-30T13:15:59","modified_gmt":"2026-03-30T13:15:59","slug":"kekkila-fenyo-es-rododendron-talaj-sl","status":"publish","type":"product","link":"https:\/\/chilimag.hu\/webshop\/termek\/kekkila-fenyo-es-rododendron-talaj-sl\/","title":{"rendered":"KEKKILA Feny\u0151 \u00e9s rododendron t\u0151zeg 40L SL"},"content":{"rendered":"","protected":false},"excerpt":{"rendered":"<p>LUC-RODODENDRON TALAJ A t\u0171level\u0171ek \u00e9s rododendronok talaja speci\u00e1lis talaj a savany\u00fa talajt kedvel\u0151 n\u00f6v\u00e9nyek sz\u00e1m\u00e1ra. A t\u0171level\u0171 f\u00e1k \u00e9s cserj\u00e9k, rododendronok, az\u00e1le\u00e1k, vaccinium \u00e9s hortenzia ig\u00e9nyeinek kiel\u00e9g\u00edt\u00e9s\u00e9re a s\u00f6t\u00e9t t\u0151zeg szubsztr\u00e1tum kiegyens\u00falyozott mennyis\u00e9g\u0171 m\u0171tr\u00e1gy\u00e1t \u00e9s meszet tartalmaz a j\u00f3 n\u00f6v\u00e9nyn\u00f6veked\u00e9s \u00e9rdek\u00e9ben.<\/p>\n<p style=\"font-weight: 400;\">T\u0151zeg feny\u0151f\u00e9l\u00e9knek \u00e9s rododendronoknak sz\u00e1m\u00e1ra speci\u00e1lis talaj van a savkedvel\u0151 n\u00f6v\u00e9nyek sz\u00e1m\u00e1ra. A s\u00f6t\u00e9t t\u0151zegtermeszt\u0151 aljzatot a t\u0171level\u0171ek \u00e9s cserj\u00e9k, rododendronok, az\u00e1le\u00e1k, hortenzi\u00e1k ig\u00e9nyei szerint tr\u00e1gy\u00e1zzuk.<\/p>\n<p style=\"font-weight: 400;\">Haszn\u00e1lat: Koron\u00e1s \u00e9s t\u0171level\u0171ekhez (talajm\u00e9lys\u00e9g-30 cm) n\u00f6v\u00e9nyenk\u00e9nt 1-2 zs\u00e1k, Bokrok \u00e9s t\u0171level\u0171ekhez (talajm\u00e9lys\u00e9g 40-50 cm) n\u00f6v\u00e9nyenk\u00e9nt 2-4 zs\u00e1k, t\u0171level\u0171 f\u00e1khoz 3-6 zs\u00e1k, talajtakar\u00f3 n\u00f6v\u00e9nyek (talajm\u00e9lys\u00e9g-20 cm) 3-5 zs\u00e1k \/1 m2.<\/p>\n<p style=\"font-weight: 400;\">Felhaszn\u00e1l\u00f3 \u00fatmutat\u00f3:<\/p>\n<p style=\"font-weight: 400;\">T\u0171level\u0171 f\u00e1k \u00e9s cserj\u00e9k \u00fcltet\u00e9se: Kb 40-80 cm m\u00e9ly, a gy\u00f6k\u00e9rn\u00e9l valamivel sz\u00e9lesebb g\u00f6dr\u00f6t \u00e1s a talajba. Tegyen a lyukba 1-6 zs\u00e1k Kekkila t\u0171level\u0171 \u00e9s rododendron talajt, \u00e9s keverje \u00f6ssze ugyanannyi kitermelt talajjal. Az \u00faj \u00e9s a r\u00e9gi talaj gazdag, durva szemcs\u00e9j\u0171 kever\u00e9ke biztos\u00edtja a n\u00f6v\u00e9ny j\u00f3 gy\u00f6keresed\u00e9s\u00e9t \u00e9s kiv\u00e1l\u00f3 termeszt\u0151k\u00f6zeget. A pal\u00e1nta gy\u00f6kerei szabadon illeszkedjenek a lyukba, nem szabad megnyomni. Az \u00fcltetett n\u00f6v\u00e9ny gy\u00f6k\u00e9rnyak\u00e1nak egy s\u00edkban kell lennie a talaj felsz\u00edn\u00e9vel. Ha sz\u00fcks\u00e9ges, adjon hozz\u00e1 vagy vonjon ki talajt. Adjon hozz\u00e1 elegend\u0151 f\u00f6ldet a gy\u00f6k\u00e9rgoly\u00f3 k\u00f6r\u00fcl, hogy a n\u00f6v\u00e9ny f\u00fcgg\u0151legesen maradjon. A pal\u00e1nta k\u00f6r\u00fcli talajt j\u00f3l meg kell laz\u00edtani.<\/p>\n<p style=\"font-weight: 400;\">\u00d6nt\u00f6z\u00e9s \u00e9s tr\u00e1gy\u00e1z\u00e1s: Rendszeresen \u00f6nt\u00f6zz\u00fck a n\u00f6v\u00e9nyeket. Minden alkalommal \u00f6nt\u00f6zni kell, hogy a n\u00f6v\u00e9ny teljes gy\u00f6k\u00e9rz\u00f3n\u00e1ja nedves legyen. Haszn\u00e1ljon Kekkila v\u00edzben old\u00f3d\u00f3 m\u0171tr\u00e1gy\u00e1t t\u0171level\u0171ek \u00e9s rododendronok sz\u00e1m\u00e1ra a ny\u00e1ri fenntart\u00f3 m\u0171tr\u00e1gy\u00e1z\u00e1shoz. Ny\u00e1r v\u00e9g\u00e9n a Kekkila \u0151szi m\u0171tr\u00e1gy\u00e1t tr\u00e1gy\u00e1z\u00e1s\u00e1t javasoljuk a savas talajt kedvel\u0151 n\u00f6v\u00e9nyek sz\u00e1m\u00e1ra. Az \u0151sszel \u00fcltetett n\u00f6v\u00e9nyeket csak a k\u00f6vetkez\u0151 tavasszal lehet tr\u00e1gy\u00e1zni.<\/p>\n<p style=\"font-weight: 400;\">Nyersanyag: 1 kg\/m3 Mg-d\u00fas m\u00e9szk\u0151liszt, 0,9 kg\/m3 Kekkila Start Grow m\u0171tr\u00e1gya (15-5-24+ nyomelemek) humusz kever\u00e9k k\u00f6zepes t\u0151zegfrakci\u00f3.<\/p>\n<p style=\"font-weight: 400;\">Vezet\u0151k\u00e9pess\u00e9g (SFS 1+5) 30mS\/m pH (1+5) 5,0. Nitrog\u00e9n (N) v\u00edzben old\u00f3dik 135 mg\/L Foszfor(P) 45mg\/L, (K) 60%, szerves anyag 80%.<\/p>\n<p>KEKKILA m\u00e1rka<br \/>\nC\u00e9l D\u00edszn\u00f6v\u00e9nyekhez<br \/>\nKiszerel\u00e9s 40l<\/p>\n","protected":false},"featured_media":32532,"comment_status":"closed","ping_status":"closed","template":"","meta":[],"product_brand":[],"product_cat":[371],"product_tag":[],"class_list":{"0":"post-32531","1":"product","2":"type-product","3":"status-publish","4":"has-post-thumbnail","6":"product_cat-seklos-lt-tozegek","8":"first","9":"instock","10":"taxable","11":"shipping-taxable","12":"purchasable","13":"product-type-simple"},"_links":{"self":[{"href":"https:\/\/chilimag.hu\/webshop\/wp-json\/wp\/v2\/product\/32531","targetHints":{"allow":["GET"]}}],"collection":[{"href":"https:\/\/chilimag.hu\/webshop\/wp-json\/wp\/v2\/product"}],"about":[{"href":"https:\/\/chilimag.hu\/webshop\/wp-json\/wp\/v2\/types\/product"}],"replies":[{"embeddable":true,"href":"https:\/\/chilimag.hu\/webshop\/wp-json\/wp\/v2\/comments?post=32531"}],"wp:featuredmedia":[{"embeddable":true,"href":"https:\/\/chilimag.hu\/webshop\/wp-json\/wp\/v2\/media\/32532"}],"wp:attachment":[{"href":"https:\/\/chilimag.hu\/webshop\/wp-json\/wp\/v2\/media?parent=32531"}],"wp:term":[{"taxonomy":"product_brand","embeddable":true,"href":"https:\/\/chilimag.hu\/webshop\/wp-json\/wp\/v2\/product_brand?post=32531"},{"taxonomy":"product_cat","embeddable":true,"href":"https:\/\/chilimag.hu\/webshop\/wp-json\/wp\/v2\/product_cat?post=32531"},{"taxonomy":"product_tag","embeddable":true,"href":"https:\/\/chilimag.hu\/webshop\/wp-json\/wp\/v2\/product_tag?post=32531"}],"curies":[{"name":"wp","href":"https:\/\/api.w.org\/{rel}","templated":true}]}}