{"id":32528,"date":"2024-07-03T19:11:04","date_gmt":"2024-07-03T19:11:04","guid":{"rendered":"https:\/\/chilimag.hu\/webshop\/?post_type=product&#038;p=32528"},"modified":"2026-03-12T08:47:59","modified_gmt":"2026-03-12T08:47:59","slug":"kerti-talaj-kekkila-40l-sl","status":"publish","type":"product","link":"https:\/\/chilimag.hu\/webshop\/termek\/kerti-talaj-kekkila-40l-sl\/","title":{"rendered":"KEKKILA Univerz\u00e1lis kerti talaj 40L SL"},"content":{"rendered":"","protected":false},"excerpt":{"rendered":"<p>KERTI TALAJ A Kekkil\u00e4 kerti talaj kiv\u00e1l\u00f3 min\u0151s\u00e9g\u0171, haszn\u00e1latra k\u00e9sz \u00e9s minden n\u00f6v\u00e9ny sz\u00e1m\u00e1ra alkalmas. A kerti talaj kiv\u00e1l\u00f3 min\u0151s\u00e9g\u0171 t\u0151zegb\u0151l, v\u00e1lyogb\u00f3l \u00e9s finom homokb\u00f3l k\u00e9sz\u00fcl. M\u0171tr\u00e1gy\u00e1val \u00e9s m\u00e9sszel d\u00fas\u00edtott, termeszt\u0151k\u00f6zegk\u00e9nt haszn\u00e1lhat\u00f3.<\/p>\n<p style=\"font-weight: 400;\">Felhaszn\u00e1l\u00e1s: Fa \u00e9s cserje \u00fcltet\u00e9s, gyep karbantart\u00e1sa \u00e9s telep\u00edt\u00e9se, talajjav\u00edt\u00e1s, kertek, \u00fcvegh\u00e1zak \u00e9s vir\u00e1goskertek.<\/p>\n<p style=\"font-weight: 400;\">\n<p style=\"font-weight: 400;\">Haszn\u00e1lat\u00a0\u00a0\u00a0\u00a0\u00a0\u00a0\u00a0\u00a0\u00a0\u00a0\u00a0\u00a0\u00a0\u00a0\u00a0\u00a0\u00a0\u00a0\u00a0\u00a0\u00a0\u00a0\u00a0\u00a0\u00a0\u00a0\u00a0\u00a0\u00a0\u00a0\u00a0\u00a0\u00a0\u00a0\u00a0\u00a0\u00a0\u00a0\u00a0\u00a0\u00a0\u00a0\u00a0 Hozam<\/p>\n<p style=\"font-weight: 400;\">Fa\u00fcltet\u00e9s\u00a0\u00a0\u00a0\u00a0\u00a0\u00a0\u00a0\u00a0\u00a0\u00a0\u00a0\u00a0\u00a0\u00a0\u00a0\u00a0\u00a0\u00a0\u00a0\u00a0\u00a0\u00a0\u00a0\u00a0\u00a0\u00a0\u00a0\u00a0\u00a0\u00a0\u00a0\u00a0\u00a0\u00a0\u00a0\u00a0\u00a0\u00a0\u00a0\u00a0\u00a0\u00a0\u00a0 4 zs\u00e1k\/fa<\/p>\n<p style=\"font-weight: 400;\">Bokrok \u00fcltet\u00e9se\u00a0\u00a0\u00a0\u00a0\u00a0\u00a0\u00a0\u00a0\u00a0\u00a0\u00a0\u00a0\u00a0\u00a0\u00a0\u00a0\u00a0\u00a0\u00a0\u00a0\u00a0\u00a0\u00a0\u00a0\u00a0\u00a0\u00a0\u00a0\u00a0\u00a0\u00a0 \u00a01 zs\u00e1k\/bokor<\/p>\n<p style=\"font-weight: 400;\">P\u00e1zsit telep\u00edt\u00e9se\u00a0\u00a0\u00a0\u00a0\u00a0\u00a0\u00a0\u00a0\u00a0\u00a0\u00a0\u00a0\u00a0\u00a0\u00a0\u00a0\u00a0\u00a0\u00a0\u00a0\u00a0\u00a0\u00a0\u00a0\u00a0\u00a0\u00a0\u00a0\u00a0\u00a0\u00a0\u00a0 4-6 zs\u00e1k\/m2<\/p>\n<p style=\"font-weight: 400;\">Talajjav\u00edt\u00e1s\u00a0\u00a0\u00a0\u00a0\u00a0\u00a0\u00a0\u00a0\u00a0\u00a0\u00a0\u00a0\u00a0\u00a0\u00a0\u00a0\u00a0\u00a0\u00a0\u00a0\u00a0\u00a0\u00a0\u00a0\u00a0\u00a0\u00a0\u00a0\u00a0\u00a0\u00a0\u00a0\u00a0\u00a0\u00a0\u00a0\u00a0\u00a0\u00a0 1-2 zs\u00e1k\/m2<\/p>\n<p style=\"font-weight: 400;\">Felhaszn\u00e1l\u00f3i \u00fatmutat\u00f3: F\u00e1k \u00e9s cserj\u00e9k \u00fcltet\u00e9se A gy\u00f6k\u00e9rrendszert\u0151l f\u00fcgg\u0151en 40-80 cm m\u00e9ly \u00e9s kiss\u00e9 szelesebb lyukat \u00e1sunk. \u00d6nts\u00f6n 1-5 zs\u00e1k Kekkila kerti f\u00f6ldet a lyukba, \u00e9s keverje \u00f6ssze az \u00fcltet\u00e9si hely talaj\u00e1val. Helyezze a pal\u00e1nt\u00e1t a lyukba, \u00e9s ellen\u0151rizze a helyzet\u00e9t. AS pal\u00e1nta akkor van megfelel\u0151 m\u00e9lys\u00e9gben, ha a gy\u00f6k\u00e9rcs\u00facs kiss\u00e9 a talaj felett van. Adjon hozz\u00e1 t\u00f6bb talajt, ha sz\u00fcks\u00e9ges, vagy \u00e1ssa ki a felesleges talajt. Vegye ki a pal\u00e1nt\u00e1t az ed\u00e9nyb\u0151l, \u00e9s helyezze a lyukba, \u00f3vatosan bontsa ki a meg csavarod\u00f3t gy\u00f6kereket, \u00e9s t\u00f6ltse fel a talaj kever\u00e9ket a gy\u00f6k\u00e9r k\u00f6r\u00fcl, hogy a pal\u00e1nta f\u00fcgg\u0151legesen maradjon. Haszn\u00e1lja a l\u00e1b\u00e1t, hogy t\u00f6m\u00f6r\u00edtse a gy\u00f6k\u00e9r oldalain. Eleinte rendszeresen \u00f6nt\u00f6zz\u00fck a pal\u00e1nt\u00e1t. \u00d6nt\u00f6zze b\u0151s\u00e9gesen, hogy megnedves\u00edtse a talajt, ahol a gy\u00f6kerek el\u00e9rik. Amikor a pal\u00e1nt\u00e1k n\u00f6vekedni kezdenek, tr\u00e1gy\u00e1zzuk meg \u0151ket Kekkila m\u0171tr\u00e1gy\u00e1val a kertben.<\/p>\n<p style=\"font-weight: 400;\">\n<p style=\"font-weight: 400;\">Gyep be\u00e9p\u00edt\u00e9se: T\u00f6rje fel a r\u00e9gi gyep fel\u0171let\u00e9t, \u00e9s fedje le egyenletesen Kekkila kerti talajjal. A talajkever\u00e9ket kultiv\u00e1torral vagy lap\u00e1ttal keverje \u00f6ssze a talajjal. Haszn\u00e1ljon gerebly\u00e9t a talaj egyenget\u00e9s\u00e9re \u00e9s t\u00f6m\u00f6r\u00edt\u00e9s\u00e9re, amennyire csak lehets\u00e9ges, hogy j\u00e1rhat\u00f3 legyen. Sz\u00f3rjunk meg a magokat, \u00e9s egy gerebly\u00e9vel \u00f3vatosan keverj\u00fck bele a talajr\u00e9teg felsz\u00edn\u00e9be. Ne hagyja, hogy a p\u00e1zsit kisz\u00e1radjon, amikor a magok ki cs\u00edr\u00e1znak, \u00e9s a ny\u00e1ri melegben. \u00d6nt\u00f6zze s\u0171r\u0171bben.<\/p>\n<p>KEKKILA m\u00e1rka<br \/>\nUniverz\u00e1lis rendeltet\u00e9s\u0171, z\u00f6lds\u00e9gekhez, szoban\u00f6v\u00e9nyekhez<br \/>\nKiszerel\u00e9s 40l<\/p>\n","protected":false},"featured_media":32529,"comment_status":"closed","ping_status":"closed","template":"","meta":[],"product_brand":[],"product_cat":[371],"product_tag":[],"class_list":{"0":"post-32528","1":"product","2":"type-product","3":"status-publish","4":"has-post-thumbnail","6":"product_cat-seklos-lt-tozegek","8":"first","9":"instock","10":"taxable","11":"shipping-taxable","12":"purchasable","13":"product-type-simple"},"_links":{"self":[{"href":"https:\/\/chilimag.hu\/webshop\/wp-json\/wp\/v2\/product\/32528","targetHints":{"allow":["GET"]}}],"collection":[{"href":"https:\/\/chilimag.hu\/webshop\/wp-json\/wp\/v2\/product"}],"about":[{"href":"https:\/\/chilimag.hu\/webshop\/wp-json\/wp\/v2\/types\/product"}],"replies":[{"embeddable":true,"href":"https:\/\/chilimag.hu\/webshop\/wp-json\/wp\/v2\/comments?post=32528"}],"wp:featuredmedia":[{"embeddable":true,"href":"https:\/\/chilimag.hu\/webshop\/wp-json\/wp\/v2\/media\/32529"}],"wp:attachment":[{"href":"https:\/\/chilimag.hu\/webshop\/wp-json\/wp\/v2\/media?parent=32528"}],"wp:term":[{"taxonomy":"product_brand","embeddable":true,"href":"https:\/\/chilimag.hu\/webshop\/wp-json\/wp\/v2\/product_brand?post=32528"},{"taxonomy":"product_cat","embeddable":true,"href":"https:\/\/chilimag.hu\/webshop\/wp-json\/wp\/v2\/product_cat?post=32528"},{"taxonomy":"product_tag","embeddable":true,"href":"https:\/\/chilimag.hu\/webshop\/wp-json\/wp\/v2\/product_tag?post=32528"}],"curies":[{"name":"wp","href":"https:\/\/api.w.org\/{rel}","templated":true}]}}