{"id":32523,"date":"2024-07-03T18:38:25","date_gmt":"2024-07-03T18:38:25","guid":{"rendered":"https:\/\/chilimag.hu\/webshop\/?post_type=product&#038;p=32523"},"modified":"2024-07-03T18:38:26","modified_gmt":"2024-07-03T18:38:26","slug":"hangya-irto-por-100g-sl","status":"publish","type":"product","link":"https:\/\/chilimag.hu\/webshop\/termek\/hangya-irto-por-100g-sl\/","title":{"rendered":"Hangya irt\u00f3 por 100g SL"},"content":{"rendered":"","protected":false},"excerpt":{"rendered":"<p>Rep\u00fcl\u0151 \u00e9s m\u00e1sz\u00f3 rovarok elpuszt\u00edt\u00e1s\u00e1ra lak\u00f3-, kommun\u00e1lis-, mez\u0151gazdas\u00e1gi, \u00e1llattart\u00f3 \u00e9p\u00fcletekben, hullad\u00e9kt\u00e1rol\u00f3kban \u00e9s -lerak\u00f3 helyeken \u00e9s k\u00f6rny\u00e9k\u00e9n.<br \/>\nBiztons\u00e1gosan haszn\u00e1lja a biocid term\u00e9keket. Haszn\u00e1lat el\u0151tt mindig olvassa el a c\u00edmk\u00e9t \u00e9s a term\u00e9kinform\u00e1ci\u00f3kat!<br \/>\nHaszn\u00e1lata: hangy\u00e1k \u00e9s m\u00e1s m\u00e1sz\u00f3 rovarok elpuszt\u00edt\u00e1s\u00e1ra a port 1:2 ar\u00e1nyban v\u00edzben oldjuk, az oldatot ecsettel vigy\u00fck fel a rovarok koncentr\u00e1l\u00f3d\u00e1si hely\u00e9re \u00e9s\/vagy egy h\u00f3nap eltelt\u00e9vel vigy\u00fck fel \u00fajra a nyomukra.<br \/>\nA rovarok bejut\u00e1s\u00e1nak megakad\u00e1lyoz\u00e1sa \u00e9rdek\u00e9ben a port 1:10 ar\u00e1nyban oldja fel v\u00edzben, permetezze az oldatot az \u00e9p\u00fclet k\u00fcls\u0151 r\u00e9szeire (alapok, ajt\u00f3keretek, ablakkeretek stb.), vagy sz\u00f3rjon egy kis mennyis\u00e9get az \u00e9p\u00fclet k\u00f6r\u00e9. \u00e9p\u00fcletek a hangy\u00e1k \u00f6sv\u00e9ny\u00e9n.<br \/>\nNem lak\u00e1sc\u00e9l\u00fa helyis\u00e9gekben, vagy ha sok rovar van, tegyen 10-20 g port a pap\u00edrlapokra, \u00e9s helyezze belt\u00e9rben olyan helyre, ahol rovarok gy\u00fclekeznek.<br \/>\nHaszn\u00e1lja foly\u00e9kony csalik\u00e9nt a hangy\u00e1k elpuszt\u00edt\u00e1s\u00e1ra: oldja fel a port meleg v\u00edzben 1:3 ar\u00e1nyban, \u00e9s \u00f6ntse a kapott oldatot egy alacsony, lapos ed\u00e9nybe, ahov\u00e1 a hangy\u00e1k k\u00f6nnyen bejuthatnak. Helyezze a csalit a hangya\u00f6sv\u00e9nyekre. V\u00e9dje a csalitart\u00f3kat a h\u00e1zi\u00e1llatokt\u00f3l \u00e9s m\u00e1s ellen\u0151rizhetetlen rovarokt\u00f3l.<br \/>\nKiszerel\u00e9s: 100 g.<br \/>\nMennyis\u00e9g egy csomagban 100 g<\/p>\n","protected":false},"featured_media":32524,"comment_status":"closed","ping_status":"closed","template":"","meta":[],"product_brand":[],"product_cat":[391],"product_tag":[],"class_list":{"0":"post-32523","1":"product","2":"type-product","3":"status-publish","4":"has-post-thumbnail","6":"product_cat-egyeb-tapoldatok","8":"first","9":"instock","10":"taxable","11":"shipping-taxable","12":"purchasable","13":"product-type-simple"},"_links":{"self":[{"href":"https:\/\/chilimag.hu\/webshop\/wp-json\/wp\/v2\/product\/32523","targetHints":{"allow":["GET"]}}],"collection":[{"href":"https:\/\/chilimag.hu\/webshop\/wp-json\/wp\/v2\/product"}],"about":[{"href":"https:\/\/chilimag.hu\/webshop\/wp-json\/wp\/v2\/types\/product"}],"replies":[{"embeddable":true,"href":"https:\/\/chilimag.hu\/webshop\/wp-json\/wp\/v2\/comments?post=32523"}],"wp:featuredmedia":[{"embeddable":true,"href":"https:\/\/chilimag.hu\/webshop\/wp-json\/wp\/v2\/media\/32524"}],"wp:attachment":[{"href":"https:\/\/chilimag.hu\/webshop\/wp-json\/wp\/v2\/media?parent=32523"}],"wp:term":[{"taxonomy":"product_brand","embeddable":true,"href":"https:\/\/chilimag.hu\/webshop\/wp-json\/wp\/v2\/product_brand?post=32523"},{"taxonomy":"product_cat","embeddable":true,"href":"https:\/\/chilimag.hu\/webshop\/wp-json\/wp\/v2\/product_cat?post=32523"},{"taxonomy":"product_tag","embeddable":true,"href":"https:\/\/chilimag.hu\/webshop\/wp-json\/wp\/v2\/product_tag?post=32523"}],"curies":[{"name":"wp","href":"https:\/\/api.w.org\/{rel}","templated":true}]}}