{"id":3249,"date":"2016-11-21T14:39:57","date_gmt":"2016-11-21T14:39:57","guid":{"rendered":"https:\/\/chilimag.hu\/webshop\/?post_type=product&#038;p=3249"},"modified":"2026-01-28T23:57:24","modified_gmt":"2026-01-28T23:57:24","slug":"praire-fire","status":"publish","type":"product","link":"https:\/\/chilimag.hu\/webshop\/termek\/praire-fire\/","title":{"rendered":"Praire Fire"},"content":{"rendered":"","protected":false},"excerpt":{"rendered":"<div><img decoding=\"async\" src=\"https:\/\/chilimag.hu\/webshop\/wp-content\/uploads\/2014\/11\/chilimag-logo-2-150x150.jpg\" \/><\/div>\n<div><\/div>\n<div>Le\u00edr\u00e1s<\/div>\n<div>Capsicum annum.Ez a chili paprika ehet\u0151 d\u00edszpaprika, gy\u00f6ny\u00f6r\u0171, bokros habitussal. A kis piros h\u00fcvelyeknek azonban van valami k\u00fcl\u00f6nleges\u00fck: ak\u00e1r 70 000 Scoville-egys\u00e9gnyi f\u0171szeress\u00e9get is el\u00e9rnek, \u00e9s ez\u00e9rt megfelelnek nev\u00fcknek.<\/p>\n<p>Jellemz\u0151k<\/p>\n<p>A n\u00f6v\u00e9nyek t\u00f6k\u00e9letesek belt\u00e9ri termeszt\u00e9sre, de rendk\u00edv\u00fcl j\u00f3 alakot v\u00e1gnak az \u00e1gy\u00e1sban. Csak k\u00f6r\u00fclbel\u00fcl 30 cm-t \u00e9rnek el, de kis, hossz\u00fak\u00e1s h\u00fcvelyek sokas\u00e1g\u00e1t alkotj\u00e1k, amelyek z\u00f6ldt\u0151l s\u00e1rg\u00e1n \u00e1t pirosig \u00e9rnek. Ez gy\u00f6ny\u00f6r\u0171 sz\u00ednj\u00e1t\u00e9kot ad a n\u00f6veked\u00e9si szakaszban is, amikor t\u00f6bb k\u00fcl\u00f6nb\u00f6z\u0151 \u00e9r\u00e9si st\u00e1dium\u00fa chili l\u00f3g a n\u00f6v\u00e9nyen.<\/p>\n<\/div>\n<div>\n<p>Gondoz\u00e1sa:A cs\u00edr\u00e1z\u00e1si h\u0151m\u00e9rs\u00e9klet 24\u00b0C \u00e9s 30\u00b0C k\u00f6z\u00f6tt van (cs\u00edr\u00e1z\u00e1si id\u0151: 10-26 nap); ez\u00e9rt \u00fcvegh\u00e1z \u00e9s f\u0171t\u0151sz\u0151nyeg haszn\u00e1lata javasolt. A n\u00f6v\u00e9nyeknek friss, j\u00f3l tr\u00e1gy\u00e1zott, v\u00edz\u00e1tereszt\u0151 talajra van sz\u00fcks\u00e9g\u00fck, nem t\u0171rik a bevizesed\u00e9st. Napos, v\u00e9dett helyre kell \u00fcltetni, ahol legal\u00e1bb 6 \u00f3ra napf\u00e9ny \u2013 lehet\u0151leg t\u00f6bb. Mivel a n\u00f6v\u00e9nyeknek k\u00fcl\u00f6n\u00f6sen hossz\u00fa az \u00e9r\u00e9si ideje, \u00e9rdemes cser\u00e9pben termeszteni \u0151ket, \u00edgy a napk\u00f6zbeni h\u0151m\u00e9rs\u00e9klet 12\u00b0C al\u00e1 s\u00fcllyed\u00e9sekor k\u00f6nnyen be lehet vinni a n\u00f6v\u00e9nyt, \u00edgy minden gy\u00fcm\u00f6lcs be\u00e9rik. Ahhoz, hogy a n\u00f6v\u00e9nyt t\u00e9len is meg\u0151rizze, betakar\u00edt\u00e1s ut\u00e1n v\u00e1gja vissza 20 cm-rel, \u00e9s tegye vil\u00e1gos helyre, ahol legal\u00e1bb 15\u00b0C h\u0151m\u00e9rs\u00e9klet\u0171.<\/p>\n<\/div>\n<p>A csomag 10 szem magot tartalmaz<\/p>\n","protected":false},"featured_media":3233,"comment_status":"closed","ping_status":"closed","template":"","meta":[],"product_brand":[],"product_cat":[8],"product_tag":[],"class_list":{"0":"post-3249","1":"product","2":"type-product","3":"status-publish","4":"has-post-thumbnail","6":"product_cat-paprika","8":"first","9":"outofstock","10":"taxable","11":"shipping-taxable","12":"purchasable","13":"product-type-simple"},"_links":{"self":[{"href":"https:\/\/chilimag.hu\/webshop\/wp-json\/wp\/v2\/product\/3249","targetHints":{"allow":["GET"]}}],"collection":[{"href":"https:\/\/chilimag.hu\/webshop\/wp-json\/wp\/v2\/product"}],"about":[{"href":"https:\/\/chilimag.hu\/webshop\/wp-json\/wp\/v2\/types\/product"}],"replies":[{"embeddable":true,"href":"https:\/\/chilimag.hu\/webshop\/wp-json\/wp\/v2\/comments?post=3249"}],"wp:featuredmedia":[{"embeddable":true,"href":"https:\/\/chilimag.hu\/webshop\/wp-json\/wp\/v2\/media\/3233"}],"wp:attachment":[{"href":"https:\/\/chilimag.hu\/webshop\/wp-json\/wp\/v2\/media?parent=3249"}],"wp:term":[{"taxonomy":"product_brand","embeddable":true,"href":"https:\/\/chilimag.hu\/webshop\/wp-json\/wp\/v2\/product_brand?post=3249"},{"taxonomy":"product_cat","embeddable":true,"href":"https:\/\/chilimag.hu\/webshop\/wp-json\/wp\/v2\/product_cat?post=3249"},{"taxonomy":"product_tag","embeddable":true,"href":"https:\/\/chilimag.hu\/webshop\/wp-json\/wp\/v2\/product_tag?post=3249"}],"curies":[{"name":"wp","href":"https:\/\/api.w.org\/{rel}","templated":true}]}}