{"id":3243,"date":"2016-11-21T14:33:47","date_gmt":"2016-11-21T14:33:47","guid":{"rendered":"https:\/\/chilimag.hu\/webshop\/?post_type=product&#038;p=3243"},"modified":"2026-03-11T16:34:24","modified_gmt":"2026-03-11T16:34:24","slug":"aji-cristal","status":"publish","type":"product","link":"https:\/\/chilimag.hu\/webshop\/termek\/aji-cristal\/","title":{"rendered":"Aji Cristal"},"content":{"rendered":"","protected":false},"excerpt":{"rendered":"<div>\n<p><img decoding=\"async\" src=\"https:\/\/chilimag.hu\/webshop\/wp-content\/uploads\/2014\/11\/chilimag-logo-2-150x150.jpg\" \/><\/p>\n<p>Le\u00edr\u00e1s<\/p>\n<p>Az aji cristal chili Chil\u00e9b\u0151l sz\u00e1rmazik. Meglehet\u0151sen nagy \u00e9s egy\u00e9rtelm\u0171en el\u00e1gaz\u00f3, hossz\u00fa level\u0171 n\u00f6v\u00e9nyeket nevel. Sz\u00e1mos megny\u00falt, l\u00e9d\u00fas h\u00fas\u00fa v\u00f6r\u00f6s chilipaprik\u00e1t fejleszt, amelyek ak\u00e1r 8 cm hossz\u00fara \u00e9s 2,5 cm sz\u00e9lesre is megn\u0151hetnek. Kellemes gy\u00fcm\u00f6lcs\u00f6s-\u00e9des \u00edz\u0171ek, enyh\u00e9n savany\u00fa jegyekkel, a Capsicum baccatum fajt\u00e1ra jellemz\u0151en. Az Aji cristal chili kiv\u00e1l\u00f3an alkalmas fokhagym\u00e1s olajos p\u00e1col\u00e1sra vagy grillez\u00e9sre, k\u00fcl\u00f6n\u00f6sen akkor, ha m\u00e9g s\u00e1rg\u00e1s-z\u00f6ld f\u00e1zisban van, mivel ekkor kell az \u00edz\u00e9nek a leger\u0151sebbnek lennie. Ugyanakkor p\u00e1ratlan \u00edzt adnak a friss sals\u00e1knak vagy a p\u00e1rol\u00f3 sz\u00f3szoknak is.<\/p>\n<p>Gondoz\u00e1s: A cs\u00edr\u00e1z\u00e1si h\u0151m\u00e9rs\u00e9klet 22\u00b0C \u00e9s 28\u00b0C k\u00f6z\u00f6tt van (cs\u00edr\u00e1z\u00e1si id\u0151: 8-20 nap); ez\u00e9rt \u00fcvegh\u00e1z \u00e9s f\u0171t\u0151sz\u0151nyeg haszn\u00e1lata javasolt. A n\u00f6v\u00e9nyeknek friss, j\u00f3l tr\u00e1gy\u00e1zott v\u00edz\u00e1tereszt\u0151 talajra van sz\u00fcks\u00e9g\u00fck, \u00e9s nem szabad \u00e1ll\u00f3v\u00edzben hagyni. Napos, v\u00e9dett helyre kell helyezni, ahol legal\u00e1bb napi 6 \u00f3ra napf\u00e9ny \u00e9ri, ha nem t\u00f6bb. A n\u00f6v\u00e9nyek kiv\u00e1l\u00f3an alkalmasak k\u00fclt\u00e9ri termeszt\u00e9sre; \u00fcgyelni kell arra, hogy az egyes n\u00f6v\u00e9nyek k\u00f6z\u00f6tt legal\u00e1bb 45-60 cm t\u00e1vols\u00e1g legyen. Ha \u00fagy d\u00f6nt, hogy a n\u00f6v\u00e9nyt cser\u00e9pben nevelj\u00fck, a betakar\u00edt\u00e1s ut\u00e1n v\u00e1gjuk vissza 20 cm-rel, \u00e9s tegy\u00fck vil\u00e1gos helyre, ahol legal\u00e1bb 15 \u00b0C h\u0151m\u00e9rs\u00e9klet\u0171, hogy \u00e1tteleljen.<\/p>\n<p>T\u00edpus Capsicum baccatum<br \/>\nF\u0171szerszint 7<br \/>\nScoville 15 000 \u2013 30 000 SHU<br \/>\nOptim\u00e1lis cs\u00edr\u00e1z\u00e1si h\u0151m\u00e9rs\u00e9klet 22 &#8211; 28 \u00b0C<br \/>\nVet\u00e9s febru\u00e1r-\u00e1pr<br \/>\nFeh\u00e9r vir\u00e1gok (m\u00e1jus-augusztus)<br \/>\nN\u00f6veked\u00e9si szok\u00e1sa Bokros, egy\u00e9rtelm\u0171en el\u00e1gaz\u00f3, 80-120 cm magas<br \/>\n\u00c9rlel\u00e9s S\u00e1rg\u00e1sz\u00f6ldt\u0151l narancss\u00e1rg\u00e1ig, majd v\u00f6r\u00f6sig<br \/>\nGy\u00fcm\u00f6lcs megjelen\u00e9se Hossz\u00fak\u00e1s, hegyes alak\u00fa, kb. 2 x 8 cm<br \/>\n\u00c9rlel\u00e9si id\u0151 70-80 nap<br \/>\nSz\u00e1rmaz\u00e1si hely Chile<\/p>\n<\/div>\n<div>A csomag 10 szem magot tartalmaz<\/div>\n","protected":false},"featured_media":3234,"comment_status":"closed","ping_status":"closed","template":"","meta":[],"product_brand":[],"product_cat":[8],"product_tag":[],"class_list":{"0":"post-3243","1":"product","2":"type-product","3":"status-publish","4":"has-post-thumbnail","6":"product_cat-paprika","8":"first","9":"instock","10":"taxable","11":"shipping-taxable","12":"purchasable","13":"product-type-simple"},"_links":{"self":[{"href":"https:\/\/chilimag.hu\/webshop\/wp-json\/wp\/v2\/product\/3243","targetHints":{"allow":["GET"]}}],"collection":[{"href":"https:\/\/chilimag.hu\/webshop\/wp-json\/wp\/v2\/product"}],"about":[{"href":"https:\/\/chilimag.hu\/webshop\/wp-json\/wp\/v2\/types\/product"}],"replies":[{"embeddable":true,"href":"https:\/\/chilimag.hu\/webshop\/wp-json\/wp\/v2\/comments?post=3243"}],"wp:featuredmedia":[{"embeddable":true,"href":"https:\/\/chilimag.hu\/webshop\/wp-json\/wp\/v2\/media\/3234"}],"wp:attachment":[{"href":"https:\/\/chilimag.hu\/webshop\/wp-json\/wp\/v2\/media?parent=3243"}],"wp:term":[{"taxonomy":"product_brand","embeddable":true,"href":"https:\/\/chilimag.hu\/webshop\/wp-json\/wp\/v2\/product_brand?post=3243"},{"taxonomy":"product_cat","embeddable":true,"href":"https:\/\/chilimag.hu\/webshop\/wp-json\/wp\/v2\/product_cat?post=3243"},{"taxonomy":"product_tag","embeddable":true,"href":"https:\/\/chilimag.hu\/webshop\/wp-json\/wp\/v2\/product_tag?post=3243"}],"curies":[{"name":"wp","href":"https:\/\/api.w.org\/{rel}","templated":true}]}}