{"id":3230,"date":"2016-11-21T14:32:00","date_gmt":"2016-11-21T14:32:00","guid":{"rendered":"https:\/\/chilimag.hu\/webshop\/?post_type=product&#038;p=3230"},"modified":"2025-08-11T09:07:44","modified_gmt":"2025-08-11T09:07:44","slug":"not-pink-tiger","status":"publish","type":"product","link":"https:\/\/chilimag.hu\/webshop\/termek\/not-pink-tiger\/","title":{"rendered":"Not Pink Tiger"},"content":{"rendered":"","protected":false},"excerpt":{"rendered":"<div><img decoding=\"async\" src=\"https:\/\/chilimag.hu\/webshop\/wp-content\/uploads\/2014\/11\/chilimag-logo-2-150x150.jpg\" \/><\/div>\n<div><\/div>\n<div><\/div>\n<div>Le\u00edr\u00e1s<\/div>\n<div>capsicum chinense<\/div>\n<div>Nagyon \u00e9rdekes fajta, el\u0151sz\u00f6r lila, mint r\u00f3zsasz\u00edn\/barack h\u00fcvelyekkel. A n\u00f6v\u00e9nyeknek fekete sz\u00e1ruk \u00e9s s\u00f6t\u00e9t levelei vannak.Eredetileg Olaszorsz\u00e1gb\u00f3l sz\u00e1rmazik.Ennek a chilinek a h\u0151foka nagyon forr\u00f3. Ez a chili a bhut jolokia (Ghost chili) \u00e9s a Pimenta da Neyde keresztez\u00e9se.<\/p>\n<p>Scoville:200 000 &#8211; 350 000 SHU<\/p>\n<\/div>\n<div>Gondoz\u00e1sa:A cs\u00edr\u00e1z\u00e1si h\u0151m\u00e9rs\u00e9klet 24 \u00e9s 30\u00b0C k\u00f6z\u00f6tt van (12-21 napos cs\u00edr\u00e1z\u00e1si id\u0151szak), ez\u00e9rt \u00fcvegh\u00e1z \u00e9s f\u0171t\u0151sz\u0151nyeg haszn\u00e1lata javasolt. A n\u00f6v\u00e9nyeknek friss, j\u00f3l tr\u00e1gy\u00e1zott, v\u00edz\u00e1tereszt\u0151 talajra van sz\u00fcks\u00e9g\u00fck, nem t\u0171rik a bevizesed\u00e9st. Napos, v\u00e9dett helyre \u00fcltess\u00fck, ahol legal\u00e1bb 6 \u00f3ra \u2013 lehet\u0151leg t\u00f6bb \u2013 napf\u00e9ny \u00e9ri. Mivel a n\u00f6v\u00e9nyeknek meglehet\u0151sen hossz\u00fa az \u00e9r\u00e9si ideje, \u00e9rdemes cser\u00e9pben nevelni \u0151ket, hogy amikor a nap folyam\u00e1n 12\u00b0C al\u00e1 s\u00fcllyed a h\u0151m\u00e9rs\u00e9klet, be tudjuk vinni a n\u00f6v\u00e9nyeket, hogy minden gy\u00fcm\u00f6lcs be\u00e9rjen. Tedd ki a n\u00f6v\u00e9nyeket kb. 2-3 h\u00e9ttel az utols\u00f3 fagy ut\u00e1n.<\/div>\n<div><\/div>\n<div>A csomag 10 szem magot tartalmaz<\/div>\n","protected":false},"featured_media":3236,"comment_status":"closed","ping_status":"closed","template":"","meta":[],"product_brand":[],"product_cat":[8],"product_tag":[],"class_list":{"0":"post-3230","1":"product","2":"type-product","3":"status-publish","4":"has-post-thumbnail","6":"product_cat-paprika","8":"first","9":"instock","10":"taxable","11":"shipping-taxable","12":"purchasable","13":"product-type-simple"},"_links":{"self":[{"href":"https:\/\/chilimag.hu\/webshop\/wp-json\/wp\/v2\/product\/3230","targetHints":{"allow":["GET"]}}],"collection":[{"href":"https:\/\/chilimag.hu\/webshop\/wp-json\/wp\/v2\/product"}],"about":[{"href":"https:\/\/chilimag.hu\/webshop\/wp-json\/wp\/v2\/types\/product"}],"replies":[{"embeddable":true,"href":"https:\/\/chilimag.hu\/webshop\/wp-json\/wp\/v2\/comments?post=3230"}],"wp:featuredmedia":[{"embeddable":true,"href":"https:\/\/chilimag.hu\/webshop\/wp-json\/wp\/v2\/media\/3236"}],"wp:attachment":[{"href":"https:\/\/chilimag.hu\/webshop\/wp-json\/wp\/v2\/media?parent=3230"}],"wp:term":[{"taxonomy":"product_brand","embeddable":true,"href":"https:\/\/chilimag.hu\/webshop\/wp-json\/wp\/v2\/product_brand?post=3230"},{"taxonomy":"product_cat","embeddable":true,"href":"https:\/\/chilimag.hu\/webshop\/wp-json\/wp\/v2\/product_cat?post=3230"},{"taxonomy":"product_tag","embeddable":true,"href":"https:\/\/chilimag.hu\/webshop\/wp-json\/wp\/v2\/product_tag?post=3230"}],"curies":[{"name":"wp","href":"https:\/\/api.w.org\/{rel}","templated":true}]}}