{"id":32259,"date":"2024-06-21T08:17:57","date_gmt":"2024-06-21T08:17:57","guid":{"rendered":"https:\/\/chilimag.hu\/webshop\/?post_type=product&#038;p=32259"},"modified":"2024-06-21T08:22:04","modified_gmt":"2024-06-21T08:22:04","slug":"rozsdamentes-acel-jardaszegely-gyomlalo-korisfa-nyellel-31-cm-gt12","status":"publish","type":"product","link":"https:\/\/chilimag.hu\/webshop\/termek\/rozsdamentes-acel-jardaszegely-gyomlalo-korisfa-nyellel-31-cm-gt12\/","title":{"rendered":"Rozsdamentes ac\u00e9l j\u00e1rdaszeg\u00e9ly gyoml\u00e1l\u00f3, k\u0151risfa ny\u00e9llel, 31 cm (GT12)"},"content":{"rendered":"","protected":false},"excerpt":{"rendered":"<div class=\"read-more__content artdet__short-descripton-content\">Rozsdamentes ac\u00e9lb\u00f3l k\u00e9sz\u00fclt, k\u0151risfa ny\u00e9llel ell\u00e1tott gyoml\u00e1l\u00f3, amely kifejezetten a j\u00e1rdaszeg\u00e9lyeket seg\u00edt mentes\u00edteni a gyomt\u00f3l. Speci\u00e1lis kialak\u00edt\u00e1s\u00fa, hat\u00e9kony kerti eszk\u00f6z, amely nagyban seg\u00edti munk\u00e1nkat. A rajta tal\u00e1lhat\u00f3 b\u0151r akaszt\u00f3 seg\u00edts\u00e9g\u00e9vel k\u00f6nnyen feltehetj\u00fck a t\u00f6bbi szersz\u00e1m k\u00f6z\u00e9.<\/div>\n<div class=\"read-more__btn-wrap\"><\/div>\n","protected":false},"featured_media":32260,"comment_status":"closed","ping_status":"closed","template":"","meta":[],"product_brand":[],"product_cat":[394],"product_tag":[],"class_list":{"0":"post-32259","1":"product","2":"type-product","3":"status-publish","4":"has-post-thumbnail","6":"product_cat-kerti-szerszamok","8":"first","9":"instock","10":"taxable","11":"shipping-taxable","12":"purchasable","13":"product-type-simple"},"_links":{"self":[{"href":"https:\/\/chilimag.hu\/webshop\/wp-json\/wp\/v2\/product\/32259","targetHints":{"allow":["GET"]}}],"collection":[{"href":"https:\/\/chilimag.hu\/webshop\/wp-json\/wp\/v2\/product"}],"about":[{"href":"https:\/\/chilimag.hu\/webshop\/wp-json\/wp\/v2\/types\/product"}],"replies":[{"embeddable":true,"href":"https:\/\/chilimag.hu\/webshop\/wp-json\/wp\/v2\/comments?post=32259"}],"wp:featuredmedia":[{"embeddable":true,"href":"https:\/\/chilimag.hu\/webshop\/wp-json\/wp\/v2\/media\/32260"}],"wp:attachment":[{"href":"https:\/\/chilimag.hu\/webshop\/wp-json\/wp\/v2\/media?parent=32259"}],"wp:term":[{"taxonomy":"product_brand","embeddable":true,"href":"https:\/\/chilimag.hu\/webshop\/wp-json\/wp\/v2\/product_brand?post=32259"},{"taxonomy":"product_cat","embeddable":true,"href":"https:\/\/chilimag.hu\/webshop\/wp-json\/wp\/v2\/product_cat?post=32259"},{"taxonomy":"product_tag","embeddable":true,"href":"https:\/\/chilimag.hu\/webshop\/wp-json\/wp\/v2\/product_tag?post=32259"}],"curies":[{"name":"wp","href":"https:\/\/api.w.org\/{rel}","templated":true}]}}