{"id":32256,"date":"2024-06-21T08:09:41","date_gmt":"2024-06-21T08:09:41","guid":{"rendered":"https:\/\/chilimag.hu\/webshop\/?post_type=product&#038;p=32256"},"modified":"2026-01-01T14:33:24","modified_gmt":"2026-01-01T14:33:24","slug":"talajhomero-34-cm-gt230","status":"publish","type":"product","link":"https:\/\/chilimag.hu\/webshop\/termek\/talajhomero-34-cm-gt230\/","title":{"rendered":"Talajh\u0151m\u00e9r\u0151, 34 cm (GT230)"},"content":{"rendered":"","protected":false},"excerpt":{"rendered":"<p>Ez a talajh\u0151m\u00e9r\u0151 figyeli a talaj h\u0151m\u00e9rs\u00e9klet\u00e9t az eg\u00e9szs\u00e9ges vet\u00e9s, vir\u00e1gcserep \u00e9s \u00fcltet\u00e9s \u00e9rdek\u00e9ben. k\u00f6nnyen leolvashat\u00f3 seg\u00edti a biztons\u00e1gos h\u0151m\u00e9rs\u00e9klet\u0171 \u00fcltet\u00e9st celsius \u00e9s fahrenheit fokban is.<\/p>\n<p>Kert \u00e9s terasz, Meteorol\u00f3gia, H\u0151m\u00e9r\u0151k<br \/>\nA term\u00e9k m\u00e9retei cm-ben<br \/>\nHo 2,5 x M 2,5 x Ma 34,7<br \/>\nAnyag<br \/>\nVas, l\u00f3tuszfa, \u00fcveg.<\/p>\n","protected":false},"featured_media":32257,"comment_status":"closed","ping_status":"closed","template":"","meta":[],"product_brand":[],"product_cat":[467],"product_tag":[],"class_list":{"0":"post-32256","1":"product","2":"type-product","3":"status-publish","4":"has-post-thumbnail","6":"product_cat-locsolas-viz-es-talaj-vizsgalo-eszkozok","8":"first","9":"outofstock","10":"taxable","11":"shipping-taxable","12":"purchasable","13":"product-type-simple"},"_links":{"self":[{"href":"https:\/\/chilimag.hu\/webshop\/wp-json\/wp\/v2\/product\/32256","targetHints":{"allow":["GET"]}}],"collection":[{"href":"https:\/\/chilimag.hu\/webshop\/wp-json\/wp\/v2\/product"}],"about":[{"href":"https:\/\/chilimag.hu\/webshop\/wp-json\/wp\/v2\/types\/product"}],"replies":[{"embeddable":true,"href":"https:\/\/chilimag.hu\/webshop\/wp-json\/wp\/v2\/comments?post=32256"}],"wp:featuredmedia":[{"embeddable":true,"href":"https:\/\/chilimag.hu\/webshop\/wp-json\/wp\/v2\/media\/32257"}],"wp:attachment":[{"href":"https:\/\/chilimag.hu\/webshop\/wp-json\/wp\/v2\/media?parent=32256"}],"wp:term":[{"taxonomy":"product_brand","embeddable":true,"href":"https:\/\/chilimag.hu\/webshop\/wp-json\/wp\/v2\/product_brand?post=32256"},{"taxonomy":"product_cat","embeddable":true,"href":"https:\/\/chilimag.hu\/webshop\/wp-json\/wp\/v2\/product_cat?post=32256"},{"taxonomy":"product_tag","embeddable":true,"href":"https:\/\/chilimag.hu\/webshop\/wp-json\/wp\/v2\/product_tag?post=32256"}],"curies":[{"name":"wp","href":"https:\/\/api.w.org\/{rel}","templated":true}]}}