{"id":32251,"date":"2024-06-21T08:04:58","date_gmt":"2024-06-21T08:04:58","guid":{"rendered":"https:\/\/chilimag.hu\/webshop\/?post_type=product&#038;p=32251"},"modified":"2025-01-12T12:30:11","modified_gmt":"2025-01-12T12:30:11","slug":"nedvessegmero-26-cm-gt242","status":"publish","type":"product","link":"https:\/\/chilimag.hu\/webshop\/termek\/nedvessegmero-26-cm-gt242\/","title":{"rendered":"Nedvess\u00e9gm\u00e9r\u0151, 26 cm (GT242)"},"content":{"rendered":"","protected":false},"excerpt":{"rendered":"<p>Nedvess\u00e9gm\u00e9r\u0151 eszk\u00f6z a talaj nedvess\u00e9gtartalm\u00e1nak ellen\u0151rz\u00e9s\u00e9re. Hasznos kerti kieg\u00e9sz\u00edt\u0151, melynek seg\u00edts\u00e9g\u00e9vel meghat\u00e1rozhat\u00f3 a helyes vet\u00e9si, pal\u00e1nt\u00e1z\u00e1si id\u0151pont, elker\u00fclhet\u0151 a n\u00f6v\u00e9nyek t\u00fal\u00f6nt\u00f6z\u00e9se vagy kisz\u00e1rad\u00e1sa. Elem n\u00e9lk\u00fcl \u00fczemel, a hiteles adatok k\u00f6nnyen leolvashat\u00f3ak a sz\u00e1mlapr\u00f3l. M\u00e9r\u00e9shez egyszer\u0171en sz\u00fard a f\u00f6ldbe, \u00e9s k\u00f6vesd a mell\u00e9kelt haszn\u00e1lati \u00fatmutat\u00f3 utas\u00edt\u00e1sait: Haszn\u00e1lat ut\u00e1n t\u00f6r\u00f6ld tiszt\u00e1ra. Ennek a praktikus eszk\u00f6znek k\u00f6sz\u00f6nhet\u0151en kerted minden n\u00f6v\u00e9nye meg fogja h\u00e1l\u00e1lni gondoskod\u00e1sodat!<\/p>\n","protected":false},"featured_media":32252,"comment_status":"closed","ping_status":"closed","template":"","meta":[],"product_brand":[],"product_cat":[467],"product_tag":[],"class_list":{"0":"post-32251","1":"product","2":"type-product","3":"status-publish","4":"has-post-thumbnail","6":"product_cat-locsolas-viz-es-talaj-vizsgalo-eszkozok","8":"first","9":"instock","10":"taxable","11":"shipping-taxable","12":"purchasable","13":"product-type-simple"},"_links":{"self":[{"href":"https:\/\/chilimag.hu\/webshop\/wp-json\/wp\/v2\/product\/32251","targetHints":{"allow":["GET"]}}],"collection":[{"href":"https:\/\/chilimag.hu\/webshop\/wp-json\/wp\/v2\/product"}],"about":[{"href":"https:\/\/chilimag.hu\/webshop\/wp-json\/wp\/v2\/types\/product"}],"replies":[{"embeddable":true,"href":"https:\/\/chilimag.hu\/webshop\/wp-json\/wp\/v2\/comments?post=32251"}],"wp:featuredmedia":[{"embeddable":true,"href":"https:\/\/chilimag.hu\/webshop\/wp-json\/wp\/v2\/media\/32252"}],"wp:attachment":[{"href":"https:\/\/chilimag.hu\/webshop\/wp-json\/wp\/v2\/media?parent=32251"}],"wp:term":[{"taxonomy":"product_brand","embeddable":true,"href":"https:\/\/chilimag.hu\/webshop\/wp-json\/wp\/v2\/product_brand?post=32251"},{"taxonomy":"product_cat","embeddable":true,"href":"https:\/\/chilimag.hu\/webshop\/wp-json\/wp\/v2\/product_cat?post=32251"},{"taxonomy":"product_tag","embeddable":true,"href":"https:\/\/chilimag.hu\/webshop\/wp-json\/wp\/v2\/product_tag?post=32251"}],"curies":[{"name":"wp","href":"https:\/\/api.w.org\/{rel}","templated":true}]}}