{"id":31988,"date":"2024-05-31T05:47:33","date_gmt":"2024-05-31T05:47:33","guid":{"rendered":"https:\/\/chilimag.hu\/webshop\/?post_type=product&#038;p=31988"},"modified":"2026-03-27T18:38:21","modified_gmt":"2026-03-27T18:38:21","slug":"vermikulite-5l-sl","status":"publish","type":"product","link":"https:\/\/chilimag.hu\/webshop\/termek\/vermikulite-5l-sl\/","title":{"rendered":"Vermikulite 5L SL"},"content":{"rendered":"","protected":false},"excerpt":{"rendered":"<p><img decoding=\"async\" class=\"active-logo\" src=\"https:\/\/b2b.seklos.lt\/themes\/warehouse\/img\/logo_en.png\" alt=\"Agrofirma S\u0117klos, UAB\" width=\"280\" height=\"95\" \/><\/p>\n<p>C\u00e9l: Talajmin\u0151s\u00e9g jav\u00edt\u00e1s\u00e1ra haszn\u00e1lt talajjav\u00edt\u00f3. Bedolgozz\u00e1k a talajba vagy az aljzatba k\u00fclt\u00e9ri \u00e9s \u00fcvegh\u00e1zi z\u00f6lds\u00e9gek, vir\u00e1gok \u00e9s egy\u00e9b szoban\u00f6v\u00e9nyek, d\u00edszn\u00f6v\u00e9nyek, bogy\u00f3s bokrok \u00e9s gy\u00fcm\u00f6lcsf\u00e1k \u00fcltet\u00e9s\u00e9re. Alkalmas k\u00fcl\u00f6nf\u00e9le hidroponikus n\u00f6v\u00e9nyekhez.<br \/>\nA vermikulit megtartja a nedvess\u00e9get, v\u00e9d a betegs\u00e9gekt\u0151l, jav\u00edtja a leveg\u0151 kering\u00e9s\u00e9t a gy\u00f6k\u00e9rz\u00f3n\u00e1ban, \u00e9s r\u00f6gz\u00edti a t\u00e1panyagokat a n\u00f6v\u00e9nyek t\u00e1pl\u00e1l\u00e1s\u00e1hoz. A vermikulit legfontosabb jellemz\u0151je a nedvess\u00e9g visszatart\u00e1sa a talajban, \u00edgy alkalmas talajjav\u00edt\u00f3k\u00e9nt val\u00f3 haszn\u00e1latra. A vermikulit granul\u00e1tum ak\u00e1r 3-4-szer t\u00f6bb vizet k\u00e9pes felvenni, mint a saj\u00e1t t\u00f6mege. Az \u00e1tfog\u00f3 el\u0151ny\u00f6k \u00e9rdek\u00e9ben a vermikulit \u00e9s a perlit egy\u00fcttes haszn\u00e1lata javasolt (az aljzat vagy a talaj legfeljebb 30%-a): a vermikulit t\u00f6bb nedvess\u00e9get tart vissza, \u00e9s fokozatosan juttatja el a n\u00f6v\u00e9nyekhez, \u00edgy v\u00e9di \u0151ket a kisz\u00e1rad\u00e1st\u00f3l, m\u00edg a perlittel jav\u00edtott szubsztr\u00e1tum nem szor\u00edtja \u00f6ssze a n\u00f6v\u00e9ny gy\u00f6kereit, \u00edgy a leveg\u0151 k\u00f6nnyen keringhet hozz\u00e1juk.<br \/>\nFelhaszn\u00e1l\u00e1si javaslatok: vet\u0151mag vet\u00e9sekor, pal\u00e1nt\u00e1k, hagym\u00e1k, vagy fiatal n\u00f6v\u00e9nyek \u00fcltet\u00e9sekor 1:3 ar\u00e1nyban keverje \u00f6ssze a vermikulitot az aljzattal vagy a talajjal (1 r\u00e9sz vermikulit: 3 r\u00e9sz termeszt\u0151k\u00f6zeg). Talajban \u00e9s \u00fcvegh\u00e1zban termesztett k\u00fclt\u00e9ri n\u00f6v\u00e9nyekn\u00e9l 1:3 ar\u00e1nyban javasolt vermikulitot bedolgozni a talajba. Cserepes \u00e9s erk\u00e9lyes n\u00f6v\u00e9nyekn\u00e9l 1:3 ar\u00e1nyban keverje \u00f6ssze az aljzattal vagy a talajjal.<br \/>\nTeny\u00e9szt\u0151k\u00f6zeg: F.2.1.1.17 R\u00e9teges vermikulit<br \/>\nParam\u00e9terek: \u00f6sszes nitrog\u00e9n (N) 0,02%, P2O5 3,06%, K2O 3,06%, sz\u00e1razanyag 99,9%, foszfor (P) 0,20%, k\u00e1lium (K) 2,54%, kalcium (Ca) 2,08%, magn\u00e9zium (Mg) 8,78% , szerves sz\u00e9n (Corg) 0,28%, (pHKCl) 5,8-6, elektromos vezet\u0151k\u00e9pess\u00e9g (EC mS\/cm) 0,05, fizikai forma \u2013 laza, t\u00f6lt\u00e9si t\u00e9rfogat csomagol\u00e1skor 5 l, frakci\u00f3 1-10 mm, szervesanyag-tartalom 2,7%.<br \/>\nSzennyez\u0151d\u00e9sek: szil\u00e1rd term\u00e9szetes szennyez\u0151d\u00e9sek (k\u00f6vek, stb.) 5 mm \u00e1tm\u00e9r\u0151ig \u2013 nem tal\u00e1lhat\u00f3k, kem\u00e9ny term\u00e9szetellenes szennyez\u0151d\u00e9sek (m\u0171anyag, f\u00e9m stb.) 2 mm-n\u00e9l nagyobb \u00e1tm\u00e9r\u0151j\u0171ek \u2013 nem tal\u00e1lhat\u00f3k, gyommagvak \u2013 nem tal\u00e1lhat\u00f3, kadmium (Cd) &lt; 0,6 mg\/kg, hat vegy\u00e9rt\u00e9k\u0171 kr\u00f3m (Cr VI) &lt; 0,1 mg\/kg, higany (Hg) &lt; 0,2 mg\/kg, nikkel (Ni) &lt; 73,3 mg\/kg, \u00f3lom (Pb) &lt; 8,2 mg\/kg, arz\u00e9n (As) &lt; 12,2 mg\/kg, r\u00e9z (Cu) &lt; 150 mg\/kg, cink (Zn) &lt; 60,03 mg\/kg, Salmonella spp. \u2013 nem tal\u00e1lhat\u00f3, Escherichia coli \u00e9s Enterococcaceae t\u00edpus\u00fa bakt\u00e9riumok &lt; 1000\/g.<br \/>\n\u00d6sszet\u00e9tel: 100% vermikulit.<\/p>\n<p>BIOHUMUS &amp; SOIL m\u00e1rka<br \/>\nC\u00e9l Talaj kieg\u00e9sz\u00edt\u00e9s<br \/>\nKiszerel\u00e9s 5l<\/p>\n","protected":false},"featured_media":31989,"comment_status":"closed","ping_status":"closed","template":"","meta":[],"product_brand":[],"product_cat":[466],"product_tag":[],"class_list":{"0":"post-31988","1":"product","2":"type-product","3":"status-publish","4":"has-post-thumbnail","6":"product_cat-talaj-javitok-es-takarok","8":"first","9":"instock","10":"taxable","11":"shipping-taxable","12":"purchasable","13":"product-type-simple"},"_links":{"self":[{"href":"https:\/\/chilimag.hu\/webshop\/wp-json\/wp\/v2\/product\/31988","targetHints":{"allow":["GET"]}}],"collection":[{"href":"https:\/\/chilimag.hu\/webshop\/wp-json\/wp\/v2\/product"}],"about":[{"href":"https:\/\/chilimag.hu\/webshop\/wp-json\/wp\/v2\/types\/product"}],"replies":[{"embeddable":true,"href":"https:\/\/chilimag.hu\/webshop\/wp-json\/wp\/v2\/comments?post=31988"}],"wp:featuredmedia":[{"embeddable":true,"href":"https:\/\/chilimag.hu\/webshop\/wp-json\/wp\/v2\/media\/31989"}],"wp:attachment":[{"href":"https:\/\/chilimag.hu\/webshop\/wp-json\/wp\/v2\/media?parent=31988"}],"wp:term":[{"taxonomy":"product_brand","embeddable":true,"href":"https:\/\/chilimag.hu\/webshop\/wp-json\/wp\/v2\/product_brand?post=31988"},{"taxonomy":"product_cat","embeddable":true,"href":"https:\/\/chilimag.hu\/webshop\/wp-json\/wp\/v2\/product_cat?post=31988"},{"taxonomy":"product_tag","embeddable":true,"href":"https:\/\/chilimag.hu\/webshop\/wp-json\/wp\/v2\/product_tag?post=31988"}],"curies":[{"name":"wp","href":"https:\/\/api.w.org\/{rel}","templated":true}]}}