{"id":31986,"date":"2024-05-31T05:22:04","date_gmt":"2024-05-31T05:22:04","guid":{"rendered":"https:\/\/chilimag.hu\/webshop\/?post_type=product&#038;p=31986"},"modified":"2025-10-01T05:47:15","modified_gmt":"2025-10-01T05:47:15","slug":"univerzalis-szerves-komposzt-perlittel-12-l","status":"publish","type":"product","link":"https:\/\/chilimag.hu\/webshop\/termek\/univerzalis-szerves-komposzt-perlittel-12-l\/","title":{"rendered":"Univerz\u00e1lis szerves komposzt perlittel 12 L OW SL"},"content":{"rendered":"","protected":false},"excerpt":{"rendered":"<p><img decoding=\"async\" class=\"active-logo\" src=\"https:\/\/b2b.seklos.lt\/themes\/warehouse\/img\/logo_en.png\" alt=\"Agrofirma S\u0117klos, UAB\" width=\"280\" height=\"95\" \/><\/p>\n<p>C\u00e9l: perlittel \u00e9s m\u0171tr\u00e1gy\u00e1val kieg\u00e9sz\u00edtett t\u0151zeg \u00e9s n\u00f6v\u00e9nyi komposzt kever\u00e9ke, k\u00fcl\u00f6nf\u00e9le z\u00f6lds\u00e9g- \u00e9s vir\u00e1gmagok cs\u00edr\u00e1ztat\u00e1s\u00e1ra k\u00fcl\u00f6nf\u00e9le z\u00f6lds\u00e9gek \u00e9s vir\u00e1gok pal\u00e1nt\u00e1inak szapor\u00edt\u00e1s\u00e1ra \u00e9s termeszt\u00e9s\u00e9re, k\u00fclt\u00e9ri \u00e9s \u00fcvegh\u00e1zi z\u00f6lds\u00e9gek, vir\u00e1gok termeszt\u00e9s\u00e9re \u00e9s \u00e1t\u00fcltet\u00e9s\u00e9re. szoban\u00f6v\u00e9nyek, amelyek kieg\u00e9sz\u00edtik \u00e9s jav\u00edtj\u00e1k a kerti talajt talajtakar\u00e1shoz. A komposztban tal\u00e1lhat\u00f3 makro- \u00e9s mikroelemek (humin- \u00e9s aminosavak) k\u00f6nnyen felsz\u00edv\u00f3dnak, a pal\u00e1nt\u00e1k gyorsabban n\u0151nek \u00e9s telepednek meg, n\u00f6vekszik vitalit\u00e1suk, term\u00e9kenys\u00e9g\u00fck, a teny\u00e9szid\u0151szakban cs\u00f6kken a p\u00f3ttr\u00e1gy\u00e1z\u00e1si ig\u00e9ny. A komposztban tal\u00e1lhat\u00f3 perlit egy vulkanikus anyag, amely megk\u00f6ti a nedvess\u00e9get \u00e9s n\u00f6veli a l\u00e9g\u00e1tereszt\u0151 k\u00e9pess\u00e9get.<br \/>\nHaszn\u00e1lati javaslatok. A komposztot leveg\u0151ztetni \u00e9s nedves\u00edteni kell a z\u00f6lds\u00e9gek \u00e9s vir\u00e1gok vet\u00e9se, \u00fcltet\u00e9se el\u0151tt. Z\u00f6lds\u00e9g- \u00e9s vir\u00e1gmagok elvet\u00e9se: T\u00f6lts\u00fck be a komposztot az \u00f3vod\u00e1ba, \u00e9s egyengess\u00fck el, a magokat a vet\u0151magcsomagon javasolt m\u00f3don helyezz\u00fck el. Z\u00f6lds\u00e9g- \u00e9s vir\u00e1gpal\u00e1nt\u00e1k \u00e1t\u00fcltet\u00e9se cser\u00e9pbe, \u00fcvegh\u00e1zba vagy sz\u00e1nt\u00f3f\u00f6ldre: T\u00f6lts\u00fck meg a cserepet vagy lyukat komposzttal, \u00fcltess\u00fck el a pal\u00e1nt\u00e1t \u00e9s alaposan \u00f6nt\u00f6zz\u00fck meg. Szoban\u00f6v\u00e9nyek, z\u00f6lds\u00e9gek, vir\u00e1gok \u00fcltet\u00e9se vagy \u00e1t\u00fcltet\u00e9se: Tegy\u00fcnk 2-3 cm v\u00edzelvezet\u0151t a cser\u00e9p alj\u00e1ra, adjunk hozz\u00e1 komposztot, \u00fcltess\u00fck el a n\u00f6v\u00e9nyt \u00e9s alaposan \u00f6nt\u00f6zz\u00fck meg.<br \/>\nN\u00f6vekv\u0151 t\u00e1ptalaj<br \/>\nF.1.1.1.3 T\u0151zegterm\u00e9k szerves tr\u00e1gy\u00e1val<br \/>\nParam\u00e9terek: \u00f6sszes nitrog\u00e9n (N): 1,5%, P2O5: 0,5%, K2O: 0,66%, sz\u00e1razanyag: 76,9%, foszfor (P): 0,48%, k\u00e1lium (K): 0,55%, kalcium (Ca): 3,28% , magn\u00e9zium (Mg): 0,93%, szerves sz\u00e9n (Corg) 30,1%, (pHKCl) 6,3-6,6, elektromos vezet\u0151k\u00e9pess\u00e9g (EC mS\/cm) 0,86, fizikai forma \u2013 laza, t\u00e9rfogat a befecskendez\u00e9skor 12 liter, 1. frakci\u00f3 10 mm-re, szervesanyag-tartalom 48,2%.<br \/>\nSzennyez\u0151d\u00e9sek: Szil\u00e1rd term\u00e9szetes szennyez\u0151d\u00e9sek (k\u00f6vek, stb.) 5 mm \u00e1tm\u00e9r\u0151ig &#8211; nem tal\u00e1lhat\u00f3k, szil\u00e1rd term\u00e9szetellenes szennyez\u0151d\u00e9sek (m\u0171anyag, f\u00e9m stb.) &#8211; nem tal\u00e1lhat\u00f3k. Kadmium (Cd) &lt; 0,6 mg\/kg, hat vegy\u00e9rt\u00e9k\u0171 kr\u00f3m (Cr VI) &lt; 0,1 mg\/kg, higany (Hg) &lt; 0,2 mg\/kg, nikkel (Ni) &lt; 6,3 mg\/kg, \u00f3lom (Pb) &lt; 8,2 mg\/ kg, arz\u00e9n (As) &lt; 1,98 mg\/kg, r\u00e9z (Cu) &lt; 10,6 mg\/kg, cink (Zn) &lt; 56,3 mg\/kg, Salmonella spp. &#8211; nem tal\u00e1lhat\u00f3, Escherichia coli \u00e9s Enterococcaceae t\u00edpusok &lt; 1000\/g.<br \/>\n\u00d6sszet\u00e9tel: 60% mocs\u00e1ri t\u0151zeg, 30% z\u00f6ld komposzt, 10% perlit, m\u0171tr\u00e1gya 3 kg\/m\u00b3, h\u00edn\u00e1r 300 g\/m\u00b3, dolomit homok 6 kg\/m\u00b3<\/p>\n<p>ORGANIC WAY m\u00e1rka<br \/>\nUniverz\u00e1lis c\u00e9l<br \/>\nKiszerel\u00e9s 12 l<\/p>\n","protected":false},"featured_media":31987,"comment_status":"closed","ping_status":"closed","template":"","meta":[],"product_brand":[],"product_cat":[371],"product_tag":[],"class_list":{"0":"post-31986","1":"product","2":"type-product","3":"status-publish","4":"has-post-thumbnail","6":"product_cat-seklos-lt-tozegek","8":"first","9":"instock","10":"taxable","11":"shipping-taxable","12":"purchasable","13":"product-type-simple"},"_links":{"self":[{"href":"https:\/\/chilimag.hu\/webshop\/wp-json\/wp\/v2\/product\/31986","targetHints":{"allow":["GET"]}}],"collection":[{"href":"https:\/\/chilimag.hu\/webshop\/wp-json\/wp\/v2\/product"}],"about":[{"href":"https:\/\/chilimag.hu\/webshop\/wp-json\/wp\/v2\/types\/product"}],"replies":[{"embeddable":true,"href":"https:\/\/chilimag.hu\/webshop\/wp-json\/wp\/v2\/comments?post=31986"}],"wp:featuredmedia":[{"embeddable":true,"href":"https:\/\/chilimag.hu\/webshop\/wp-json\/wp\/v2\/media\/31987"}],"wp:attachment":[{"href":"https:\/\/chilimag.hu\/webshop\/wp-json\/wp\/v2\/media?parent=31986"}],"wp:term":[{"taxonomy":"product_brand","embeddable":true,"href":"https:\/\/chilimag.hu\/webshop\/wp-json\/wp\/v2\/product_brand?post=31986"},{"taxonomy":"product_cat","embeddable":true,"href":"https:\/\/chilimag.hu\/webshop\/wp-json\/wp\/v2\/product_cat?post=31986"},{"taxonomy":"product_tag","embeddable":true,"href":"https:\/\/chilimag.hu\/webshop\/wp-json\/wp\/v2\/product_tag?post=31986"}],"curies":[{"name":"wp","href":"https:\/\/api.w.org\/{rel}","templated":true}]}}