{"id":31984,"date":"2024-05-31T05:17:44","date_gmt":"2024-05-31T05:17:44","guid":{"rendered":"https:\/\/chilimag.hu\/webshop\/?post_type=product&#038;p=31984"},"modified":"2026-01-26T17:26:37","modified_gmt":"2026-01-26T17:26:37","slug":"szerves-komposzt-gyogynovenyekhez-es-zoldcsegekhez-perlittel-4-l","status":"publish","type":"product","link":"https:\/\/chilimag.hu\/webshop\/termek\/szerves-komposzt-gyogynovenyekhez-es-zoldcsegekhez-perlittel-4-l\/","title":{"rendered":"Szerves komposzt perlittel 4 L OW SL"},"content":{"rendered":"","protected":false},"excerpt":{"rendered":"<p><img decoding=\"async\" class=\"active-logo\" src=\"https:\/\/b2b.seklos.lt\/themes\/warehouse\/img\/logo_en.png\" alt=\"Agrofirma S\u0117klos, UAB\" width=\"280\" height=\"95\" \/><\/p>\n<p>Felhaszn\u00e1l\u00e1s: Feln\u0151tt l\u00e1pokb\u00f3l sz\u00e1rmaz\u00f3 t\u0151zeg \u00e9s n\u00f6v\u00e9nyi komposzt kever\u00e9ke perlittel \u00e9s m\u0171tr\u00e1gy\u00e1val kieg\u00e9sz\u00edtve f\u0171szern\u00f6v\u00e9nyek \u00e9s z\u00f6lds\u00e9gek magjainak cs\u00edr\u00e1ztat\u00e1s\u00e1ra paradicsom, paprika, uborka, padlizs\u00e1n, p\u00f3r\u00e9hagyma, zeller, sal\u00e1ta, k\u00e1poszta \u00e9s k\u00fcl\u00f6nf\u00e9le f\u0171szerpal\u00e1nt\u00e1k szapor\u00edt\u00e1s\u00e1ra \u00e9s termeszt\u00e9s\u00e9re. k\u00fclt\u00e9ri \u00e9s \u00fcvegh\u00e1zi z\u00f6lds\u00e9gek termeszt\u00e9s\u00e9re \u00e9s \u00e1t\u00fcltet\u00e9s\u00e9re gy\u00f3gyn\u00f6v\u00e9nytermeszt\u00e9sre, kerti talaj kieg\u00e9sz\u00edt\u00e9s\u00e9re \u00e9s jav\u00edt\u00e1s\u00e1ra talajtakar\u00e1shoz. A komposztban tal\u00e1lhat\u00f3 makro- \u00e9s mikroelemek (humin- \u00e9s aminosavak) k\u00f6nnyen felsz\u00edv\u00f3dnak, a f\u0171szern\u00f6v\u00e9nyek \u00e9s z\u00f6lds\u00e9gek pal\u00e1nt\u00e1i gyorsabban n\u0151nek \u00e9s telepednek meg, n\u00f6vekszik vitalit\u00e1suk \u00e9s term\u00e9kenys\u00e9g\u00fck, a teny\u00e9szid\u0151szakban cs\u00f6kken a p\u00f3ttr\u00e1gy\u00e1z\u00e1s ig\u00e9nye. . A komposztban tal\u00e1lhat\u00f3 perlit egy vulkanikus anyag, amely megk\u00f6ti a nedvess\u00e9get \u00e9s n\u00f6veli a l\u00e9g\u00e1tereszt\u0151 k\u00e9pess\u00e9get.<br \/>\nHaszn\u00e1lati javaslatok. A f\u0171szern\u00f6v\u00e9nyek \u00e9s z\u00f6lds\u00e9gek vet\u00e9se \u00e9s \u00fcltet\u00e9se el\u0151tt a komposztot leveg\u0151ztetni \u00e9s nedves\u00edteni kell. F\u0171szerek \u00e9s z\u00f6lds\u00e9gek magvak elvet\u00e9se: T\u00f6lts\u00fck be a komposztot a faiskol\u00e1ba, \u00e9s egyengess\u00fck el \u00fagy, hogy a magokat a vet\u0151magcsomagon javasolt m\u00f3don helyezz\u00fck bele. F\u0171szer- \u00e9s z\u00f6lds\u00e9gpal\u00e1nt\u00e1k \u00e1t\u00fcltet\u00e9se cser\u00e9pbe, \u00fcvegh\u00e1zba vagy sz\u00e1nt\u00f3f\u00f6ldre: T\u00f6lts\u00fck meg az ed\u00e9nyt vagy lyukat komposzttal, \u00fcltess\u00fck el a pal\u00e1nt\u00e1t \u00e9s alaposan \u00f6nt\u00f6zz\u00fck meg. F\u0171szerek \u00e9s z\u00f6lds\u00e9gek \u00fcltet\u00e9se vagy \u00e1t\u00fcltet\u00e9se: Tegy\u00fcnk 2-3 cm v\u00edzelvezet\u0151t az ed\u00e9ny alj\u00e1ba, adjunk hozz\u00e1 komposztot, \u00fcltess\u00fck el a n\u00f6v\u00e9nyt \u00e9s alaposan \u00f6nt\u00f6zz\u00fck meg.<br \/>\nN\u00f6vekv\u0151 t\u00e1ptalaj<br \/>\nF.1.1.1.3 T\u0151zegterm\u00e9k szerves tr\u00e1gy\u00e1val<br \/>\nParam\u00e9terek: \u00f6sszes nitrog\u00e9n (N): 1,5%, P2O5: 0,5%, K2O: 0,66%, sz\u00e1razanyag: 76,9%, foszfor (P): 0,48%, k\u00e1lium (K): 0,55%, kalcium (Ca): 3,28% , magn\u00e9zium (Mg): 0,93%, szerves sz\u00e9n (Corg) 30,1%, (pHKCl) 6,3-6,6, elektromos vezet\u0151k\u00e9pess\u00e9g (EC mS\/cm) 0,86, fizikai forma \u2013 laza, t\u00e9rfogat a befecskendez\u00e9skor 4 liter, frakci\u00f3 1 10 mm-re, szervesanyag-tartalom 48,2%.<br \/>\nSzennyez\u0151d\u00e9sek: Szil\u00e1rd term\u00e9szetes szennyez\u0151d\u00e9sek (k\u00f6vek, stb.) 5 mm \u00e1tm\u00e9r\u0151ig &#8211; nem tal\u00e1lhat\u00f3k, szil\u00e1rd term\u00e9szetellenes szennyez\u0151d\u00e9sek (m\u0171anyag, f\u00e9m stb.) &#8211; nem tal\u00e1lhat\u00f3k. Kadmium (Cd) &lt; 0,6 mg\/kg, hat vegy\u00e9rt\u00e9k\u0171 kr\u00f3m (Cr VI) &lt; 0,1 mg\/kg, higany (Hg) &lt; 0,2 mg\/kg, nikkel (Ni) &lt; 6,3 mg\/kg, \u00f3lom (Pb) &lt; 8,2 mg\/ kg, arz\u00e9n (As) &lt; 1,98 mg\/kg, r\u00e9z (Cu) &lt; 10,6 mg\/kg, cink (Zn) &lt; 56,3 mg\/kg, Salmonella spp. &#8211; nem tal\u00e1lhat\u00f3, Escherichia coli \u00e9s Enterococcaceae t\u00edpusok &lt; 1000\/g.<br \/>\n\u00d6sszet\u00e9tel: 60% mocs\u00e1ri t\u0151zeg, 30% z\u00f6ld komposzt, 10% perlit, m\u0171tr\u00e1gya 3 kg\/m\u00b3, h\u00edn\u00e1r 300 g\/m\u00b3, dolomit homok 6 kg\/m\u00b3<\/p>\n<p style=\"font-weight: 400;\">Bio komposzt f\u0171szerekhez \u00e9s perlites z\u00f6lds\u00e9gekhez.<\/p>\n<p style=\"font-weight: 400;\">Rendeltet\u00e9s: hegyvid\u00e9ki t\u0151zeg \u00e9s n\u00f6v\u00e9nyi komposzt kever\u00e9ke, perlittel \u00e9s m\u0171tr\u00e1gy\u00e1val kieg\u00e9sz\u00edtve, f\u0171szerek, gy\u00f3gyn\u00f6v\u00e9nyek, z\u00f6lds\u00e9gek-paradicsom paprika, uborka, padlizs\u00e1n, p\u00f3r\u00e9hagyma, zeller, sal\u00e1ta \u00e9s k\u00e1poszta cs\u00edr\u00e1ztat\u00e1s\u00e1ra szolg\u00e1l. K\u00fclt\u00e9ri \u00e9s \u00fcvegh\u00e1zi z\u00f6lds\u00e9gek termeszt\u00e9s\u00e9re \u00e9s \u00e1t\u00fcltet\u00e9s\u00e9re: a f\u0171szerek \u00e9s z\u00f6lds\u00e9gek pal\u00e1nt\u00e1i gyorsabban gy\u00f6kereznek \u00e9s n\u0151nek, n\u00f6vekszik vitalit\u00e1suk \u00e9s term\u0151k\u00e9pess\u00e9g\u00fck, a n\u00f6v\u00e9nyeknek kevesebb p\u00f3ttr\u00e1gy\u00e1z\u00e1shoz van sz\u00fcks\u00e9g\u00fck a teny\u00e9szid\u0151szakban. Perlitet tartalmaz, egy vulk\u00e1ni eredet\u0171 anyag, amely megtartja a nedvess\u00e9get \u00e9s n\u00f6veli a komposzt l\u00e9g\u00e1tereszt\u0151 k\u00e9pess\u00e9g\u00e9t.<\/p>\n<p style=\"font-weight: 400;\">Haszn\u00e1lati javaslat: A f\u0171szerek \u00e9s z\u00f6lds\u00e9gek vet\u00e9se \u00e9s \u00fcltet\u00e9se el\u0151tt a komposztot szell\u0151ztetni kell, \u00e9s nedves\u00edteni kell. F\u0171szer \u00e9s z\u00f6lds\u00e9g vet\u00e9se: t\u00f6lts\u00f6n be komposztot a magvet\u0151be \u00e9s egyenl\u00edtse ki, a magokat a vet\u0151mag csomagol\u00e1s\u00e1ban javasolt m\u00f3don helyezze be. F\u0171szer \u00e9s z\u00f6lds\u00e9gpal\u00e1nt\u00e1k \u00e1t\u00fcltet\u00e9se cser\u00e9pbe, \u00fcvegh\u00e1zba vagy sz\u00e1nt\u00f3f\u00f6ldbe: t\u00f6ltse meg az ed\u00e9nyt vagy lyukat komposzttal, \u00fcltess\u00fck el a pal\u00e1nt\u00e1t \u00e9s \u00f6nt\u00f6zz\u00fck b\u0151s\u00e9gese. F\u0171szerek \u00e9s z\u00f6lds\u00e9gek \u00fcltet\u00e9se vagy \u00e1t\u00fcltet\u00e9se: tegy\u00fcnk 2-3 cm-es v\u00edzelvezet\u0151t az ed\u00e9ny alj\u00e1ba, adjunk hozz\u00e1 komposztot, \u00fcltess\u00fck el a n\u00f6v\u00e9nyt \u00e9s \u00f6nt\u00f6zz\u00fck b\u0151ven.<\/p>\n<p style=\"font-weight: 400;\">Teny\u00e9szk\u00f6zeg:F.1.1.1.3 T\u0151zegterm\u00e9s szerves tr\u00e1gy\u00e1val.<\/p>\n<p style=\"font-weight: 400;\">Param\u00e9terek: \u00f6sszes nitrog\u00e9n (N)-1,5, P203-0,5%, K,O-0,66%, sz\u00e1razanyag-76,9%, foszfor(P)-0,48%, k\u00e1lium (K)-0,55%, kalcium (Ca)-3,28%, magn\u00e9zium (Mg)-0,93%, szerves sz\u00e9n (Corg)-30,1%, (pH)-6,3-6,6, elektromos vezet\u0151k\u00e9pess\u00e9g (EC mS\/cm)-0,86, fizikai forma-laza, t\u00e9rfogata t\u0151lt\u00e9skor-41, frakci\u00f3-1-10mm, szerves anyag \u00f6sszeg-48,2%.<\/p>\n<p style=\"font-weight: 400;\">F\u0151bb \u00f6sszetev\u0151k: 59,4 l\u00e1pi t\u0151zeg, 30% n\u00f6v\u00e9nyi komposzt, 10% perlit, 0,5% m\u0171tr\u00e1gya, 5 mm-ig, nem eg\u00e9sz 0,1% h\u00edn\u00e1r.<\/p>\n<p>ORGANIC WAY m\u00e1rka<br \/>\nC\u00e9l z\u00f6lds\u00e9gekhez<br \/>\nKiszerel\u00e9s 4 l<\/p>\n","protected":false},"featured_media":31985,"comment_status":"closed","ping_status":"closed","template":"","meta":[],"product_brand":[],"product_cat":[371],"product_tag":[],"class_list":{"0":"post-31984","1":"product","2":"type-product","3":"status-publish","4":"has-post-thumbnail","6":"product_cat-seklos-lt-tozegek","8":"first","9":"instock","10":"taxable","11":"shipping-taxable","12":"purchasable","13":"product-type-simple"},"_links":{"self":[{"href":"https:\/\/chilimag.hu\/webshop\/wp-json\/wp\/v2\/product\/31984","targetHints":{"allow":["GET"]}}],"collection":[{"href":"https:\/\/chilimag.hu\/webshop\/wp-json\/wp\/v2\/product"}],"about":[{"href":"https:\/\/chilimag.hu\/webshop\/wp-json\/wp\/v2\/types\/product"}],"replies":[{"embeddable":true,"href":"https:\/\/chilimag.hu\/webshop\/wp-json\/wp\/v2\/comments?post=31984"}],"wp:featuredmedia":[{"embeddable":true,"href":"https:\/\/chilimag.hu\/webshop\/wp-json\/wp\/v2\/media\/31985"}],"wp:attachment":[{"href":"https:\/\/chilimag.hu\/webshop\/wp-json\/wp\/v2\/media?parent=31984"}],"wp:term":[{"taxonomy":"product_brand","embeddable":true,"href":"https:\/\/chilimag.hu\/webshop\/wp-json\/wp\/v2\/product_brand?post=31984"},{"taxonomy":"product_cat","embeddable":true,"href":"https:\/\/chilimag.hu\/webshop\/wp-json\/wp\/v2\/product_cat?post=31984"},{"taxonomy":"product_tag","embeddable":true,"href":"https:\/\/chilimag.hu\/webshop\/wp-json\/wp\/v2\/product_tag?post=31984"}],"curies":[{"name":"wp","href":"https:\/\/api.w.org\/{rel}","templated":true}]}}