{"id":31980,"date":"2024-05-31T04:44:39","date_gmt":"2024-05-31T04:44:39","guid":{"rendered":"https:\/\/chilimag.hu\/webshop\/?post_type=product&#038;p=31980"},"modified":"2026-05-10T20:46:19","modified_gmt":"2026-05-10T20:46:19","slug":"disznapraforgo-ice-cream-z-s-sl","status":"publish","type":"product","link":"https:\/\/chilimag.hu\/webshop\/termek\/disznapraforgo-ice-cream-z-s-sl\/","title":{"rendered":"D\u00edsznapraforg\u00f3 Ice Cream Z.S SL"},"content":{"rendered":"","protected":false},"excerpt":{"rendered":"<p><img decoding=\"async\" class=\"\" src=\"https:\/\/b2b.seklos.lt\/img\/m\/75-medium_default.jpg\" alt=\"\" width=\"150\" height=\"150\" \/><\/p>\n<h3>Term\u00e9kle\u00edr\u00e1s<\/h3>\n<p>Egyny\u00e1ri, 140 cm magas, friss s\u00e1rga vir\u00e1gokkal, felt\u0171n\u0151en s\u00f6t\u00e9t k\u00f6zep\u00e9vel. Ezek a napraforg\u00f3k n\u00e9pszer\u0171ek egyedi form\u00e1juk \u00e9s sz\u00edn\u00fck miatt, amelyek kisebbek, mint a hagyom\u00e1nyos napraforg\u00f3k. Vir\u00e1g\u00e1gy\u00e1sokban termesztik \u00e9s csokorba szedik. J\u00f3l \u00e9rzi mag\u00e1t napos, meleg, v\u00e9dett helyen, term\u00e9keny talajban. Foly\u00e9kony m\u0171tr\u00e1gy\u00e1val t\u00f6rt\u00e9n\u0151 tr\u00e1gy\u00e1z\u00e1s javasolt.<\/p>\n<p>Mennyis\u00e9g kiszerel\u00e9sben 0,5g<br \/>\nMagok sz\u00e1ma grammonk\u00e9nt ~140<br \/>\nVet\u00e9sid\u0151 a talajban V\u2013VI, 2\u20133 cm<br \/>\nA pal\u00e1nt\u00e1k vet\u00e9si ideje IV, 2-3 cm<br \/>\nT\u00e1vols\u00e1gok, cm VI, 30\u201330 cm<br \/>\nVir\u00e1gz\u00e1si id\u0151szak VII-IX<br \/>\nN\u00f6v\u00e9ny magass\u00e1ga 140 cm<br \/>\nTerm\u0151f\u00f6ld<br \/>\nM\u00e1rka \u017dalia stotel\u0117<br \/>\nNapos hely Igen<br \/>\nVir\u00e1g\u00e1gy\u00e1sok termeszt\u00e9s\u00e9re alkalmas<\/p>\n","protected":false},"featured_media":31981,"comment_status":"closed","ping_status":"closed","template":"","meta":[],"product_brand":[],"product_cat":[363],"product_tag":[],"class_list":{"0":"post-31980","1":"product","2":"type-product","3":"status-publish","4":"has-post-thumbnail","6":"product_cat-virag-vetomagok-zalia-stotele","8":"first","9":"instock","10":"taxable","11":"shipping-taxable","12":"purchasable","13":"product-type-simple"},"_links":{"self":[{"href":"https:\/\/chilimag.hu\/webshop\/wp-json\/wp\/v2\/product\/31980","targetHints":{"allow":["GET"]}}],"collection":[{"href":"https:\/\/chilimag.hu\/webshop\/wp-json\/wp\/v2\/product"}],"about":[{"href":"https:\/\/chilimag.hu\/webshop\/wp-json\/wp\/v2\/types\/product"}],"replies":[{"embeddable":true,"href":"https:\/\/chilimag.hu\/webshop\/wp-json\/wp\/v2\/comments?post=31980"}],"wp:featuredmedia":[{"embeddable":true,"href":"https:\/\/chilimag.hu\/webshop\/wp-json\/wp\/v2\/media\/31981"}],"wp:attachment":[{"href":"https:\/\/chilimag.hu\/webshop\/wp-json\/wp\/v2\/media?parent=31980"}],"wp:term":[{"taxonomy":"product_brand","embeddable":true,"href":"https:\/\/chilimag.hu\/webshop\/wp-json\/wp\/v2\/product_brand?post=31980"},{"taxonomy":"product_cat","embeddable":true,"href":"https:\/\/chilimag.hu\/webshop\/wp-json\/wp\/v2\/product_cat?post=31980"},{"taxonomy":"product_tag","embeddable":true,"href":"https:\/\/chilimag.hu\/webshop\/wp-json\/wp\/v2\/product_tag?post=31980"}],"curies":[{"name":"wp","href":"https:\/\/api.w.org\/{rel}","templated":true}]}}