{"id":31976,"date":"2024-05-31T04:18:16","date_gmt":"2024-05-31T04:18:16","guid":{"rendered":"https:\/\/chilimag.hu\/webshop\/?post_type=product&#038;p=31976"},"modified":"2026-03-23T20:08:53","modified_gmt":"2026-03-23T20:08:53","slug":"pillangovirag-velouette-z-s-sl","status":"publish","type":"product","link":"https:\/\/chilimag.hu\/webshop\/termek\/pillangovirag-velouette-z-s-sl\/","title":{"rendered":"Pillang\u00f3vir\u00e1g Velouette Z.S SL"},"content":{"rendered":"","protected":false},"excerpt":{"rendered":"<p><img decoding=\"async\" class=\"active-logo\" src=\"https:\/\/b2b.seklos.lt\/themes\/warehouse\/img\/logo_en.png\" alt=\"Agrofirma S\u0117klos, UAB\" width=\"280\" height=\"95\" \/><\/p>\n<p>Ezek egyny\u00e1ri vir\u00e1gok, amelyek 60-80 cm magasra n\u0151nek, \u00e9s nem ig\u00e9nyelnek k\u00fcl\u00f6n\u00f6sebb gondoz\u00e1st. Ez a fajta nagyon n\u00e9pszer\u0171 a vir\u00e1gok egyedi sz\u00edne miatt. A Cosmost \u00e1ltal\u00e1ban vir\u00e1g\u00e1gy\u00e1sokban vagy cser\u00e9pben termesztik, \u00e9s a v\u00e1gott vir\u00e1gok sok\u00e1ig eltartanak. Ezek a vir\u00e1gok sok\u00e1ig \u00e9s b\u0151s\u00e9gesen vir\u00e1goznak, termeszt\u00e9s\u00fck egyszer\u0171. Min\u00e9l szeg\u00e9nyebb a talaj, ann\u00e1l jobban vir\u00e1gzik a n\u00f6v\u00e9ny. A Cosmos vir\u00e1gz\u00e1s k\u00f6zben is \u00e1t\u00fcltethet\u0151 a k\u00edv\u00e1nt helyre \u2013 csak tartsa nedvesen a talaj\u00e1t. Ez a n\u00f6v\u00e9ny k\u00e9pes \u00f6nmagot vetni, ami azt jelenti, hogy a k\u00f6vetkez\u0151 \u00e9vben egy \u00faj pal\u00e1nta n\u0151 ugyanazon a helyen, mint az el\u0151z\u0151.<\/p>\n<p>Hermetikus csomagol\u00e1s Igen<br \/>\nMennyis\u00e9g egy csomagban 0,2g<br \/>\nMagok sz\u00e1ma grammonk\u00e9nt ~140<br \/>\nVet\u00e9sid\u0151 a talajban IV-V, 1 cm<br \/>\nA pal\u00e1nt\u00e1k vet\u00e9si ideje IV-V, 1 cm<br \/>\nT\u00e1vols\u00e1gok, cm VI, 30&#215;40 cm<br \/>\nVir\u00e1gz\u00e1si id\u0151szak VI-VII<br \/>\nN\u00f6v\u00e9nymagass\u00e1g 60-80 cm<br \/>\nTerm\u0151f\u00f6ld<br \/>\nM\u00e1rka \u017dalia stotel\u0117<br \/>\nNapos hely Igen<br \/>\nVir\u00e1g\u00e1gy\u00e1sok termeszt\u00e9s\u00e9re alkalmas<\/p>\n","protected":false},"featured_media":31977,"comment_status":"closed","ping_status":"closed","template":"","meta":[],"product_brand":[],"product_cat":[363],"product_tag":[],"class_list":{"0":"post-31976","1":"product","2":"type-product","3":"status-publish","4":"has-post-thumbnail","6":"product_cat-virag-vetomagok-zalia-stotele","8":"first","9":"instock","10":"taxable","11":"shipping-taxable","12":"purchasable","13":"product-type-simple"},"_links":{"self":[{"href":"https:\/\/chilimag.hu\/webshop\/wp-json\/wp\/v2\/product\/31976","targetHints":{"allow":["GET"]}}],"collection":[{"href":"https:\/\/chilimag.hu\/webshop\/wp-json\/wp\/v2\/product"}],"about":[{"href":"https:\/\/chilimag.hu\/webshop\/wp-json\/wp\/v2\/types\/product"}],"replies":[{"embeddable":true,"href":"https:\/\/chilimag.hu\/webshop\/wp-json\/wp\/v2\/comments?post=31976"}],"wp:featuredmedia":[{"embeddable":true,"href":"https:\/\/chilimag.hu\/webshop\/wp-json\/wp\/v2\/media\/31977"}],"wp:attachment":[{"href":"https:\/\/chilimag.hu\/webshop\/wp-json\/wp\/v2\/media?parent=31976"}],"wp:term":[{"taxonomy":"product_brand","embeddable":true,"href":"https:\/\/chilimag.hu\/webshop\/wp-json\/wp\/v2\/product_brand?post=31976"},{"taxonomy":"product_cat","embeddable":true,"href":"https:\/\/chilimag.hu\/webshop\/wp-json\/wp\/v2\/product_cat?post=31976"},{"taxonomy":"product_tag","embeddable":true,"href":"https:\/\/chilimag.hu\/webshop\/wp-json\/wp\/v2\/product_tag?post=31976"}],"curies":[{"name":"wp","href":"https:\/\/api.w.org\/{rel}","templated":true}]}}