{"id":3197,"date":"2016-11-15T12:59:59","date_gmt":"2016-11-15T12:59:59","guid":{"rendered":"https:\/\/chilimag.hu\/webshop\/?post_type=product&#038;p=3197"},"modified":"2025-08-11T08:48:43","modified_gmt":"2025-08-11T08:48:43","slug":"jalapeno-giant","status":"publish","type":"product","link":"https:\/\/chilimag.hu\/webshop\/termek\/jalapeno-giant\/","title":{"rendered":"Jalapeno Giant"},"content":{"rendered":"","protected":false},"excerpt":{"rendered":"<div>\n<p><strong><img decoding=\"async\" src=\"https:\/\/chilimag.hu\/webshop\/wp-content\/uploads\/2014\/11\/chilimag-logo-2-150x150.jpg\" \/><\/strong><\/p>\n<p>Le\u00edr\u00e1s<\/p>\n<p>A Jalapeno Giant nagyobb, mint testv\u00e9rfajt\u00e1i. A bokros n\u00f6v\u00e9nyek magass\u00e1ga kb. 80 cm. A gy\u00fcm\u00f6lcs\u00f6k jellegzetes Jalapeno alak\u00faak, de kb. 10 cm hossz\u00fa vagy m\u00e9g hosszabb optim\u00e1lis n\u00f6veked\u00e9si k\u00f6r\u00fclm\u00e9nyek k\u00f6z\u00f6tt.<\/p>\n<p>\u00c1ltal\u00e1nos inform\u00e1ci\u00f3: A mexik\u00f3i Jalapa (Veracruz) v\u00e1ros\u00e1r\u00f3l elnevezett chili az egyik legismertebb \u00e9s legn\u00e9pszer\u0171bb chili Mexik\u00f3ban \u00e9s az Egyes\u00fclt \u00c1llamokban. A jalapen\u00f3k mindenekel\u0151tt l\u00e9d\u00fas, zamatos gy\u00fcm\u00f6lcsh\u00fasuk miatt n\u00e9pszer\u0171ek. A gy\u00fcm\u00f6lcs\u00f6k hossza el\u00e9ri a 8 cm-t, vastag, h\u00fasos term\u00e9sfalakkal \u00e9s lekerek\u00edtett v\u00e9gekkel rendelkeznek. A gy\u00fcm\u00f6lcs\u00f6k fel\u00fclete gyakran repedezett, dug\u00f3s, amit a mexik\u00f3iak min\u0151s\u00e9gi jellemz\u0151nek tartanak. Az \u00e9retlen jalapen\u00f3 z\u00f6ld sz\u00edn\u0171, \u00e9s \u00e9rett \u00e1llapotban er\u0151s v\u00f6r\u00f6s sz\u00edn\u0171. Amikor z\u00f6ldek, a jalapen\u00f3kon n\u00e9ha s\u00f6t\u00e9t foltok jelennek meg, amelyek elt\u0171nnek, amikor v\u00f6r\u00f6sre \u00e9rnek. A jalape\u00f1o azon kev\u00e9s chilipaprik\u00e1hoz tartozik, amely z\u00f6lden \u00e9s \u00e9retlenen is j\u00f3 \u00edz\u0171. Amikor v\u00f6r\u00f6sre \u00e9rnek, \u00edz\u00fck kellemes \u00e9dess\u00e9get \u00f6lt. A Jalapen\u00f3k enyhe f\u0171szeress\u00e9g\u00fck miatt kiv\u00e1l\u00f3an alkalmasak friss fogyaszt\u00e1sra, valamint f\u0151z\u00e9shez, t\u00f6ltel\u00e9khez, p\u00e1col\u00e1shoz, grillez\u00e9shez.<\/p>\n<p>Gondoz\u00e1sa: A cs\u00edr\u00e1z\u00e1si h\u0151m\u00e9rs\u00e9klet 21 \u00e9s 28\u00b0C k\u00f6z\u00f6tt van (7-20 napos cs\u00edr\u00e1z\u00e1si id\u0151), ez\u00e9rt \u00fcvegh\u00e1z \u00e9s f\u0171t\u0151sz\u0151nyeg haszn\u00e1lata javasolt. A n\u00f6v\u00e9nyeknek friss, j\u00f3l tr\u00e1gy\u00e1zott, v\u00edz\u00e1tereszt\u0151 talajra van sz\u00fcks\u00e9g\u00fck, nem t\u0171rik a bevizesed\u00e9st. Napos, v\u00e9dett helyre kell \u00fcltetni, ahol legal\u00e1bb 6 \u00f3ra napf\u00e9ny \u2013 lehet\u0151leg t\u00f6bb. Tedd ki a n\u00f6v\u00e9nyeket kb. 2-3 h\u00e9ttel az utols\u00f3 fagy ut\u00e1n<\/p>\n<p>Capsicum annuum t\u00edpus<br \/>\nF\u0171szeress\u00e9gi fokozat 5-6<br \/>\nScoville 2.500 &#8211; 10.000 SHU<br \/>\noptim\u00e1lis cs\u00edr\u00e1z\u00e1si h\u0151m\u00e9rs\u00e9klet 21 &#8211; 28 \u00b0C<br \/>\nVet\u00e9s jan. &#8211; \u00e1pr.<br \/>\nVir\u00e1gok feh\u00e9rek (m\u00e1jus-j\u00falius)<br \/>\nN\u00f6v\u00e9nyn\u00f6veked\u00e9si szok\u00e1s bokros, kb. 80 cm magas<br \/>\nZ\u00f6ldr\u0151l pirosra \u00e9rik<br \/>\nGy\u00fcm\u00f6lcs megjelen\u00e9se hossz\u00fa, lekerek\u00edtett, kb. 4 x 10-12 cm<br \/>\n\u00c9r\u00e9si id\u0151 80-90 nap<br \/>\nSz\u00e1rmaz\u00e1si hely Mexik\u00f3<\/p>\n<p>A csomag 10 szem magot tartalmaz<\/p>\n<\/div>\n","protected":false},"featured_media":3198,"comment_status":"closed","ping_status":"closed","template":"","meta":[],"product_brand":[],"product_cat":[8],"product_tag":[],"class_list":{"0":"post-3197","1":"product","2":"type-product","3":"status-publish","4":"has-post-thumbnail","6":"product_cat-paprika","8":"first","9":"outofstock","10":"taxable","11":"shipping-taxable","12":"purchasable","13":"product-type-simple"},"_links":{"self":[{"href":"https:\/\/chilimag.hu\/webshop\/wp-json\/wp\/v2\/product\/3197","targetHints":{"allow":["GET"]}}],"collection":[{"href":"https:\/\/chilimag.hu\/webshop\/wp-json\/wp\/v2\/product"}],"about":[{"href":"https:\/\/chilimag.hu\/webshop\/wp-json\/wp\/v2\/types\/product"}],"replies":[{"embeddable":true,"href":"https:\/\/chilimag.hu\/webshop\/wp-json\/wp\/v2\/comments?post=3197"}],"wp:featuredmedia":[{"embeddable":true,"href":"https:\/\/chilimag.hu\/webshop\/wp-json\/wp\/v2\/media\/3198"}],"wp:attachment":[{"href":"https:\/\/chilimag.hu\/webshop\/wp-json\/wp\/v2\/media?parent=3197"}],"wp:term":[{"taxonomy":"product_brand","embeddable":true,"href":"https:\/\/chilimag.hu\/webshop\/wp-json\/wp\/v2\/product_brand?post=3197"},{"taxonomy":"product_cat","embeddable":true,"href":"https:\/\/chilimag.hu\/webshop\/wp-json\/wp\/v2\/product_cat?post=3197"},{"taxonomy":"product_tag","embeddable":true,"href":"https:\/\/chilimag.hu\/webshop\/wp-json\/wp\/v2\/product_tag?post=3197"}],"curies":[{"name":"wp","href":"https:\/\/api.w.org\/{rel}","templated":true}]}}