{"id":31968,"date":"2024-05-31T03:57:46","date_gmt":"2024-05-31T03:57:46","guid":{"rendered":"https:\/\/chilimag.hu\/webshop\/?post_type=product&#038;p=31968"},"modified":"2026-04-01T08:06:07","modified_gmt":"2026-04-01T08:06:07","slug":"evelo-diszgyertya-gaura-lindheimeri-z-s-sl","status":"publish","type":"product","link":"https:\/\/chilimag.hu\/webshop\/termek\/evelo-diszgyertya-gaura-lindheimeri-z-s-sl\/","title":{"rendered":"\u00c9vel\u0151 d\u00edszgyertya GAURA LINDHEIMERI Z.S SL"},"content":{"rendered":"","protected":false},"excerpt":{"rendered":"<p><img decoding=\"async\" class=\"active-logo\" src=\"https:\/\/b2b.seklos.lt\/themes\/warehouse\/img\/logo_en.png\" alt=\"Agrofirma S\u0117klos, UAB\" width=\"280\" height=\"95\" \/><\/p>\n<p>\u00c9vel\u0151 vir\u00e1gok, 80 cm magas, gy\u00f6ny\u00f6r\u0171 \u00e9s bonyolult vir\u00e1gokkal. Eg\u00e9sz ny\u00e1ron vir\u00e1gzik. A n\u00f6v\u00e9nyek bokor alak\u00faak \u00e9s t\u00f6m\u00f6rek. Egyedileg vagy csoportosan termesztik. J\u00f3l n\u0151 m\u00e1s vir\u00e1gokkal. Ed\u00e9nyben termeszthet\u0151. Legjobban napos, sz\u00e1raz, j\u00f3 v\u00edzelvezet\u00e9s\u0171 talajban fejl\u0151dik. T\u00e9len takarja le, mert hidegben megfagyhatnak.<\/p>\n<p>Mennyis\u00e9g kiszerel\u00e9sben 0,5g<br \/>\nMagok sz\u00e1ma grammonk\u00e9nt ~60<br \/>\nVet\u00e9sid\u0151 a talajban IV-VII, 0 cm<br \/>\nA pal\u00e1nt\u00e1k vet\u00e9si ideje II-III, 0 cm<br \/>\nT\u00e1vols\u00e1gok, cm V-VIII, 40 X 40 cm<br \/>\nVir\u00e1gz\u00e1si id\u0151szak VII-IX<br \/>\nN\u00f6v\u00e9ny magass\u00e1ga 80 cm<br \/>\nTerm\u0151f\u00f6ld<br \/>\nM\u00e1rka \u017dalia stotel\u0117<br \/>\nNapos hely Igen<br \/>\n\u00c9vel\u0151 Igen<br \/>\nVir\u00e1g\u00e1gy\u00e1sok termeszt\u00e9s\u00e9re alkalmas<\/p>\n","protected":false},"featured_media":31969,"comment_status":"closed","ping_status":"closed","template":"","meta":[],"product_brand":[],"product_cat":[363],"product_tag":[],"class_list":{"0":"post-31968","1":"product","2":"type-product","3":"status-publish","4":"has-post-thumbnail","6":"product_cat-virag-vetomagok-zalia-stotele","8":"first","9":"instock","10":"taxable","11":"shipping-taxable","12":"purchasable","13":"product-type-simple"},"_links":{"self":[{"href":"https:\/\/chilimag.hu\/webshop\/wp-json\/wp\/v2\/product\/31968","targetHints":{"allow":["GET"]}}],"collection":[{"href":"https:\/\/chilimag.hu\/webshop\/wp-json\/wp\/v2\/product"}],"about":[{"href":"https:\/\/chilimag.hu\/webshop\/wp-json\/wp\/v2\/types\/product"}],"replies":[{"embeddable":true,"href":"https:\/\/chilimag.hu\/webshop\/wp-json\/wp\/v2\/comments?post=31968"}],"wp:featuredmedia":[{"embeddable":true,"href":"https:\/\/chilimag.hu\/webshop\/wp-json\/wp\/v2\/media\/31969"}],"wp:attachment":[{"href":"https:\/\/chilimag.hu\/webshop\/wp-json\/wp\/v2\/media?parent=31968"}],"wp:term":[{"taxonomy":"product_brand","embeddable":true,"href":"https:\/\/chilimag.hu\/webshop\/wp-json\/wp\/v2\/product_brand?post=31968"},{"taxonomy":"product_cat","embeddable":true,"href":"https:\/\/chilimag.hu\/webshop\/wp-json\/wp\/v2\/product_cat?post=31968"},{"taxonomy":"product_tag","embeddable":true,"href":"https:\/\/chilimag.hu\/webshop\/wp-json\/wp\/v2\/product_tag?post=31968"}],"curies":[{"name":"wp","href":"https:\/\/api.w.org\/{rel}","templated":true}]}}