{"id":31963,"date":"2024-05-30T18:38:23","date_gmt":"2024-05-30T18:38:23","guid":{"rendered":"https:\/\/chilimag.hu\/webshop\/?post_type=product&#038;p=31963"},"modified":"2026-04-06T18:37:45","modified_gmt":"2026-04-06T18:37:45","slug":"sargadinnye-mangomel-hibrid-z-s-sl","status":"publish","type":"product","link":"https:\/\/chilimag.hu\/webshop\/termek\/sargadinnye-mangomel-hibrid-z-s-sl\/","title":{"rendered":"S\u00e1rgadinnye Mangomel Hibrid Z.S SL"},"content":{"rendered":"","protected":false},"excerpt":{"rendered":"<p><img decoding=\"async\" class=\"active-logo\" src=\"https:\/\/b2b.seklos.lt\/themes\/warehouse\/img\/logo_en.png\" alt=\"Agrofirma S\u0117klos, UAB\" width=\"280\" height=\"95\" \/><\/p>\n<p>\u00c1tlagosan 70 nappal az \u00fcltet\u00e9s ut\u00e1n betakar\u00edthat\u00f3 korai hibrid fajta. Gy\u00fcm\u00f6lcse ov\u00e1lis, s\u00e1rg\u00e1s-kr\u00e9mes h\u00e9j\u00fa, rendk\u00edv\u00fcl \u00e9des \u00e9s zamatos, narancss\u00e1rga h\u00fas\u00fa, s\u00falya kb. 1,5-2 kg. A mi \u00e9ghajlatunkon a dinnye j\u00f3l terem \u00fcvegh\u00e1zban, de a szabadban, sz\u00e9lt\u0151l v\u00e9dett napos helyen is termeszthet\u0151.<\/p>\n<p>A fajta korai ideje Korai<br \/>\nHermetikus csomagol\u00e1s Igen<br \/>\nMagok sz\u00e1ma a csomagban, db. 5<br \/>\nVet\u00e9sid\u0151 a talajban V-VI, 2,5-4cm<br \/>\nA pal\u00e1nt\u00e1k vet\u00e9si ideje IV-V, 2,5-4cm<br \/>\nVet\u00e9sid\u0151 \u00fcvegh\u00e1zban IV-V, 2,5-4cm<br \/>\nT\u00e1vols\u00e1gok, cm V\u2013VI, 80&#215;40 cm<br \/>\nSz\u00fcret VIII-IX<\/p>\n","protected":false},"featured_media":31964,"comment_status":"closed","ping_status":"closed","template":"","meta":[],"product_brand":[],"product_cat":[420],"product_tag":[],"class_list":{"0":"post-31963","1":"product","2":"type-product","3":"status-publish","4":"has-post-thumbnail","6":"product_cat-dinnye-es-tok-vetomagok-zalia-stotele","8":"first","9":"instock","10":"taxable","11":"shipping-taxable","12":"purchasable","13":"product-type-simple"},"_links":{"self":[{"href":"https:\/\/chilimag.hu\/webshop\/wp-json\/wp\/v2\/product\/31963","targetHints":{"allow":["GET"]}}],"collection":[{"href":"https:\/\/chilimag.hu\/webshop\/wp-json\/wp\/v2\/product"}],"about":[{"href":"https:\/\/chilimag.hu\/webshop\/wp-json\/wp\/v2\/types\/product"}],"replies":[{"embeddable":true,"href":"https:\/\/chilimag.hu\/webshop\/wp-json\/wp\/v2\/comments?post=31963"}],"wp:featuredmedia":[{"embeddable":true,"href":"https:\/\/chilimag.hu\/webshop\/wp-json\/wp\/v2\/media\/31964"}],"wp:attachment":[{"href":"https:\/\/chilimag.hu\/webshop\/wp-json\/wp\/v2\/media?parent=31963"}],"wp:term":[{"taxonomy":"product_brand","embeddable":true,"href":"https:\/\/chilimag.hu\/webshop\/wp-json\/wp\/v2\/product_brand?post=31963"},{"taxonomy":"product_cat","embeddable":true,"href":"https:\/\/chilimag.hu\/webshop\/wp-json\/wp\/v2\/product_cat?post=31963"},{"taxonomy":"product_tag","embeddable":true,"href":"https:\/\/chilimag.hu\/webshop\/wp-json\/wp\/v2\/product_tag?post=31963"}],"curies":[{"name":"wp","href":"https:\/\/api.w.org\/{rel}","templated":true}]}}