{"id":31961,"date":"2024-05-30T18:32:08","date_gmt":"2024-05-30T18:32:08","guid":{"rendered":"https:\/\/chilimag.hu\/webshop\/?post_type=product&#038;p=31961"},"modified":"2025-12-29T13:39:25","modified_gmt":"2025-12-29T13:39:25","slug":"zellerlevel-ow-sl","status":"publish","type":"product","link":"https:\/\/chilimag.hu\/webshop\/termek\/zellerlevel-ow-sl\/","title":{"rendered":"Zellerlev\u00e9l OW SL"},"content":{"rendered":"","protected":false},"excerpt":{"rendered":"<p><img decoding=\"async\" class=\"active-logo\" src=\"https:\/\/b2b.seklos.lt\/themes\/warehouse\/img\/logo_en.png\" alt=\"Agrofirma S\u0117klos, UAB\" width=\"280\" height=\"95\" \/><\/p>\n<p>A fajta k\u00fcl\u00f6n\u00f6sen alkalmas sz\u00e1r\u00edt\u00e1sra. A n\u00f6v\u00e9ny intenz\u00edven \u00e9s gyorsan n\u00f6vekszik, l\u00e9d\u00fas, nagy, s\u00f6t\u00e9tz\u00f6ld leveleket hoz, er\u0151s arom\u00e1j\u00fa. Nagyon gyors visszan\u00f6v\u00e9s a v\u00e1g\u00e1s ut\u00e1n. Nevelhet\u0151 pal\u00e1nt\u00e1kr\u00f3l vagy k\u00f6zvetlen\u00fcl a talajba vethet\u0151.<\/p>\n<p>\u00d6kol\u00f3giai term\u00e9k \u00d6kol\u00f3giai<br \/>\nHermetikus csomagol\u00e1s Igen<br \/>\nMennyis\u00e9g egy csomagban 0,2g<br \/>\nMagok sz\u00e1ma grammonk\u00e9nt ~1200<br \/>\nVet\u00e9sid\u0151 \u00fcvegh\u00e1zban II\u2013IV, 1 cm<br \/>\nT\u00e1vols\u00e1gok, cm 10 x 2 cm<br \/>\nSz\u00fcret IV-VI, IX<br \/>\nORGANIC WAY m\u00e1rka<br \/>\nNapos hely Igen<\/p>\n","protected":false},"featured_media":31962,"comment_status":"closed","ping_status":"closed","template":"","meta":[],"product_brand":[],"product_cat":[354],"product_tag":[],"class_list":{"0":"post-31961","1":"product","2":"type-product","3":"status-publish","4":"has-post-thumbnail","6":"product_cat-organic-way","8":"first","9":"instock","10":"taxable","11":"shipping-taxable","12":"purchasable","13":"product-type-simple"},"_links":{"self":[{"href":"https:\/\/chilimag.hu\/webshop\/wp-json\/wp\/v2\/product\/31961","targetHints":{"allow":["GET"]}}],"collection":[{"href":"https:\/\/chilimag.hu\/webshop\/wp-json\/wp\/v2\/product"}],"about":[{"href":"https:\/\/chilimag.hu\/webshop\/wp-json\/wp\/v2\/types\/product"}],"replies":[{"embeddable":true,"href":"https:\/\/chilimag.hu\/webshop\/wp-json\/wp\/v2\/comments?post=31961"}],"wp:featuredmedia":[{"embeddable":true,"href":"https:\/\/chilimag.hu\/webshop\/wp-json\/wp\/v2\/media\/31962"}],"wp:attachment":[{"href":"https:\/\/chilimag.hu\/webshop\/wp-json\/wp\/v2\/media?parent=31961"}],"wp:term":[{"taxonomy":"product_brand","embeddable":true,"href":"https:\/\/chilimag.hu\/webshop\/wp-json\/wp\/v2\/product_brand?post=31961"},{"taxonomy":"product_cat","embeddable":true,"href":"https:\/\/chilimag.hu\/webshop\/wp-json\/wp\/v2\/product_cat?post=31961"},{"taxonomy":"product_tag","embeddable":true,"href":"https:\/\/chilimag.hu\/webshop\/wp-json\/wp\/v2\/product_tag?post=31961"}],"curies":[{"name":"wp","href":"https:\/\/api.w.org\/{rel}","templated":true}]}}