{"id":31913,"date":"2024-05-29T18:46:58","date_gmt":"2024-05-29T18:46:58","guid":{"rendered":"https:\/\/chilimag.hu\/webshop\/?post_type=product&#038;p=31913"},"modified":"2026-03-30T05:28:46","modified_gmt":"2026-03-30T05:28:46","slug":"paradicsom-ananas-ow-sl","status":"publish","type":"product","link":"https:\/\/chilimag.hu\/webshop\/termek\/paradicsom-ananas-ow-sl\/","title":{"rendered":"Paradicsom Ananas OW SL"},"content":{"rendered":"","protected":false},"excerpt":{"rendered":"<p><img decoding=\"async\" class=\"active-logo\" src=\"https:\/\/b2b.seklos.lt\/themes\/warehouse\/img\/logo_en.png\" alt=\"Agrofirma S\u0117klos, UAB\" width=\"280\" height=\"95\" \/><\/p>\n<p>\u00c1tlagos korai n\u00f6veked\u00e9s\u0171 (hat\u00e1rozatlan) fajta vagy 700-800 gramm \u00edzletes gy\u00fcm\u00f6lcs. Ennek a fajta paradicsomnak tetszeni fog azok sz\u00e1m\u00e1ra, akik szeretik a finom, \u00e9des \u00edz\u0171 paradicsom gy\u00fcm\u00f6lcs\u00f6ket. A paradicsom alkalmas sal\u00e1t\u00e1kra \u00e9s konzervk\u00e9sz\u00edt\u00e9sre.<\/p>\n<p>\u00d6kol\u00f3giai term\u00e9k \u00d6kol\u00f3giai<br \/>\nA fajta korai \u00e9r\u00e9se M\u00e9rs\u00e9kelten korai<br \/>\nHermetikus csomagol\u00e1s Igen<br \/>\nMagok sz\u00e1ma a csomagban, db. 8<br \/>\nVet\u00e9sid\u0151 a talajban V\u2013VI, 1 cm<br \/>\nVet\u00e9sid\u0151 \u00fcvegh\u00e1zban II-V, 1 cm<br \/>\nT\u00e1vols\u00e1gok, cm VI, 15 x 15 cm<br \/>\nN\u00f6v\u00e9nymagass\u00e1g Magas<br \/>\nSz\u00fcret III-VIII<br \/>\nTerm\u0151f\u00f6ld, \u00fcvegh\u00e1zban<br \/>\nORGANIC WAY m\u00e1rka<br \/>\nGy\u00fcm\u00f6lcs m\u00e9rete Nagy<\/p>\n","protected":false},"featured_media":31914,"comment_status":"closed","ping_status":"closed","template":"","meta":[],"product_brand":[],"product_cat":[354],"product_tag":[],"class_list":{"0":"post-31913","1":"product","2":"type-product","3":"status-publish","4":"has-post-thumbnail","6":"product_cat-organic-way","8":"first","9":"instock","10":"taxable","11":"shipping-taxable","12":"purchasable","13":"product-type-simple"},"_links":{"self":[{"href":"https:\/\/chilimag.hu\/webshop\/wp-json\/wp\/v2\/product\/31913","targetHints":{"allow":["GET"]}}],"collection":[{"href":"https:\/\/chilimag.hu\/webshop\/wp-json\/wp\/v2\/product"}],"about":[{"href":"https:\/\/chilimag.hu\/webshop\/wp-json\/wp\/v2\/types\/product"}],"replies":[{"embeddable":true,"href":"https:\/\/chilimag.hu\/webshop\/wp-json\/wp\/v2\/comments?post=31913"}],"wp:featuredmedia":[{"embeddable":true,"href":"https:\/\/chilimag.hu\/webshop\/wp-json\/wp\/v2\/media\/31914"}],"wp:attachment":[{"href":"https:\/\/chilimag.hu\/webshop\/wp-json\/wp\/v2\/media?parent=31913"}],"wp:term":[{"taxonomy":"product_brand","embeddable":true,"href":"https:\/\/chilimag.hu\/webshop\/wp-json\/wp\/v2\/product_brand?post=31913"},{"taxonomy":"product_cat","embeddable":true,"href":"https:\/\/chilimag.hu\/webshop\/wp-json\/wp\/v2\/product_cat?post=31913"},{"taxonomy":"product_tag","embeddable":true,"href":"https:\/\/chilimag.hu\/webshop\/wp-json\/wp\/v2\/product_tag?post=31913"}],"curies":[{"name":"wp","href":"https:\/\/api.w.org\/{rel}","templated":true}]}}