{"id":31911,"date":"2024-05-29T18:38:32","date_gmt":"2024-05-29T18:38:32","guid":{"rendered":"https:\/\/chilimag.hu\/webshop\/?post_type=product&#038;p=31911"},"modified":"2026-03-25T06:05:27","modified_gmt":"2026-03-25T06:05:27","slug":"petunia-double-cascade-valentine-hibrid-z-s-sl","status":"publish","type":"product","link":"https:\/\/chilimag.hu\/webshop\/termek\/petunia-double-cascade-valentine-hibrid-z-s-sl\/","title":{"rendered":"Petunia DOUBLE CASCADE  VALENTINE Hibrid Z.S SL"},"content":{"rendered":"","protected":false},"excerpt":{"rendered":"<p><img decoding=\"async\" class=\"active-logo\" src=\"https:\/\/b2b.seklos.lt\/themes\/warehouse\/img\/logo_en.png\" alt=\"Agrofirma S\u0117klos, UAB\" width=\"280\" height=\"95\" \/><\/p>\n<p>Egyny\u00e1ri 25-38 cm magas, kompakt vir\u00e1g. Vil\u00e1gos 8-9 cm-es vir\u00e1gz\u00e1st hoz. T\u00f6bb vir\u00e1gz\u00e1st hoz, mint m\u00e1s fajt\u00e1k. Hossz\u00fa ideig vir\u00e1gz\u00f3, kompakt n\u00f6v\u00e9nyek. A t\u00f6bbi pet\u00faniafajt\u00e1n\u00e1l jobban ellen\u00e1ll a kedvez\u0151tlen n\u00f6veked\u00e9si felt\u00e9teleknek \u00e9s betegs\u00e9geknek.<br \/>\nPellet\u00e1lt magok \u2013 szerves \u00e9s \u00e1sv\u00e1nyi m\u0171tr\u00e1gy\u00e1k megk\u00f6t\u0151 kever\u00e9k\u00e9vel bevonva. A magokat nem szabad szubsztr\u00e1tummal befedni, csak enyh\u00e9n belenyomni a talaj felsz\u00edn\u00e9be. A cs\u00edr\u00e1z\u00e1shoz a talaj fel\u00fclet\u00e9nek nedvesnek kell lennie.<\/p>\n<p>Hermetikus csomagol\u00e1s Igen<br \/>\nMagok sz\u00e1ma a csomagban, db. 20<br \/>\nVet\u00e9sid\u0151 \u00fcvegh\u00e1zban III\u2013IV, 0 cm<br \/>\nT\u00e1vols\u00e1gok, cm V\u2013VI, 20 x 20 cm<br \/>\nVir\u00e1gz\u00e1s VI-IX<br \/>\nM\u00e1rka \u017dalia stotel\u0117<br \/>\nErk\u00e9lyek, vir\u00e1g\u00e1gy\u00e1sok termeszt\u00e9s\u00e9re alkalmas<\/p>\n","protected":false},"featured_media":31912,"comment_status":"closed","ping_status":"closed","template":"","meta":[],"product_brand":[],"product_cat":[363],"product_tag":[],"class_list":{"0":"post-31911","1":"product","2":"type-product","3":"status-publish","4":"has-post-thumbnail","6":"product_cat-virag-vetomagok-zalia-stotele","8":"first","9":"instock","10":"taxable","11":"shipping-taxable","12":"purchasable","13":"product-type-simple"},"_links":{"self":[{"href":"https:\/\/chilimag.hu\/webshop\/wp-json\/wp\/v2\/product\/31911","targetHints":{"allow":["GET"]}}],"collection":[{"href":"https:\/\/chilimag.hu\/webshop\/wp-json\/wp\/v2\/product"}],"about":[{"href":"https:\/\/chilimag.hu\/webshop\/wp-json\/wp\/v2\/types\/product"}],"replies":[{"embeddable":true,"href":"https:\/\/chilimag.hu\/webshop\/wp-json\/wp\/v2\/comments?post=31911"}],"wp:featuredmedia":[{"embeddable":true,"href":"https:\/\/chilimag.hu\/webshop\/wp-json\/wp\/v2\/media\/31912"}],"wp:attachment":[{"href":"https:\/\/chilimag.hu\/webshop\/wp-json\/wp\/v2\/media?parent=31911"}],"wp:term":[{"taxonomy":"product_brand","embeddable":true,"href":"https:\/\/chilimag.hu\/webshop\/wp-json\/wp\/v2\/product_brand?post=31911"},{"taxonomy":"product_cat","embeddable":true,"href":"https:\/\/chilimag.hu\/webshop\/wp-json\/wp\/v2\/product_cat?post=31911"},{"taxonomy":"product_tag","embeddable":true,"href":"https:\/\/chilimag.hu\/webshop\/wp-json\/wp\/v2\/product_tag?post=31911"}],"curies":[{"name":"wp","href":"https:\/\/api.w.org\/{rel}","templated":true}]}}