{"id":31909,"date":"2024-05-29T18:22:50","date_gmt":"2024-05-29T18:22:50","guid":{"rendered":"https:\/\/chilimag.hu\/webshop\/?post_type=product&#038;p=31909"},"modified":"2026-02-24T18:15:01","modified_gmt":"2026-02-24T18:15:01","slug":"gorogdinnye-morgan-hibrid-z-s-sl","status":"publish","type":"product","link":"https:\/\/chilimag.hu\/webshop\/termek\/gorogdinnye-morgan-hibrid-z-s-sl\/","title":{"rendered":"G\u00f6r\u00f6gdinnye Morgan Hibrid Z.S SL"},"content":{"rendered":"","protected":false},"excerpt":{"rendered":"<p><img decoding=\"async\" class=\"active-logo\" src=\"https:\/\/b2b.seklos.lt\/themes\/warehouse\/img\/logo_en.png\" alt=\"Agrofirma S\u0117klos, UAB\" width=\"280\" height=\"95\" \/><\/p>\n<p>Crimson Sweet t\u00edpus\u00fa hibrid, amely k\u00fcl\u00f6nb\u00f6z\u0151 \u00e9ghajlati viszonyok k\u00f6z\u00f6tt j\u00f3 term\u00e9st ad. A term\u00e9s a pal\u00e1nt\u00e1k ki\u00fcltet\u00e9se ut\u00e1n 68-72 nappal \u00e9rik. Gy\u00fcm\u00f6lcse ov\u00e1lis, hossz\u00fak\u00e1s, s\u00falya 12-15 kg, n\u00e9ha 18 kg. A h\u00fas v\u00f6r\u00f6s, nagyon \u00e9des, illatos. A kor\u00e1bbi betakar\u00edt\u00e1s \u00e9rdek\u00e9ben pal\u00e1ntak\u00e9nt kell \u00fcltetni. A pal\u00e1nt\u00e1kat m\u00e1jus v\u00e9g\u00e9t\u0151l j\u00fanius elej\u00e9ig kell \u00e1lland\u00f3 term\u0151helyre \u00fcltetni, amikor a talaj el\u00e9g meleg. A magvak kezelhet\u0151k. Ha a magvakat kezelik, a kezel\u00e9s neve a csomagol\u00e1s alj\u00e1n tal\u00e1lhat\u00f3.<\/p>\n<p>A fajta korai \u00e9r\u00e9se M\u00e9rs\u00e9kelten korai<br \/>\nHermetikus csomagol\u00e1s Igen<br \/>\nMennyis\u00e9g egy csomagban 0,1g<br \/>\nMagok sz\u00e1ma a csomagban, db. 5<br \/>\nVet\u00e9sid\u0151 a talajban V-VI, 2,5-3,5cm<br \/>\nA pal\u00e1nt\u00e1k vet\u00e9si ideje III-IV, 2,5-3,5 cm<br \/>\nVet\u00e9sid\u0151 \u00fcvegh\u00e1zban III-IV, 2,5-3,5 cm<br \/>\nT\u00e1vols\u00e1gok, cm V, 100&#215;50-70 cm<br \/>\nSz\u00fcret VII-IX<br \/>\nTerm\u0151f\u00f6ld<br \/>\nM\u00e1rka \u017dalia stotel\u0117<br \/>\nNapos hely Igen<\/p>\n","protected":false},"featured_media":31910,"comment_status":"closed","ping_status":"closed","template":"","meta":[],"product_brand":[],"product_cat":[420],"product_tag":[],"class_list":{"0":"post-31909","1":"product","2":"type-product","3":"status-publish","4":"has-post-thumbnail","6":"product_cat-dinnye-es-tok-vetomagok-zalia-stotele","8":"first","9":"instock","10":"taxable","11":"shipping-taxable","12":"purchasable","13":"product-type-simple"},"_links":{"self":[{"href":"https:\/\/chilimag.hu\/webshop\/wp-json\/wp\/v2\/product\/31909","targetHints":{"allow":["GET"]}}],"collection":[{"href":"https:\/\/chilimag.hu\/webshop\/wp-json\/wp\/v2\/product"}],"about":[{"href":"https:\/\/chilimag.hu\/webshop\/wp-json\/wp\/v2\/types\/product"}],"replies":[{"embeddable":true,"href":"https:\/\/chilimag.hu\/webshop\/wp-json\/wp\/v2\/comments?post=31909"}],"wp:featuredmedia":[{"embeddable":true,"href":"https:\/\/chilimag.hu\/webshop\/wp-json\/wp\/v2\/media\/31910"}],"wp:attachment":[{"href":"https:\/\/chilimag.hu\/webshop\/wp-json\/wp\/v2\/media?parent=31909"}],"wp:term":[{"taxonomy":"product_brand","embeddable":true,"href":"https:\/\/chilimag.hu\/webshop\/wp-json\/wp\/v2\/product_brand?post=31909"},{"taxonomy":"product_cat","embeddable":true,"href":"https:\/\/chilimag.hu\/webshop\/wp-json\/wp\/v2\/product_cat?post=31909"},{"taxonomy":"product_tag","embeddable":true,"href":"https:\/\/chilimag.hu\/webshop\/wp-json\/wp\/v2\/product_tag?post=31909"}],"curies":[{"name":"wp","href":"https:\/\/api.w.org\/{rel}","templated":true}]}}