{"id":31888,"date":"2024-05-28T18:37:14","date_gmt":"2024-05-28T18:37:14","guid":{"rendered":"https:\/\/chilimag.hu\/webshop\/?post_type=product&#038;p=31888"},"modified":"2026-03-20T19:20:09","modified_gmt":"2026-03-20T19:20:09","slug":"thai-bazsalikom-eln-sl","status":"publish","type":"product","link":"https:\/\/chilimag.hu\/webshop\/termek\/thai-bazsalikom-eln-sl\/","title":{"rendered":"Thai bazsalikom ELN SL"},"content":{"rendered":"","protected":false},"excerpt":{"rendered":"<p>A THAI bazsalikom rendk\u00edv\u00fcl arom\u00e1s. A n\u00f6v\u00e9nyek dekorat\u00edvak, oszloposak, 60-90 cm-re n\u0151nek, a lombozat s\u00f6t\u00e9tz\u00f6ld. Alkalmas szabadf\u00f6ldi termeszt\u00e9sre, \u00fcvegh\u00e1zban \u00e9s cser\u00e9pben. F\u0171szerkever\u00e9kek k\u00e9sz\u00edt\u00e9sekor ez a bazsalikomfajta t\u00f6k\u00e9letesen kieg\u00e9sz\u00edti a kakukkf\u00fcvet, az \u00f6sztragont, a petrezselymet \u00e9s a rozmaringot. A levelek vir\u00e1gz\u00e1s el\u0151tt a legillatosabbak. T\u00e9len a bazsalikom otthon is termeszthet\u0151 ablakp\u00e1rk\u00e1nyon l\u00e9v\u0151 dobozokban, azonban sz\u00fcks\u00e9g van tov\u00e1bbi vil\u00e1g\u00edt\u00e1sra. A pal\u00e1nt\u00e1kat aj\u00e1nlott \u00e1lland\u00f3 term\u0151helyre \u00fcltetni; szabadf\u00f6ldi termeszt\u00e9s eset\u00e9n a n\u00f6v\u00e9nyeket a fagyvesz\u00e9ly elm\u00falt\u00e1val kell \u00fcltetni. A magokat cs\u00edr\u00e1ztat\u00f3 t\u00e1lc\u00e1kba kell vetni, majd k\u00e9s\u0151bb a pal\u00e1nt\u00e1kat cser\u00e9pbe kell sz\u00farni.<br \/>\n3-5 m\u00b2-es ter\u00fcletre 20 mag elegend\u0151, vagy cser\u00e9pben egy n\u00f6v\u00e9ny \u00fcltet\u00e9se eset\u00e9n 10-14 cser\u00e9p.<\/p>\n<p>Hermetikus csomagol\u00e1s Igen<br \/>\nMagok sz\u00e1ma a csomagban, db. 20<br \/>\nMagok sz\u00e1ma a csomagban, db. 20<br \/>\nVet\u00e9sid\u0151 a talajban IV-VI, 1 cm<br \/>\nA pal\u00e1nt\u00e1k vet\u00e9si ideje III-IV, 1 cm<br \/>\nT\u00e1vols\u00e1gok, cm 20&#215;20 cm<br \/>\nSz\u00fcret IV-IX<\/p>\n","protected":false},"featured_media":31889,"comment_status":"closed","ping_status":"closed","template":"","meta":[],"product_brand":[],"product_cat":[368],"product_tag":[],"class_list":{"0":"post-31888","1":"product","2":"type-product","3":"status-publish","4":"has-post-thumbnail","6":"product_cat-zoldseg-vetomagok","8":"first","9":"instock","10":"taxable","11":"shipping-taxable","12":"purchasable","13":"product-type-simple"},"_links":{"self":[{"href":"https:\/\/chilimag.hu\/webshop\/wp-json\/wp\/v2\/product\/31888","targetHints":{"allow":["GET"]}}],"collection":[{"href":"https:\/\/chilimag.hu\/webshop\/wp-json\/wp\/v2\/product"}],"about":[{"href":"https:\/\/chilimag.hu\/webshop\/wp-json\/wp\/v2\/types\/product"}],"replies":[{"embeddable":true,"href":"https:\/\/chilimag.hu\/webshop\/wp-json\/wp\/v2\/comments?post=31888"}],"wp:featuredmedia":[{"embeddable":true,"href":"https:\/\/chilimag.hu\/webshop\/wp-json\/wp\/v2\/media\/31889"}],"wp:attachment":[{"href":"https:\/\/chilimag.hu\/webshop\/wp-json\/wp\/v2\/media?parent=31888"}],"wp:term":[{"taxonomy":"product_brand","embeddable":true,"href":"https:\/\/chilimag.hu\/webshop\/wp-json\/wp\/v2\/product_brand?post=31888"},{"taxonomy":"product_cat","embeddable":true,"href":"https:\/\/chilimag.hu\/webshop\/wp-json\/wp\/v2\/product_cat?post=31888"},{"taxonomy":"product_tag","embeddable":true,"href":"https:\/\/chilimag.hu\/webshop\/wp-json\/wp\/v2\/product_tag?post=31888"}],"curies":[{"name":"wp","href":"https:\/\/api.w.org\/{rel}","templated":true}]}}