{"id":31883,"date":"2024-05-28T18:12:44","date_gmt":"2024-05-28T18:12:44","guid":{"rendered":"https:\/\/chilimag.hu\/webshop\/?post_type=product&#038;p=31883"},"modified":"2026-05-08T09:43:52","modified_gmt":"2026-05-08T09:43:52","slug":"agyaggranulatum-4-8-mm-5-l","status":"publish","type":"product","link":"https:\/\/chilimag.hu\/webshop\/termek\/agyaggranulatum-4-8-mm-5-l\/","title":{"rendered":"Agyaggranul\u00e1tum 4-8 mm  5 l"},"content":{"rendered":"","protected":false},"excerpt":{"rendered":"<p>Felhaszn\u00e1l\u00e1s: Az expand\u00e1lt agyagszemcs\u00e9ket cserepekbe vagy v\u00e1ly\u00fakba helyezz\u00fck a n\u00f6v\u00e9nyi talaj v\u00edzelvezet\u0151 adal\u00e9kak\u00e9nt. Az expand\u00e1lt agyag el\u0151seg\u00edti a n\u00f6v\u00e9nyek n\u00f6veked\u00e9s\u00e9t, jav\u00edtja a nedvess\u00e9get \u00e9s a leveg\u0151 kering\u00e9s\u00e9t, megtartja a nedvess\u00e9get, \u00e9s megakad\u00e1lyozza a pen\u00e9szk\u00e9pz\u0151d\u00e9st a talaj felsz\u00edn\u00e9n. Az expand\u00e1lt agyag 1200 \u00b0C-on \u00e9getett agyaggranul\u00e1tum, amely t\u00f6bbsz\u00f6r\u00f6sen k\u00f6nnyebb, mint a term\u00e9szetben el\u0151fordul\u00f3 anyagok. A k\u00fcl\u00f6nf\u00e9le agyagokat k\u0151b\u00e1ny\u00e1kban \u00e1sj\u00e1k ki, majd \u00f6sszekeverik, leh\u0171tik, sz\u00e1r\u00edtj\u00e1k, z\u00fazz\u00e1k \u00e9s kemenc\u00e9be helyezik. Magas h\u0151m\u00e9rs\u00e9kleten az agyag alapanyag megduzzad \u00e9s kem\u00e9ny k\u00fcls\u0151 fel\u00fcletet k\u00e9pez, mik\u00f6zben bel\u00fcl por\u00f3zus marad. Felhaszn\u00e1l\u00e1si javaslatok: Az ed\u00e9ny alj\u00e1ra 2-3 cm \u00e9getett agyaggranul\u00e1tumot aj\u00e1nlatos tenni. A v\u00edzelvezet\u0151 talajt f\u0151 r\u00e9tegk\u00e9nt haszn\u00e1lj\u00e1k az ed\u00e9ny alj\u00e1n, a tart\u00e1lyban. Elvezeti a felesleges vizet, \u00e9s megakad\u00e1lyozza, hogy a n\u00f6v\u00e9ny gy\u00f6kerei be\u00e1zzanak. Ez biztos\u00edtja a megfelel\u0151 szell\u0151z\u00e9st \u00e9s v\u00e9di a n\u00f6v\u00e9nyt a pen\u00e9szt\u0151l. Az ed\u00e9ny fel\u00fclet\u00e9nek kit\u00f6lt\u00e9s\u00e9re duzzasztott agyagszemcs\u00e9ket is haszn\u00e1lhatunk. Javasoljuk, hogy 2-3 cm-t \u00f6nts\u00f6n \u2013 tetszet\u0151s, rendezett megjelen\u00e9s\u0171 lesz, \u00e9s meg\u00f3vja a n\u00f6v\u00e9nyt a kisz\u00e1rad\u00e1st\u00f3l. T\u00e1ptalajok, egy\u00e9b t\u00e1ptalajok: F.2.1.1.20. Por\u00f3zus agyag. F\u0151 \u00f6sszetev\u0151k: 100% por\u00f3zus agyag. \u00d6sszet\u00e9tel: reakci\u00f3 (pHKCl) &#8211; 9,0-9,5, elektromos vezet\u0151k\u00e9pess\u00e9g (EC mS\/cm) &#8211; 0,29 &#8211; 0,69, sz\u00e1razanyag &#8211; 98,7 &#8211; 99,99 %, frakci\u00f3 &#8211; 4-8 mm, fizikai forma &#8211; gy\u00f6ngy\u00f6k, K\u00e9miai \u00f6sszet\u00e9tel : \u00f6sszes nitrog\u00e9n N) \u2013 0,01 %, P2O5 \u2013 0,035 &#8211; 0,085 %, K2O \u2013 0,045 \u2013 0,072 %. Szennyez\u0151d\u00e9sek: kr\u00f3m (Cr) &lt; 70 mg\/kg, kadmium (Cd) &lt; 1,5 mg\/kg, hat vegy\u00e9rt\u00e9k\u0171 kr\u00f3m (Cr VI) &lt; 2 mg\/kg, higany (Hg) &lt; 1 mg\/kg, nikkel (Ni) &lt; 50 mg\/kg, \u00f3lom (Pb) \u2013 &lt; 120 mg\/kg, arz\u00e9n (As) &lt; 40 mg\/kg, r\u00e9z (Cu) &lt; 200 mg\/kg, cink (Zn) &lt; 500 mg\/kg, Escherichia coli \u00e9s Enterococcaceae \u2013 nem tal\u00e1lhat\u00f3. Biztons\u00e1g \u00e9s t\u00e1rol\u00e1s: haszn\u00e1lat sor\u00e1n az \u00e1ltal\u00e1nos higi\u00e9niai k\u00f6vetelm\u00e9nyeket be kell tartani. Tartsa t\u00e1vol gyermekekt\u0151l. A fizikai v\u00e1ltoz\u00e1sok sor\u00e1n a tulajdons\u00e1gok nem v\u00e1ltoznak. Sz\u00e1raz helyen, k\u00f6zvetlen napf\u00e9nyt\u0151l v\u00e9dve t\u00e1rolva korl\u00e1tlan eltarthat\u00f3s\u00e1ggal rendelkezik.<br \/>\nBIOHUMUS &amp; SOIL m\u00e1rka<\/p>\n","protected":false},"featured_media":31884,"comment_status":"closed","ping_status":"closed","template":"","meta":[],"product_brand":[],"product_cat":[466],"product_tag":[],"class_list":{"0":"post-31883","1":"product","2":"type-product","3":"status-publish","4":"has-post-thumbnail","6":"product_cat-talaj-javitok-es-takarok","8":"first","9":"instock","10":"taxable","11":"shipping-taxable","12":"purchasable","13":"product-type-simple"},"_links":{"self":[{"href":"https:\/\/chilimag.hu\/webshop\/wp-json\/wp\/v2\/product\/31883","targetHints":{"allow":["GET"]}}],"collection":[{"href":"https:\/\/chilimag.hu\/webshop\/wp-json\/wp\/v2\/product"}],"about":[{"href":"https:\/\/chilimag.hu\/webshop\/wp-json\/wp\/v2\/types\/product"}],"replies":[{"embeddable":true,"href":"https:\/\/chilimag.hu\/webshop\/wp-json\/wp\/v2\/comments?post=31883"}],"wp:featuredmedia":[{"embeddable":true,"href":"https:\/\/chilimag.hu\/webshop\/wp-json\/wp\/v2\/media\/31884"}],"wp:attachment":[{"href":"https:\/\/chilimag.hu\/webshop\/wp-json\/wp\/v2\/media?parent=31883"}],"wp:term":[{"taxonomy":"product_brand","embeddable":true,"href":"https:\/\/chilimag.hu\/webshop\/wp-json\/wp\/v2\/product_brand?post=31883"},{"taxonomy":"product_cat","embeddable":true,"href":"https:\/\/chilimag.hu\/webshop\/wp-json\/wp\/v2\/product_cat?post=31883"},{"taxonomy":"product_tag","embeddable":true,"href":"https:\/\/chilimag.hu\/webshop\/wp-json\/wp\/v2\/product_tag?post=31883"}],"curies":[{"name":"wp","href":"https:\/\/api.w.org\/{rel}","templated":true}]}}