{"id":31881,"date":"2024-05-28T18:03:44","date_gmt":"2024-05-28T18:03:44","guid":{"rendered":"https:\/\/chilimag.hu\/webshop\/?post_type=product&#038;p=31881"},"modified":"2024-09-29T17:34:53","modified_gmt":"2024-09-29T17:34:53","slug":"mutragya-eper-es-bogyos-gyumolcsokhoz-2-kg","status":"publish","type":"product","link":"https:\/\/chilimag.hu\/webshop\/termek\/mutragya-eper-es-bogyos-gyumolcsokhoz-2-kg\/","title":{"rendered":"M\u0171tr\u00e1gya Eper \u00e9s bogy\u00f3s gy\u00fcm\u00f6lcs\u00f6kh\u00f6z 2 kg"},"content":{"rendered":"","protected":false},"excerpt":{"rendered":"<p><img decoding=\"async\" class=\"active-logo\" src=\"https:\/\/b2b.seklos.lt\/themes\/warehouse\/img\/logo_en.png\" alt=\"Agrofirma S\u0117klos, UAB\" width=\"280\" height=\"95\" \/><\/p>\n<p>EPER- \u00c9S GY\u00dcM\u00d6LCSBOKROS TR\u00c1GYA<br \/>\nPFC 1(C)(I)(a)(ii): \u00d6SSZETETT SZIL\u00c1RD SZERVETLEN MAKROT\u00c1PANYAG-M\u0170TR\u00c1GYA<br \/>\nNyomelemes komplex m\u0171tr\u00e1gy\u00e1k NPK (Mg, S) 12-12-17 (+2+35) + (B, Zn)<br \/>\nHaszn\u00e1lati \u00fatmutat\u00f3. Felhaszn\u00e1l\u00e1si c\u00e9l: a m\u0171tr\u00e1gya a talaj \u00e9s\/vagy a talaj jav\u00edt\u00e1s\u00e1ra szolg\u00e1l, k\u00fcl\u00f6nb\u00f6z\u0151 n\u00f6veked\u00e9si f\u00e1zisban l\u00e9v\u0151 gy\u00fcm\u00f6lcsfajt\u00e1k etet\u00e9s\u00e9re k\u00fcl\u00f6nb\u00f6z\u0151 talajt\u00edpusban (f\u00f6ld\u00f6n) \u00e9s elt\u00e9r\u0151 n\u00f6v\u00e9nytermeszt\u00e9si k\u00f6r\u00fclm\u00e9nyek k\u00f6z\u00f6tt. Alkalmas fiatal, cserepes \u00e9s kont\u00e9neres n\u00f6v\u00e9nyek, valamint kl\u00f3r\u00e9rz\u00e9keny n\u00f6v\u00e9nyek tr\u00e1gy\u00e1z\u00e1s\u00e1ra. Felhaszn\u00e1l\u00e1si javaslatok: pr\u00f3b\u00e1ljuk helyben tr\u00e1gy\u00e1zni. Mindig pr\u00f3b\u00e1lja meg a m\u0171tr\u00e1gy\u00e1t a talajba juttatni. A bokrok \u00e9s f\u00e1k k\u00f6r\u00fcl az \u00e1gkorona sz\u00e9less\u00e9g\u0171 szakaszt tr\u00e1gy\u00e1zzuk meg. Tr\u00e1gy\u00e1zzuk 1-3 alkalommal az aj\u00e1nlott mennyis\u00e9gig. A tr\u00e1gy\u00e1z\u00e1si alkalmak sz\u00e1ma a n\u00f6v\u00e9nyek vegetat\u00edv sz\u00fcks\u00e9gleteit\u0151l, a tr\u00e1gy\u00e1z\u00e1si id\u0151t\u0151l \u00e9s a talajban l\u00e9v\u0151 t\u00e1panyag mennyis\u00e9g\u00e9t\u0151l f\u00fcgg. Tr\u00e1gy\u00e1zzunk a talaj f\u0151m\u0171vel\u00e9se (a f\u00f6ld el\u0151k\u00e9sz\u00edt\u00e9se) el\u0151tt, \u00fcltet\u00e9s el\u0151tt \u00fcltet\u00e9skor a k\u00f6vetkez\u0151 veget\u00e1ci\u00f3 kezdet\u00e9n, pr\u00f3b\u00e1ljunk tr\u00e1gy\u00e1zni a veget\u00e1ci\u00f3s id\u0151szakban (akt\u00edv n\u00f6veked\u00e9skor, vir\u00e1gz\u00e1s el\u0151tt, vir\u00e1gz\u00e1s ut\u00e1n term\u00e9sk\u00e9pz\u0151d\u00e9skor, betakar\u00edt\u00e1s ut\u00e1n ). Ezen m\u00f3dszerek k\u00fcl\u00f6nb\u00f6z\u0151 ar\u00e1ny\u00fa kombin\u00e1ci\u00f3ja is alkalmazhat\u00f3 a n\u00f6v\u00e9nyfajok \u00e9s a talaj ig\u00e9nyeit\u0151l f\u00fcgg\u0151en. Kijuttat\u00e1si mennyis\u00e9g: facsemet\u00e9k \u2013 20-30 g\/m2 f\u00f6ld (talaj) 50-100 g\/m2 eper, ribizli, egres, m\u00e1lna, lonc, sz\u0151l\u0151 \u00e9s egy\u00e9b gy\u00fcm\u00f6lcsbokrok \u2013 30-100 g\/m2, gy\u00fcm\u00f6lcsf\u00e1k \u2013 80-150 g\/m2. Csak akkor haszn\u00e1lja, ha felismerte a m\u0171tr\u00e1gya sz\u00fcks\u00e9gess\u00e9g\u00e9t! Ne l\u00e9pje t\u00fal az alkalmaz\u00e1si ar\u00e1nyokat! S\u00faly (nett\u00f3) \u2013 2 kg.<br \/>\n\u00dajracsomagol\u00f3 (elad\u00f3): JSC Agrofirma S\u0116KLOS, Mol\u0117t\u0173 u. 13-1, Did\u017eioji Rie\u0161\u0117 falu, LT-14262 Vilnius j\u00e1r\u00e1s, e-mail: info@seklos.lt, www.seklos.lt, Litv\u00e1nia.<\/p>\n<p>AGRONOM m\u00e1rka<br \/>\nM\u0171tr\u00e1gya t\u00edpusa Laza<br \/>\nM\u0171tr\u00e1gya szezonalit\u00e1s Ny\u00e1ri tr\u00e1gy\u00e1z\u00e1s, Tavaszi tr\u00e1gy\u00e1z\u00e1s<br \/>\nKiszerel\u00e9s 2 kg<\/p>\n","protected":false},"featured_media":31882,"comment_status":"closed","ping_status":"closed","template":"","meta":[],"product_brand":[],"product_cat":[388],"product_tag":[],"class_list":{"0":"post-31881","1":"product","2":"type-product","3":"status-publish","4":"has-post-thumbnail","6":"product_cat-agronom-tapoldatok-es-noveny-apolok","8":"first","9":"instock","10":"taxable","11":"shipping-taxable","12":"purchasable","13":"product-type-simple"},"_links":{"self":[{"href":"https:\/\/chilimag.hu\/webshop\/wp-json\/wp\/v2\/product\/31881","targetHints":{"allow":["GET"]}}],"collection":[{"href":"https:\/\/chilimag.hu\/webshop\/wp-json\/wp\/v2\/product"}],"about":[{"href":"https:\/\/chilimag.hu\/webshop\/wp-json\/wp\/v2\/types\/product"}],"replies":[{"embeddable":true,"href":"https:\/\/chilimag.hu\/webshop\/wp-json\/wp\/v2\/comments?post=31881"}],"wp:featuredmedia":[{"embeddable":true,"href":"https:\/\/chilimag.hu\/webshop\/wp-json\/wp\/v2\/media\/31882"}],"wp:attachment":[{"href":"https:\/\/chilimag.hu\/webshop\/wp-json\/wp\/v2\/media?parent=31881"}],"wp:term":[{"taxonomy":"product_brand","embeddable":true,"href":"https:\/\/chilimag.hu\/webshop\/wp-json\/wp\/v2\/product_brand?post=31881"},{"taxonomy":"product_cat","embeddable":true,"href":"https:\/\/chilimag.hu\/webshop\/wp-json\/wp\/v2\/product_cat?post=31881"},{"taxonomy":"product_tag","embeddable":true,"href":"https:\/\/chilimag.hu\/webshop\/wp-json\/wp\/v2\/product_tag?post=31881"}],"curies":[{"name":"wp","href":"https:\/\/api.w.org\/{rel}","templated":true}]}}