{"id":31875,"date":"2024-05-28T17:44:26","date_gmt":"2024-05-28T17:44:26","guid":{"rendered":"https:\/\/chilimag.hu\/webshop\/?post_type=product&#038;p=31875"},"modified":"2024-11-30T17:54:21","modified_gmt":"2024-11-30T17:54:21","slug":"lotragya-komposzt-bio","status":"publish","type":"product","link":"https:\/\/chilimag.hu\/webshop\/termek\/lotragya-komposzt-bio\/","title":{"rendered":"L\u00f3tr\u00e1gya komposzt Bio"},"content":{"rendered":"","protected":false},"excerpt":{"rendered":"<p>L\u00d3TR\u00c1GYA KOMPOSZT Talajjav\u00edt\u00f3 (m\u0171tr\u00e1gya) Term\u00e9szetes talajjav\u00edt\u00f3 anyagk\u00e9nt k\u00e9sz\u00fclt tr\u00e1gyakomposzt n\u00f6v\u00e9nyek, cs\u00edr\u00e1k (pal\u00e1nt\u00e1k, fiatal n\u00f6v\u00e9nyek), z\u00f6lds\u00e9gek, vir\u00e1gok, kerti \u00e9s d\u00edszn\u00f6v\u00e9nyek, gyep szubsztr\u00e1tumaihoz. A k\u00fcl\u00f6nf\u00e9le szerves anyagok \u00f6sszet\u00e9tel\u00e9ben tal\u00e1lhat\u00f3 szerves \u00e9s mikrobiol\u00f3giai anyagok laz\u00edtj\u00e1k a talajt \u00e9s biztos\u00edtj\u00e1k a hossz\u00fa t\u00e1v\u00fa tr\u00e1gy\u00e1z\u00f3 hat\u00e1st. A talajba juttatott komposzt felszabad\u00edtja a n\u00f6v\u00e9nyek sz\u00e1m\u00e1ra sz\u00fcks\u00e9ges f\u0151 t\u00e1panyagokat \u2013 nitrog\u00e9nt, foszfort, k\u00e1liumot \u00e9s nyomelemeket. Ha a talaj sok agyagot tartalmaz, a komposzt jav\u00edtja a szerkezet\u00e9t \u00e9s n\u00f6veli a l\u00e9g\u00e1tereszt\u0151 k\u00e9pess\u00e9g\u00e9t, m\u00edg homokos talajban megtartja a nedvess\u00e9get \u00e9s helyre\u00e1ll\u00edtja a leromlott talajokat. Ezzel a komposzttal tr\u00e1gy\u00e1zott n\u00f6v\u00e9nyei jobban ellen\u00e1llnak a betegs\u00e9geknek.<br \/>\nBIOHUMUS &amp; SOIL m\u00e1rka<br \/>\nT\u00e9rfogat t\u00f6lt\u00e9skor 10 l<\/p>\n","protected":false},"featured_media":31876,"comment_status":"closed","ping_status":"closed","template":"","meta":[],"product_brand":[],"product_cat":[371],"product_tag":[],"class_list":{"0":"post-31875","1":"product","2":"type-product","3":"status-publish","4":"has-post-thumbnail","6":"product_cat-seklos-lt-tozegek","8":"first","9":"instock","10":"taxable","11":"shipping-taxable","12":"purchasable","13":"product-type-simple"},"_links":{"self":[{"href":"https:\/\/chilimag.hu\/webshop\/wp-json\/wp\/v2\/product\/31875","targetHints":{"allow":["GET"]}}],"collection":[{"href":"https:\/\/chilimag.hu\/webshop\/wp-json\/wp\/v2\/product"}],"about":[{"href":"https:\/\/chilimag.hu\/webshop\/wp-json\/wp\/v2\/types\/product"}],"replies":[{"embeddable":true,"href":"https:\/\/chilimag.hu\/webshop\/wp-json\/wp\/v2\/comments?post=31875"}],"wp:featuredmedia":[{"embeddable":true,"href":"https:\/\/chilimag.hu\/webshop\/wp-json\/wp\/v2\/media\/31876"}],"wp:attachment":[{"href":"https:\/\/chilimag.hu\/webshop\/wp-json\/wp\/v2\/media?parent=31875"}],"wp:term":[{"taxonomy":"product_brand","embeddable":true,"href":"https:\/\/chilimag.hu\/webshop\/wp-json\/wp\/v2\/product_brand?post=31875"},{"taxonomy":"product_cat","embeddable":true,"href":"https:\/\/chilimag.hu\/webshop\/wp-json\/wp\/v2\/product_cat?post=31875"},{"taxonomy":"product_tag","embeddable":true,"href":"https:\/\/chilimag.hu\/webshop\/wp-json\/wp\/v2\/product_tag?post=31875"}],"curies":[{"name":"wp","href":"https:\/\/api.w.org\/{rel}","templated":true}]}}