{"id":31857,"date":"2024-05-27T18:50:20","date_gmt":"2024-05-27T18:50:20","guid":{"rendered":"https:\/\/chilimag.hu\/webshop\/?post_type=product&#038;p=31857"},"modified":"2026-05-10T20:46:19","modified_gmt":"2026-05-10T20:46:19","slug":"leggombvirag-ballon-z-s-sl","status":"publish","type":"product","link":"https:\/\/chilimag.hu\/webshop\/termek\/leggombvirag-ballon-z-s-sl\/","title":{"rendered":"L\u00e9gg\u00f6mbvir\u00e1g Ballon Z.S SL"},"content":{"rendered":"","protected":false},"excerpt":{"rendered":"<p><img decoding=\"async\" class=\"active-logo\" src=\"https:\/\/b2b.seklos.lt\/themes\/warehouse\/img\/logo_en.png\" alt=\"Agrofirma S\u0117klos, UAB\" width=\"280\" height=\"95\" \/><\/p>\n<p>\u00c9vel\u0151, 30-50 cm magas vir\u00e1gok, amelyek harang alak\u00faak, nagy vir\u00e1gokat hoznak. Cser\u00e9pben, vir\u00e1goskertben termesztik. Csoportosan \u00fcltetve, t\u00f6k\u00e9letesen kieg\u00e9sz\u00edti a t\u00f6bbi vir\u00e1got, k\u00fcl\u00f6n\u00f6sen a k\u00e9k vir\u00e1g\u00fa vir\u00e1gokat. Napos helyre kell \u00fcltetni, kiss\u00e9 sz\u00e1raz talaj v\u00e1laszt\u00e1s\u00e1val. T\u00e9lre takarni javasolt.<\/p>\n<p>Hermetikus csomagol\u00e1s Igen<br \/>\nMennyis\u00e9g egy csomagban 0,1 g<br \/>\nMagok sz\u00e1ma grammonk\u00e9nt ~1100<br \/>\nVir\u00e1gz\u00e1si id\u0151szak VI-VII<br \/>\nTermeszt\u00e9si hely Erk\u00e9ly<br \/>\nM\u00e1rka \u017dalia stotel\u0117<br \/>\nVir\u00e1g\u00e1gy\u00e1sok termeszt\u00e9s\u00e9re alkalmas<\/p>\n","protected":false},"featured_media":31858,"comment_status":"closed","ping_status":"closed","template":"","meta":[],"product_brand":[],"product_cat":[363],"product_tag":[],"class_list":{"0":"post-31857","1":"product","2":"type-product","3":"status-publish","4":"has-post-thumbnail","6":"product_cat-virag-vetomagok-zalia-stotele","8":"first","9":"instock","10":"taxable","11":"shipping-taxable","12":"purchasable","13":"product-type-simple"},"_links":{"self":[{"href":"https:\/\/chilimag.hu\/webshop\/wp-json\/wp\/v2\/product\/31857","targetHints":{"allow":["GET"]}}],"collection":[{"href":"https:\/\/chilimag.hu\/webshop\/wp-json\/wp\/v2\/product"}],"about":[{"href":"https:\/\/chilimag.hu\/webshop\/wp-json\/wp\/v2\/types\/product"}],"replies":[{"embeddable":true,"href":"https:\/\/chilimag.hu\/webshop\/wp-json\/wp\/v2\/comments?post=31857"}],"wp:featuredmedia":[{"embeddable":true,"href":"https:\/\/chilimag.hu\/webshop\/wp-json\/wp\/v2\/media\/31858"}],"wp:attachment":[{"href":"https:\/\/chilimag.hu\/webshop\/wp-json\/wp\/v2\/media?parent=31857"}],"wp:term":[{"taxonomy":"product_brand","embeddable":true,"href":"https:\/\/chilimag.hu\/webshop\/wp-json\/wp\/v2\/product_brand?post=31857"},{"taxonomy":"product_cat","embeddable":true,"href":"https:\/\/chilimag.hu\/webshop\/wp-json\/wp\/v2\/product_cat?post=31857"},{"taxonomy":"product_tag","embeddable":true,"href":"https:\/\/chilimag.hu\/webshop\/wp-json\/wp\/v2\/product_tag?post=31857"}],"curies":[{"name":"wp","href":"https:\/\/api.w.org\/{rel}","templated":true}]}}