{"id":31855,"date":"2024-05-27T18:36:38","date_gmt":"2024-05-27T18:36:38","guid":{"rendered":"https:\/\/chilimag.hu\/webshop\/?post_type=product&#038;p=31855"},"modified":"2026-05-10T20:46:19","modified_gmt":"2026-05-10T20:46:19","slug":"tarkalevelu-zsalya-clary-mix-z-s-sl","status":"publish","type":"product","link":"https:\/\/chilimag.hu\/webshop\/termek\/tarkalevelu-zsalya-clary-mix-z-s-sl\/","title":{"rendered":"Tarkalevel\u0171 zs\u00e1lya Clary Mix Z.S SL"},"content":{"rendered":"","protected":false},"excerpt":{"rendered":"<p><img decoding=\"async\" class=\"active-logo\" src=\"https:\/\/b2b.seklos.lt\/themes\/warehouse\/img\/logo_en.png\" alt=\"Agrofirma S\u0117klos, UAB\" width=\"280\" height=\"95\" \/><\/p>\n<p>Egyny\u00e1ri vir\u00e1gok, 60-70 cm magasak, dekorat\u00edv k\u00e9tsz\u00edn\u0171 levelekkel. Alkalmas vir\u00e1g\u00e1gy\u00e1soknak eg\u00e9sz ny\u00e1ron. Vir\u00e1g\u00e1gy\u00e1sokban termeszthet\u0151, vagy csokorban haszn\u00e1lhat\u00f3. Az utols\u00f3 fagy id\u0151pontja ut\u00e1n \u00fcltess\u00fck a szabadba. M\u00e1rciusban vesd el, majd az utols\u00f3 fagy id\u0151pontja ut\u00e1n \u00fcltesd \u00e1t a pal\u00e1nt\u00e1kat \u00e1lland\u00f3 hely\u00fckre. A legjobban teljes napon, nedves, laza, term\u00e9keny talajban fejl\u0151dik.<\/p>\n<p>Hermetikus csomagol\u00e1s Igen<br \/>\nMennyis\u00e9g kiszerel\u00e9sben 0,4g<br \/>\nMagok sz\u00e1ma grammonk\u00e9nt ~400<br \/>\nA pal\u00e1nt\u00e1k vet\u00e9si ideje III-IV, 1 cm<br \/>\nT\u00e1vols\u00e1gok, V\u2013VI cm, 25\u201330 cm<br \/>\nVir\u00e1gz\u00e1s VI-IX<br \/>\nN\u00f6v\u00e9nymagass\u00e1g 60-70 cm<br \/>\nTerm\u0151f\u00f6ld<br \/>\nM\u00e1rka \u017dalia stotel\u0117<br \/>\nNapos hely Igen<br \/>\nVir\u00e1g\u00e1gy\u00e1sok termeszt\u00e9s\u00e9re alkalmas<\/p>\n","protected":false},"featured_media":31856,"comment_status":"closed","ping_status":"closed","template":"","meta":[],"product_brand":[],"product_cat":[363],"product_tag":[],"class_list":{"0":"post-31855","1":"product","2":"type-product","3":"status-publish","4":"has-post-thumbnail","6":"product_cat-virag-vetomagok-zalia-stotele","8":"first","9":"instock","10":"taxable","11":"shipping-taxable","12":"purchasable","13":"product-type-simple"},"_links":{"self":[{"href":"https:\/\/chilimag.hu\/webshop\/wp-json\/wp\/v2\/product\/31855","targetHints":{"allow":["GET"]}}],"collection":[{"href":"https:\/\/chilimag.hu\/webshop\/wp-json\/wp\/v2\/product"}],"about":[{"href":"https:\/\/chilimag.hu\/webshop\/wp-json\/wp\/v2\/types\/product"}],"replies":[{"embeddable":true,"href":"https:\/\/chilimag.hu\/webshop\/wp-json\/wp\/v2\/comments?post=31855"}],"wp:featuredmedia":[{"embeddable":true,"href":"https:\/\/chilimag.hu\/webshop\/wp-json\/wp\/v2\/media\/31856"}],"wp:attachment":[{"href":"https:\/\/chilimag.hu\/webshop\/wp-json\/wp\/v2\/media?parent=31855"}],"wp:term":[{"taxonomy":"product_brand","embeddable":true,"href":"https:\/\/chilimag.hu\/webshop\/wp-json\/wp\/v2\/product_brand?post=31855"},{"taxonomy":"product_cat","embeddable":true,"href":"https:\/\/chilimag.hu\/webshop\/wp-json\/wp\/v2\/product_cat?post=31855"},{"taxonomy":"product_tag","embeddable":true,"href":"https:\/\/chilimag.hu\/webshop\/wp-json\/wp\/v2\/product_tag?post=31855"}],"curies":[{"name":"wp","href":"https:\/\/api.w.org\/{rel}","templated":true}]}}