{"id":31852,"date":"2024-05-27T18:31:37","date_gmt":"2024-05-27T18:31:37","guid":{"rendered":"https:\/\/chilimag.hu\/webshop\/?post_type=product&#038;p=31852"},"modified":"2026-03-06T18:09:28","modified_gmt":"2026-03-06T18:09:28","slug":"nebancsvirag-camellia-z-s-sl","status":"publish","type":"product","link":"https:\/\/chilimag.hu\/webshop\/termek\/nebancsvirag-camellia-z-s-sl\/","title":{"rendered":"Neb\u00e1ncsvir\u00e1g Camellia Z.S SL"},"content":{"rendered":"","protected":false},"excerpt":{"rendered":"<p><img decoding=\"async\" class=\"active-logo\" src=\"https:\/\/b2b.seklos.lt\/themes\/warehouse\/img\/logo_en.png\" alt=\"Agrofirma S\u0117klos, UAB\" width=\"280\" height=\"95\" \/><\/p>\n<p>Egyny\u00e1ri, 50 cm magas, k\u00f6nnyen termeszthet\u0151, hossz\u00fa vir\u00e1gz\u00e1si id\u0151vel. J\u00f3l n\u00e9z ki vir\u00e1g\u00e1gy\u00e1sokban vagy szoban\u00f6v\u00e9nyk\u00e9nt termesztve. K\u00f6zvetlen\u00fcl a talajba vetve vagy pal\u00e1ntak\u00e9nt \u00fcltetve. A pal\u00e1nt\u00e1kat csak az utols\u00f3 fagy id\u0151pontja ut\u00e1n \u00fcltess\u00fck a szabadba, mivel nagyon fagy\u00e9rz\u00e9kenyek. Vil\u00e1gos \u00e1rny\u00e9kban \u00e9s k\u00f6nny\u0171 talajban j\u00f3l \u00e9rzi mag\u00e1t. A legjobb eredm\u00e9ny \u00e9rdek\u00e9ben m\u0171tr\u00e1gy\u00e1zzon a ny\u00e1ri h\u00f3napokban.<\/p>\n<p>Egy csomagban l\u00e9v\u0151 mennyis\u00e9g 1 g<br \/>\nMagok sz\u00e1ma grammonk\u00e9nt ~100<br \/>\nA pal\u00e1nt\u00e1k vet\u00e9si ideje III-IV, 1 cm<br \/>\nT\u00e1vols\u00e1gok, cm V-VI, 25 x 25 cm<br \/>\nVir\u00e1gz\u00e1s VI-VIII<br \/>\nN\u00f6v\u00e9ny magass\u00e1ga 50 cm<br \/>\nTerm\u0151f\u00f6ld<br \/>\nM\u00e1rka \u017dalia stotel\u0117<br \/>\nNapos hely Igen<br \/>\nF\u00e9l\u00e1rny\u00e9k Igen<br \/>\nVir\u00e1g\u00e1gy\u00e1sok termeszt\u00e9s\u00e9re alkalmas<\/p>\n","protected":false},"featured_media":31853,"comment_status":"closed","ping_status":"closed","template":"","meta":[],"product_brand":[],"product_cat":[363],"product_tag":[],"class_list":{"0":"post-31852","1":"product","2":"type-product","3":"status-publish","4":"has-post-thumbnail","6":"product_cat-virag-vetomagok-zalia-stotele","8":"first","9":"instock","10":"taxable","11":"shipping-taxable","12":"purchasable","13":"product-type-simple"},"_links":{"self":[{"href":"https:\/\/chilimag.hu\/webshop\/wp-json\/wp\/v2\/product\/31852","targetHints":{"allow":["GET"]}}],"collection":[{"href":"https:\/\/chilimag.hu\/webshop\/wp-json\/wp\/v2\/product"}],"about":[{"href":"https:\/\/chilimag.hu\/webshop\/wp-json\/wp\/v2\/types\/product"}],"replies":[{"embeddable":true,"href":"https:\/\/chilimag.hu\/webshop\/wp-json\/wp\/v2\/comments?post=31852"}],"wp:featuredmedia":[{"embeddable":true,"href":"https:\/\/chilimag.hu\/webshop\/wp-json\/wp\/v2\/media\/31853"}],"wp:attachment":[{"href":"https:\/\/chilimag.hu\/webshop\/wp-json\/wp\/v2\/media?parent=31852"}],"wp:term":[{"taxonomy":"product_brand","embeddable":true,"href":"https:\/\/chilimag.hu\/webshop\/wp-json\/wp\/v2\/product_brand?post=31852"},{"taxonomy":"product_cat","embeddable":true,"href":"https:\/\/chilimag.hu\/webshop\/wp-json\/wp\/v2\/product_cat?post=31852"},{"taxonomy":"product_tag","embeddable":true,"href":"https:\/\/chilimag.hu\/webshop\/wp-json\/wp\/v2\/product_tag?post=31852"}],"curies":[{"name":"wp","href":"https:\/\/api.w.org\/{rel}","templated":true}]}}