{"id":31850,"date":"2024-05-27T18:26:05","date_gmt":"2024-05-27T18:26:05","guid":{"rendered":"https:\/\/chilimag.hu\/webshop\/?post_type=product&#038;p=31850"},"modified":"2026-02-15T17:32:35","modified_gmt":"2026-02-15T17:32:35","slug":"budoske-calando-lemon-z-s-sl","status":"publish","type":"product","link":"https:\/\/chilimag.hu\/webshop\/termek\/budoske-calando-lemon-z-s-sl\/","title":{"rendered":"B\u00fcd\u00f6ske Calando Lemon Z.S SL"},"content":{"rendered":"","protected":false},"excerpt":{"rendered":"<p><img decoding=\"async\" class=\"active-logo\" src=\"https:\/\/b2b.seklos.lt\/themes\/warehouse\/img\/logo_en.png\" alt=\"Agrofirma S\u0117klos, UAB\" width=\"280\" height=\"95\" \/><\/p>\n<p>Egyny\u00e1ri 30 cm magas n\u00f6v\u00e9nyek. A vir\u00e1gok \u00e1tm\u00e9r\u0151je 8 cm. J\u00f3l n\u0151 \u00e9s vir\u00e1gzik a napon \u00e9s az \u00e1rny\u00e9kban. Nem ig\u00e9nyes a talajra. A legjobban term\u00e9keny agyagos talajban fejl\u0151dik. \u00dcltet\u0151be, vir\u00e1goskertbe, temet\u0151be, cserepesnek j\u00f3. Vir\u00e1gz\u00e1s ut\u00e1n elpuszt\u00edtjuk, hogy el\u0151seg\u00edts\u00fck \u00e9s meghosszabb\u00edtsuk a vir\u00e1gz\u00e1st. Fitoalexint tartalmaznak, \u00edgy a k\u00f6zelben l\u00e9v\u0151 m\u00e1s n\u00f6v\u00e9nyeket kev\u00e9sb\u00e9 t\u00e1madj\u00e1k meg a k\u00e1rtev\u0151k.<br \/>\nMennyis\u00e9g egy csomagban 0,5 g<br \/>\nMagok sz\u00e1ma grammonk\u00e9nt ~290-300<br \/>\nVet\u00e9sid\u0151 a talajban V<br \/>\nA pal\u00e1nt\u00e1k vet\u00e9si ideje III\u2013IV<br \/>\nT\u00e1vols\u00e1gok, cm 20 x 20 cm<br \/>\n\u00dcltet\u00e9si t\u00e1vols\u00e1gok 20 x 20 cm<br \/>\nVir\u00e1gz\u00e1si id\u0151szak VII-X<br \/>\nM\u00e1rka \u017dalia stotel\u0117<br \/>\nNapos hely Igen<br \/>\nSz\u00edn S\u00e1rga<br \/>\nVeget\u00e1ci\u00f3 egyny\u00e1ri<br \/>\nVir\u00e1g\u00e1gy\u00e1sok termeszt\u00e9s\u00e9re alkalmas<br \/>\nNapos \u00e9ghajlat<\/p>\n","protected":false},"featured_media":31851,"comment_status":"closed","ping_status":"closed","template":"","meta":[],"product_brand":[],"product_cat":[363],"product_tag":[],"class_list":{"0":"post-31850","1":"product","2":"type-product","3":"status-publish","4":"has-post-thumbnail","6":"product_cat-virag-vetomagok-zalia-stotele","8":"first","9":"instock","10":"taxable","11":"shipping-taxable","12":"purchasable","13":"product-type-simple"},"_links":{"self":[{"href":"https:\/\/chilimag.hu\/webshop\/wp-json\/wp\/v2\/product\/31850","targetHints":{"allow":["GET"]}}],"collection":[{"href":"https:\/\/chilimag.hu\/webshop\/wp-json\/wp\/v2\/product"}],"about":[{"href":"https:\/\/chilimag.hu\/webshop\/wp-json\/wp\/v2\/types\/product"}],"replies":[{"embeddable":true,"href":"https:\/\/chilimag.hu\/webshop\/wp-json\/wp\/v2\/comments?post=31850"}],"wp:featuredmedia":[{"embeddable":true,"href":"https:\/\/chilimag.hu\/webshop\/wp-json\/wp\/v2\/media\/31851"}],"wp:attachment":[{"href":"https:\/\/chilimag.hu\/webshop\/wp-json\/wp\/v2\/media?parent=31850"}],"wp:term":[{"taxonomy":"product_brand","embeddable":true,"href":"https:\/\/chilimag.hu\/webshop\/wp-json\/wp\/v2\/product_brand?post=31850"},{"taxonomy":"product_cat","embeddable":true,"href":"https:\/\/chilimag.hu\/webshop\/wp-json\/wp\/v2\/product_cat?post=31850"},{"taxonomy":"product_tag","embeddable":true,"href":"https:\/\/chilimag.hu\/webshop\/wp-json\/wp\/v2\/product_tag?post=31850"}],"curies":[{"name":"wp","href":"https:\/\/api.w.org\/{rel}","templated":true}]}}