{"id":31846,"date":"2024-05-27T18:14:43","date_gmt":"2024-05-27T18:14:43","guid":{"rendered":"https:\/\/chilimag.hu\/webshop\/?post_type=product&#038;p=31846"},"modified":"2026-05-10T20:46:19","modified_gmt":"2026-05-10T20:46:19","slug":"disznapraforgo-crimson-queen-z-s-sl","status":"publish","type":"product","link":"https:\/\/chilimag.hu\/webshop\/termek\/disznapraforgo-crimson-queen-z-s-sl\/","title":{"rendered":"D\u00edsznapraforg\u00f3 CRIMSON QUEEN Z.S SL"},"content":{"rendered":"","protected":false},"excerpt":{"rendered":"<p><img decoding=\"async\" class=\"active-logo\" src=\"https:\/\/b2b.seklos.lt\/themes\/warehouse\/img\/logo_en.png\" alt=\"Agrofirma S\u0117klos, UAB\" width=\"280\" height=\"95\" \/><\/p>\n<p>Egyny\u00e1ri 150 cm magas vir\u00e1gok. A magas napraforg\u00f3t a ker\u00edt\u00e9s k\u00f6zel\u00e9ben, vagy m\u00e9g t\u00e1volabb vir\u00e1g\u00e1gy\u00e1sokban termesztik: elszigetelten vagy csoportosan, sokf\u00e9le nagy \u00e9s magas f\u0171vel, verb\u00e1val \u00e9s kozmosszal kombin\u00e1lva. J\u00f3l n\u0151 a napos, meleg, sz\u00e9lt\u0151l v\u00e9dett ter\u00fcleteken, term\u00e9keny talajban. Ezenk\u00edv\u00fcl oldott \u00e1sv\u00e1nyi m\u0171tr\u00e1gy\u00e1val tr\u00e1gy\u00e1zz\u00e1k. \u00dcltet\u0151knek, vir\u00e1goskerteknek, csokroknak.<br \/>\nEgy csomagban l\u00e9v\u0151 mennyis\u00e9g 1 g<br \/>\nA magok sz\u00e1ma grammonk\u00e9nt ~30-40<br \/>\nVet\u00e9sid\u0151 a talajban IV\u2013VI<br \/>\nA pal\u00e1nt\u00e1k vet\u00e9si ideje III<br \/>\nT\u00e1vols\u00e1gok, cm 30-30 cm<br \/>\nVir\u00e1gz\u00e1si id\u0151szak VII-IX<br \/>\nM\u00e1rka \u017dalia stotel\u0117<br \/>\nTranszplant\u00e1ci\u00f3 VI<br \/>\nNapos hely Igen<br \/>\nVir\u00e1g\u00e1gy\u00e1sok termeszt\u00e9s\u00e9re alkalmas<\/p>\n","protected":false},"featured_media":31847,"comment_status":"closed","ping_status":"closed","template":"","meta":[],"product_brand":[],"product_cat":[363],"product_tag":[],"class_list":{"0":"post-31846","1":"product","2":"type-product","3":"status-publish","4":"has-post-thumbnail","6":"product_cat-virag-vetomagok-zalia-stotele","8":"first","9":"instock","10":"taxable","11":"shipping-taxable","12":"purchasable","13":"product-type-simple"},"_links":{"self":[{"href":"https:\/\/chilimag.hu\/webshop\/wp-json\/wp\/v2\/product\/31846","targetHints":{"allow":["GET"]}}],"collection":[{"href":"https:\/\/chilimag.hu\/webshop\/wp-json\/wp\/v2\/product"}],"about":[{"href":"https:\/\/chilimag.hu\/webshop\/wp-json\/wp\/v2\/types\/product"}],"replies":[{"embeddable":true,"href":"https:\/\/chilimag.hu\/webshop\/wp-json\/wp\/v2\/comments?post=31846"}],"wp:featuredmedia":[{"embeddable":true,"href":"https:\/\/chilimag.hu\/webshop\/wp-json\/wp\/v2\/media\/31847"}],"wp:attachment":[{"href":"https:\/\/chilimag.hu\/webshop\/wp-json\/wp\/v2\/media?parent=31846"}],"wp:term":[{"taxonomy":"product_brand","embeddable":true,"href":"https:\/\/chilimag.hu\/webshop\/wp-json\/wp\/v2\/product_brand?post=31846"},{"taxonomy":"product_cat","embeddable":true,"href":"https:\/\/chilimag.hu\/webshop\/wp-json\/wp\/v2\/product_cat?post=31846"},{"taxonomy":"product_tag","embeddable":true,"href":"https:\/\/chilimag.hu\/webshop\/wp-json\/wp\/v2\/product_tag?post=31846"}],"curies":[{"name":"wp","href":"https:\/\/api.w.org\/{rel}","templated":true}]}}