{"id":31843,"date":"2024-05-27T17:55:13","date_gmt":"2024-05-27T17:55:13","guid":{"rendered":"https:\/\/chilimag.hu\/webshop\/?post_type=product&#038;p=31843"},"modified":"2026-01-29T17:00:13","modified_gmt":"2026-01-29T17:00:13","slug":"tunderkurt-ruzova-z-s-sl","status":"publish","type":"product","link":"https:\/\/chilimag.hu\/webshop\/termek\/tunderkurt-ruzova-z-s-sl\/","title":{"rendered":"T\u00fcnd\u00e9rk\u00fcrt (Ny\u00e1ri az\u00e1lea) Ruzova Z.S SL"},"content":{"rendered":"","protected":false},"excerpt":{"rendered":"<p><img decoding=\"async\" class=\"active-logo\" src=\"https:\/\/b2b.seklos.lt\/themes\/warehouse\/img\/logo_en.png\" alt=\"Agrofirma S\u0117klos, UAB\" width=\"280\" height=\"95\" \/><\/p>\n<p>Egyny\u00e1ri k\u00fclt\u00e9ri az\u00e1lea, vir\u00e1gzik 60-90 napig. 25-30 cm magasra n\u0151. A vir\u00e1gok 5-7 cm \u00e1tm\u00e9r\u0151j\u0171ek, f\u00e9nyes, dupla vagy f\u00e9lig dupla vir\u00e1gok. Napos helyen, nehezebb talajon n\u0151 \u00e9s vir\u00e1gzik a legjobban, asz\u00e1ly idej\u00e9n \u00f6nt\u00f6z\u00e9s javasolt. K\u00f6nnyen termeszthet\u0151ek, kev\u00e9s karbantart\u00e1st ig\u00e9nyelnek. \u00dcltet\u0151ben, kertben termesztik. Fagy\u00e1ll\u00f3, a fiatal hajt\u00e1sok j\u00f3l b\u00edrj\u00e1k a tavaszi fagyokat. \u00d6nmagas vet\u00e9s.<\/p>\n<p>Hermetikus csomagol\u00e1s Igen<br \/>\nMennyis\u00e9g egy csomagban 0,5 g<br \/>\nT\u00e1vols\u00e1gok, cm 20 x 20 cm<br \/>\n\u00dcltet\u00e9si t\u00e1vols\u00e1gok 20 x 20 cm<br \/>\nVir\u00e1gz\u00e1si id\u0151szak VII-IX<br \/>\nM\u00e1rka \u017dalia stotel\u0117<br \/>\nNapos hely Igen<br \/>\nF\u00e9l\u00e1rny\u00e9k Igen<br \/>\nSz\u00edn Rausva<br \/>\nVeget\u00e1ci\u00f3 egyny\u00e1ri<br \/>\nVir\u00e1g\u00e1gy\u00e1sok termeszt\u00e9s\u00e9re alkalmas<br \/>\n\u00c9ghajlat Napos, R\u00e9szleges \u00e1rny\u00e9k<\/p>\n","protected":false},"featured_media":31844,"comment_status":"closed","ping_status":"closed","template":"","meta":[],"product_brand":[],"product_cat":[363],"product_tag":[],"class_list":{"0":"post-31843","1":"product","2":"type-product","3":"status-publish","4":"has-post-thumbnail","6":"product_cat-virag-vetomagok-zalia-stotele","8":"first","9":"instock","10":"taxable","11":"shipping-taxable","12":"purchasable","13":"product-type-simple"},"_links":{"self":[{"href":"https:\/\/chilimag.hu\/webshop\/wp-json\/wp\/v2\/product\/31843","targetHints":{"allow":["GET"]}}],"collection":[{"href":"https:\/\/chilimag.hu\/webshop\/wp-json\/wp\/v2\/product"}],"about":[{"href":"https:\/\/chilimag.hu\/webshop\/wp-json\/wp\/v2\/types\/product"}],"replies":[{"embeddable":true,"href":"https:\/\/chilimag.hu\/webshop\/wp-json\/wp\/v2\/comments?post=31843"}],"wp:featuredmedia":[{"embeddable":true,"href":"https:\/\/chilimag.hu\/webshop\/wp-json\/wp\/v2\/media\/31844"}],"wp:attachment":[{"href":"https:\/\/chilimag.hu\/webshop\/wp-json\/wp\/v2\/media?parent=31843"}],"wp:term":[{"taxonomy":"product_brand","embeddable":true,"href":"https:\/\/chilimag.hu\/webshop\/wp-json\/wp\/v2\/product_brand?post=31843"},{"taxonomy":"product_cat","embeddable":true,"href":"https:\/\/chilimag.hu\/webshop\/wp-json\/wp\/v2\/product_cat?post=31843"},{"taxonomy":"product_tag","embeddable":true,"href":"https:\/\/chilimag.hu\/webshop\/wp-json\/wp\/v2\/product_tag?post=31843"}],"curies":[{"name":"wp","href":"https:\/\/api.w.org\/{rel}","templated":true}]}}