{"id":31834,"date":"2024-05-27T17:29:19","date_gmt":"2024-05-27T17:29:19","guid":{"rendered":"https:\/\/chilimag.hu\/webshop\/?post_type=product&#038;p=31834"},"modified":"2026-02-17T10:12:16","modified_gmt":"2026-02-17T10:12:16","slug":"pazsitviola-leishtlinii-z-s-sl","status":"publish","type":"product","link":"https:\/\/chilimag.hu\/webshop\/termek\/pazsitviola-leishtlinii-z-s-sl\/","title":{"rendered":"P\u00e1zsitviola LEISHTLINII Z.S SL"},"content":{"rendered":"","protected":false},"excerpt":{"rendered":"<p><img decoding=\"async\" class=\"active-logo\" src=\"https:\/\/b2b.seklos.lt\/themes\/warehouse\/img\/logo_en.png\" alt=\"Agrofirma S\u0117klos, UAB\" width=\"280\" height=\"95\" \/><\/p>\n<p>\u00c9vel\u0151, 10 cm magas, sz\u0151nyegpadl\u00f3s, hossz\u00fa vir\u00e1g\u00fa vir\u00e1gok. A vir\u00e1gok kicsik, 1 cm \u00e1tm\u00e9r\u0151j\u0171ek, b\u0151s\u00e9gesen vir\u00e1goznak. Temet\u0151kbe \u00e9s sziklakertekbe, erk\u00e9lyekre telep\u00edtve. Sz\u00e1raz talajban, napos helyen fejl\u0151dik a legjobban. A magok +15 \u00b0C h\u0151m\u00e9rs\u00e9kleten 18-22 napon bel\u00fcl cs\u00edr\u00e1znak. Az Aubrieta t\u00e9len nem ig\u00e9nyel takar\u00e1st, sok \u00e9ven \u00e1t n\u0151het an\u00e9lk\u00fcl, hogy kicser\u00e9ln\u00e9k. K\u00f6nnyen szorozhat\u00f3. Nagyon alkalmas \u00e9l\u00e9nks\u00e1rga alissum k\u00f6zeli \u00fcltet\u00e9sre.<\/p>\n<p>Hermetikus csomagol\u00e1s Igen<br \/>\nMennyis\u00e9g egy csomagban 0,1g<br \/>\nMagok sz\u00e1ma grammonk\u00e9nt ~2000-2500<br \/>\nVet\u00e9sid\u0151 a talajban IV \u2013 VIII , 0,5 cm<br \/>\nII \u2013 IV pal\u00e1nt\u00e1k vet\u00e9si ideje, 0,5 cm<br \/>\nT\u00e1vols\u00e1gok, cm V , 20 x 20 cm<br \/>\nVir\u00e1gz\u00e1si id\u0151szak V-VI<br \/>\nN\u00f6v\u00e9ny magass\u00e1ga 10 cm<br \/>\nTerm\u0151f\u00f6ld<br \/>\nM\u00e1rka \u017dalia stotel\u0117<br \/>\nNapos hely Igen<br \/>\n\u00c9vel\u0151 Igen<br \/>\nSz\u00edn Rausva<br \/>\nVeget\u00e1ci\u00f3 \u00e9vel\u0151<br \/>\nVir\u00e1g\u00e1gy\u00e1sok, Apline kertek termeszt\u00e9s\u00e9re alkalmas<br \/>\nNapos \u00e9ghajlat<\/p>\n","protected":false},"featured_media":31835,"comment_status":"closed","ping_status":"closed","template":"","meta":[],"product_brand":[],"product_cat":[363],"product_tag":[],"class_list":{"0":"post-31834","1":"product","2":"type-product","3":"status-publish","4":"has-post-thumbnail","6":"product_cat-virag-vetomagok-zalia-stotele","8":"first","9":"instock","10":"taxable","11":"shipping-taxable","12":"purchasable","13":"product-type-simple"},"_links":{"self":[{"href":"https:\/\/chilimag.hu\/webshop\/wp-json\/wp\/v2\/product\/31834","targetHints":{"allow":["GET"]}}],"collection":[{"href":"https:\/\/chilimag.hu\/webshop\/wp-json\/wp\/v2\/product"}],"about":[{"href":"https:\/\/chilimag.hu\/webshop\/wp-json\/wp\/v2\/types\/product"}],"replies":[{"embeddable":true,"href":"https:\/\/chilimag.hu\/webshop\/wp-json\/wp\/v2\/comments?post=31834"}],"wp:featuredmedia":[{"embeddable":true,"href":"https:\/\/chilimag.hu\/webshop\/wp-json\/wp\/v2\/media\/31835"}],"wp:attachment":[{"href":"https:\/\/chilimag.hu\/webshop\/wp-json\/wp\/v2\/media?parent=31834"}],"wp:term":[{"taxonomy":"product_brand","embeddable":true,"href":"https:\/\/chilimag.hu\/webshop\/wp-json\/wp\/v2\/product_brand?post=31834"},{"taxonomy":"product_cat","embeddable":true,"href":"https:\/\/chilimag.hu\/webshop\/wp-json\/wp\/v2\/product_cat?post=31834"},{"taxonomy":"product_tag","embeddable":true,"href":"https:\/\/chilimag.hu\/webshop\/wp-json\/wp\/v2\/product_tag?post=31834"}],"curies":[{"name":"wp","href":"https:\/\/api.w.org\/{rel}","templated":true}]}}