{"id":31832,"date":"2024-05-27T15:58:21","date_gmt":"2024-05-27T15:58:21","guid":{"rendered":"https:\/\/chilimag.hu\/webshop\/?post_type=product&#038;p=31832"},"modified":"2026-02-16T15:20:40","modified_gmt":"2026-02-16T15:20:40","slug":"vetotalca-32-db-os-58x7-cm","status":"publish","type":"product","link":"https:\/\/chilimag.hu\/webshop\/termek\/vetotalca-32-db-os-58x7-cm\/","title":{"rendered":"Vet\u0151t\u00e1lca 32 db-os 5,8&#215;7 cm AP"},"content":{"rendered":"","protected":false},"excerpt":{"rendered":"<p>A 32 f\u00e9r\u0151helyes puha, gum\u00edrozott, rugalmas, t\u00f6rhetetlen m\u0171anyagb\u00f3l k\u00e9sz\u00fclnek.<br \/>\nA t\u00e1lc\u00e1k alja lyukakkal van ell\u00e1tva.<br \/>\nPraktikus megold\u00e1s vir\u00e1g- \u00e9s z\u00f6lds\u00e9gpal\u00e1nt\u00e1k termeszt\u00e9s\u00e9re \u00e9s cs\u00edr\u00e1ztat\u00e1s\u00e1ra.<br \/>\nNagyon k\u00f6nnyen haszn\u00e1lhat\u00f3ak.<br \/>\nDinnyepal\u00e1nt\u00e1khoz, a nagy sejtt\u00e9rfogat miatt, valamint uborkapal\u00e1nt\u00e1khoz,<br \/>\nparadicsom \u00e9s bors.<br \/>\n\u00c1ltal\u00e1ban akkor haszn\u00e1lj\u00e1k, ha hossz\u00fa pal\u00e1ntafejl\u0151d\u00e9sre van sz\u00fcks\u00e9g: g\u00f6r\u00f6gdinnye, s\u00e1rgadinnye, s\u00fct\u0151t\u00f6k, uborka.<br \/>\nM\u00e9retek:<br \/>\n&#8211; K\u00fcls\u0151 m\u00e9ret: 52 x 32,5 cm<br \/>\n&#8211; Lyuk \u00e1tm\u00e9r\u0151je: 5,8 cm<br \/>\n&#8211; Lyuk m\u00e9lys\u00e9ge: 7 cm<\/p>\n","protected":false},"featured_media":31833,"comment_status":"closed","ping_status":"closed","template":"","meta":[],"product_brand":[],"product_cat":[336],"product_tag":[],"class_list":{"0":"post-31832","1":"product","2":"type-product","3":"status-publish","4":"has-post-thumbnail","6":"product_cat-vetotalcak-ulteto-cserepek-es-palanta-nevelok","8":"first","9":"instock","10":"taxable","11":"shipping-taxable","12":"purchasable","13":"product-type-simple"},"_links":{"self":[{"href":"https:\/\/chilimag.hu\/webshop\/wp-json\/wp\/v2\/product\/31832","targetHints":{"allow":["GET"]}}],"collection":[{"href":"https:\/\/chilimag.hu\/webshop\/wp-json\/wp\/v2\/product"}],"about":[{"href":"https:\/\/chilimag.hu\/webshop\/wp-json\/wp\/v2\/types\/product"}],"replies":[{"embeddable":true,"href":"https:\/\/chilimag.hu\/webshop\/wp-json\/wp\/v2\/comments?post=31832"}],"wp:featuredmedia":[{"embeddable":true,"href":"https:\/\/chilimag.hu\/webshop\/wp-json\/wp\/v2\/media\/31833"}],"wp:attachment":[{"href":"https:\/\/chilimag.hu\/webshop\/wp-json\/wp\/v2\/media?parent=31832"}],"wp:term":[{"taxonomy":"product_brand","embeddable":true,"href":"https:\/\/chilimag.hu\/webshop\/wp-json\/wp\/v2\/product_brand?post=31832"},{"taxonomy":"product_cat","embeddable":true,"href":"https:\/\/chilimag.hu\/webshop\/wp-json\/wp\/v2\/product_cat?post=31832"},{"taxonomy":"product_tag","embeddable":true,"href":"https:\/\/chilimag.hu\/webshop\/wp-json\/wp\/v2\/product_tag?post=31832"}],"curies":[{"name":"wp","href":"https:\/\/api.w.org\/{rel}","templated":true}]}}