{"id":31828,"date":"2024-05-27T15:27:23","date_gmt":"2024-05-27T15:27:23","guid":{"rendered":"https:\/\/chilimag.hu\/webshop\/?post_type=product&#038;p=31828"},"modified":"2026-03-17T16:48:51","modified_gmt":"2026-03-17T16:48:51","slug":"vetotalca-70-db-os-44x4x5-cm","status":"publish","type":"product","link":"https:\/\/chilimag.hu\/webshop\/termek\/vetotalca-70-db-os-44x4x5-cm\/","title":{"rendered":"Vet\u0151t\u00e1lca 70 db-os  4,4x4x5 cm AP"},"content":{"rendered":"","protected":false},"excerpt":{"rendered":"<p>A 70 f\u00e9r\u0151helyes a legsz\u00e9lesebb k\u00f6rben haszn\u00e1lt t\u00e1lca k\u00e1poszta, karfiol \u00e9s sal\u00e1ta pal\u00e1nta termeszt\u00e9s\u00e9re.<br \/>\nSz\u00e1nt\u00f3f\u00f6ldi n\u00f6v\u00e9nyek pal\u00e1ntanevel\u00e9s\u00e9hez is ez a leggyakrabban haszn\u00e1lt t\u00e1lca:<br \/>\nparadicsom, paprika, padlizs\u00e1n stb.<br \/>\nA pal\u00e1nt\u00e1kat t\u00e1lc\u00e1s cell\u00e1kba t\u00f6rt\u00e9n\u0151 k\u00f6zvetlen vet\u00e9ssel vagy olt\u00e1ssal lehet el\u0151\u00e1ll\u00edtani, de a legsz\u00e9lesebb k\u00f6rben alkalmazott m\u00f3dszer a direkt vet\u00e9s.<br \/>\nHaszn\u00e1lat m\u00f3dja:<br \/>\n&#8211; minden alveolus tele van speci\u00e1lis talajjal a pal\u00e1nt\u00e1k sz\u00e1m\u00e1ra;<br \/>\n&#8211; helyezze a magokat minden alveolusba, \u00fcgyelve arra, hogy f\u00f6lddel bor\u00edtsa be \u0151ket;<br \/>\n&#8211; helyezze a t\u00e1lc\u00e1t speci\u00e1lisan kialak\u00edtott, j\u00f3l megvil\u00e1g\u00edtott \u00e9s pozit\u00edv h\u0151m\u00e9rs\u00e9klet\u0171 helyekre;<br \/>\n&#8211; id\u0151szakosan \u00f6nt\u00f6zik;<br \/>\n&#8211; amikor a n\u00f6v\u00e9nyek el\u00e9rik az optim\u00e1lis \u00fcltet\u00e9si szintet, kivehet\u0151k a foglalatokb\u00f3l \u00e9s \u00fcltethet\u0151k a sz\u00e1nt\u00f3f\u00f6ldre vagy v\u00e9dett helyre.<br \/>\nM\u00e9retek:<br \/>\n&#8211; K\u00fcls\u0151 m\u00e9ret: 52 x 32,5 cm<br \/>\n&#8211; Lyuk m\u00e9rete: 4,2 x 4 cm<br \/>\n&#8211; Lyuk m\u00e9lys\u00e9ge: 5 cm<\/p>\n","protected":false},"featured_media":31829,"comment_status":"closed","ping_status":"closed","template":"","meta":[],"product_brand":[],"product_cat":[336],"product_tag":[],"class_list":{"0":"post-31828","1":"product","2":"type-product","3":"status-publish","4":"has-post-thumbnail","6":"product_cat-vetotalcak-ulteto-cserepek-es-palanta-nevelok","8":"first","9":"instock","10":"taxable","11":"shipping-taxable","12":"purchasable","13":"product-type-simple"},"_links":{"self":[{"href":"https:\/\/chilimag.hu\/webshop\/wp-json\/wp\/v2\/product\/31828","targetHints":{"allow":["GET"]}}],"collection":[{"href":"https:\/\/chilimag.hu\/webshop\/wp-json\/wp\/v2\/product"}],"about":[{"href":"https:\/\/chilimag.hu\/webshop\/wp-json\/wp\/v2\/types\/product"}],"replies":[{"embeddable":true,"href":"https:\/\/chilimag.hu\/webshop\/wp-json\/wp\/v2\/comments?post=31828"}],"wp:featuredmedia":[{"embeddable":true,"href":"https:\/\/chilimag.hu\/webshop\/wp-json\/wp\/v2\/media\/31829"}],"wp:attachment":[{"href":"https:\/\/chilimag.hu\/webshop\/wp-json\/wp\/v2\/media?parent=31828"}],"wp:term":[{"taxonomy":"product_brand","embeddable":true,"href":"https:\/\/chilimag.hu\/webshop\/wp-json\/wp\/v2\/product_brand?post=31828"},{"taxonomy":"product_cat","embeddable":true,"href":"https:\/\/chilimag.hu\/webshop\/wp-json\/wp\/v2\/product_cat?post=31828"},{"taxonomy":"product_tag","embeddable":true,"href":"https:\/\/chilimag.hu\/webshop\/wp-json\/wp\/v2\/product_tag?post=31828"}],"curies":[{"name":"wp","href":"https:\/\/api.w.org\/{rel}","templated":true}]}}