{"id":31826,"date":"2024-05-27T15:22:20","date_gmt":"2024-05-27T15:22:20","guid":{"rendered":"https:\/\/chilimag.hu\/webshop\/?post_type=product&#038;p=31826"},"modified":"2026-03-16T16:16:01","modified_gmt":"2026-03-16T16:16:01","slug":"vetotalca-45-db-os-5x52-cm","status":"publish","type":"product","link":"https:\/\/chilimag.hu\/webshop\/termek\/vetotalca-45-db-os-5x52-cm\/","title":{"rendered":"Vet\u0151t\u00e1lca 45 db-os 5&#215;5,2 cm AP"},"content":{"rendered":"","protected":false},"excerpt":{"rendered":"<p>A 45 cell\u00e1s alveol\u00e1ris t\u00e1lca egy fekete m\u0171anyag h\u0151form\u00e1zott t\u00e1lca vir\u00e1g- \u00e9s z\u00f6lds\u00e9gpal\u00e1nt\u00e1k sz\u00e1m\u00e1ra.<br \/>\nEz a leggyakrabban haszn\u00e1lt t\u00e1lca paradicsom, uborka \u00e9s<br \/>\npadlizs\u00e1n.<\/p>\n<p>M\u00e9retek:<br \/>\n&#8211; K\u00fcls\u0151 m\u00e9ret: 53,5 x 33 cm<br \/>\n&#8211; \u00c1tm\u00e9r\u0151: 5 cm<br \/>\n&#8211; M\u00e9lys\u00e9g: 5,2 cm<\/p>\n","protected":false},"featured_media":31827,"comment_status":"closed","ping_status":"closed","template":"","meta":[],"product_brand":[],"product_cat":[336],"product_tag":[],"class_list":{"0":"post-31826","1":"product","2":"type-product","3":"status-publish","4":"has-post-thumbnail","6":"product_cat-vetotalcak-ulteto-cserepek-es-palanta-nevelok","8":"first","9":"instock","10":"taxable","11":"shipping-taxable","12":"purchasable","13":"product-type-simple"},"_links":{"self":[{"href":"https:\/\/chilimag.hu\/webshop\/wp-json\/wp\/v2\/product\/31826","targetHints":{"allow":["GET"]}}],"collection":[{"href":"https:\/\/chilimag.hu\/webshop\/wp-json\/wp\/v2\/product"}],"about":[{"href":"https:\/\/chilimag.hu\/webshop\/wp-json\/wp\/v2\/types\/product"}],"replies":[{"embeddable":true,"href":"https:\/\/chilimag.hu\/webshop\/wp-json\/wp\/v2\/comments?post=31826"}],"wp:featuredmedia":[{"embeddable":true,"href":"https:\/\/chilimag.hu\/webshop\/wp-json\/wp\/v2\/media\/31827"}],"wp:attachment":[{"href":"https:\/\/chilimag.hu\/webshop\/wp-json\/wp\/v2\/media?parent=31826"}],"wp:term":[{"taxonomy":"product_brand","embeddable":true,"href":"https:\/\/chilimag.hu\/webshop\/wp-json\/wp\/v2\/product_brand?post=31826"},{"taxonomy":"product_cat","embeddable":true,"href":"https:\/\/chilimag.hu\/webshop\/wp-json\/wp\/v2\/product_cat?post=31826"},{"taxonomy":"product_tag","embeddable":true,"href":"https:\/\/chilimag.hu\/webshop\/wp-json\/wp\/v2\/product_tag?post=31826"}],"curies":[{"name":"wp","href":"https:\/\/api.w.org\/{rel}","templated":true}]}}