{"id":31823,"date":"2024-05-27T15:16:16","date_gmt":"2024-05-27T15:16:16","guid":{"rendered":"https:\/\/chilimag.hu\/webshop\/?post_type=product&#038;p=31823"},"modified":"2025-03-04T18:24:23","modified_gmt":"2025-03-04T18:24:23","slug":"vetotalca-28-as","status":"publish","type":"product","link":"https:\/\/chilimag.hu\/webshop\/termek\/vetotalca-28-as\/","title":{"rendered":"Vet\u0151t\u00e1lca 28-as 6&#215;6,5 cm AP"},"content":{"rendered":"","protected":false},"excerpt":{"rendered":"<p>A 28 cell\u00e1s vet\u0151t\u00e1lca egy h\u0151form\u00e1zott fekete m\u0171anyag t\u00e1lca vir\u00e1g- \u00e9s z\u00f6lds\u00e9gpal\u00e1nt\u00e1k sz\u00e1m\u00e1ra.<br \/>\nEz a leggyakrabban haszn\u00e1lt t\u00e1lca<br \/>\ng\u00f6r\u00f6gdinnye, s\u00e1rgadinnye, s\u00fct\u0151t\u00f6k, uborka, pal\u00e1nt\u00e1k, amelyek nagyobb t\u00e9rfogatot ig\u00e9nyelnek a gy\u00f6k\u00e9rfejl\u0151d\u00e9shez.<\/p>\n<p>M\u00e9retek:<br \/>\n&#8211; K\u00fcls\u0151 m\u00e9ret: 52 x 32,5 cm<br \/>\n&#8211; Lyuk \u00e1tm\u00e9r\u0151je: 6 cm<br \/>\n&#8211; Lyuk m\u00e9lys\u00e9ge: 6,5 cm<\/p>\n","protected":false},"featured_media":31825,"comment_status":"closed","ping_status":"closed","template":"","meta":[],"product_brand":[],"product_cat":[336],"product_tag":[],"class_list":{"0":"post-31823","1":"product","2":"type-product","3":"status-publish","4":"has-post-thumbnail","6":"product_cat-vetotalcak-ulteto-cserepek-es-palanta-nevelok","8":"first","9":"instock","10":"taxable","11":"shipping-taxable","12":"purchasable","13":"product-type-simple"},"_links":{"self":[{"href":"https:\/\/chilimag.hu\/webshop\/wp-json\/wp\/v2\/product\/31823","targetHints":{"allow":["GET"]}}],"collection":[{"href":"https:\/\/chilimag.hu\/webshop\/wp-json\/wp\/v2\/product"}],"about":[{"href":"https:\/\/chilimag.hu\/webshop\/wp-json\/wp\/v2\/types\/product"}],"replies":[{"embeddable":true,"href":"https:\/\/chilimag.hu\/webshop\/wp-json\/wp\/v2\/comments?post=31823"}],"wp:featuredmedia":[{"embeddable":true,"href":"https:\/\/chilimag.hu\/webshop\/wp-json\/wp\/v2\/media\/31825"}],"wp:attachment":[{"href":"https:\/\/chilimag.hu\/webshop\/wp-json\/wp\/v2\/media?parent=31823"}],"wp:term":[{"taxonomy":"product_brand","embeddable":true,"href":"https:\/\/chilimag.hu\/webshop\/wp-json\/wp\/v2\/product_brand?post=31823"},{"taxonomy":"product_cat","embeddable":true,"href":"https:\/\/chilimag.hu\/webshop\/wp-json\/wp\/v2\/product_cat?post=31823"},{"taxonomy":"product_tag","embeddable":true,"href":"https:\/\/chilimag.hu\/webshop\/wp-json\/wp\/v2\/product_tag?post=31823"}],"curies":[{"name":"wp","href":"https:\/\/api.w.org\/{rel}","templated":true}]}}