{"id":31816,"date":"2024-05-26T18:53:15","date_gmt":"2024-05-26T18:53:15","guid":{"rendered":"https:\/\/chilimag.hu\/webshop\/?post_type=product&#038;p=31816"},"modified":"2026-03-11T08:18:41","modified_gmt":"2026-03-11T08:18:41","slug":"kasvirag-keverek-autumn-beauty-echinacea-z-s-sl","status":"publish","type":"product","link":"https:\/\/chilimag.hu\/webshop\/termek\/kasvirag-keverek-autumn-beauty-echinacea-z-s-sl\/","title":{"rendered":"Kasvir\u00e1g kever\u00e9k Autumn Beauty  Echinacea Z.S SL"},"content":{"rendered":"","protected":false},"excerpt":{"rendered":"<p>\u00c9vel\u0151, 70-80 cm magas, kev\u00e9s karbantart\u00e1st ig\u00e9nyl\u0151, dekorat\u00edv, l\u00e1gysz\u00e1r\u00fa pillang\u00f3krajong\u00f3 vir\u00e1gok. Vir\u00e1gai 9-10 cm sz\u00e9lesek, sz\u00ednesek. K\u00f6nnyebb, szerves tr\u00e1gy\u00e1val d\u00fas\u00edtott talajban j\u00f3l terem, napos helyen vagy f\u00e9l\u00e1rny\u00e9kban, nem szereti a vizes talajt. \u00dcltethet\u0151 z\u00f6ld\u00f6vezetbe, vir\u00e1gos kertbe, csokorba v\u00e1gva. A sz\u00e1r\u00edtott vir\u00e1gok felhaszn\u00e1lhat\u00f3k gy\u00f3gyte\u00e1khoz.<br \/>\nEgy csomagban l\u00e9v\u0151 mennyis\u00e9g 1 g<br \/>\nA magok sz\u00e1ma grammonk\u00e9nt ~150-200<br \/>\nVet\u00e9sid\u0151 a talajban V \u2013 VII<br \/>\nT\u00e1vols\u00e1gok, cm 30 x 30 cm<br \/>\nVir\u00e1gz\u00e1si id\u0151szak VII-VIII<br \/>\nTerm\u0151f\u00f6ld<br \/>\nM\u00e1rka \u017dalia stotel\u0117<br \/>\nTranszplant\u00e1ci\u00f3 VIII<br \/>\nNapos hely Igen<br \/>\nVir\u00e1g\u00e1gy\u00e1sok termeszt\u00e9s\u00e9re alkalmas<\/p>\n","protected":false},"featured_media":31817,"comment_status":"closed","ping_status":"closed","template":"","meta":[],"product_brand":[],"product_cat":[363],"product_tag":[],"class_list":{"0":"post-31816","1":"product","2":"type-product","3":"status-publish","4":"has-post-thumbnail","6":"product_cat-virag-vetomagok-zalia-stotele","8":"first","9":"instock","10":"taxable","11":"shipping-taxable","12":"purchasable","13":"product-type-simple"},"_links":{"self":[{"href":"https:\/\/chilimag.hu\/webshop\/wp-json\/wp\/v2\/product\/31816","targetHints":{"allow":["GET"]}}],"collection":[{"href":"https:\/\/chilimag.hu\/webshop\/wp-json\/wp\/v2\/product"}],"about":[{"href":"https:\/\/chilimag.hu\/webshop\/wp-json\/wp\/v2\/types\/product"}],"replies":[{"embeddable":true,"href":"https:\/\/chilimag.hu\/webshop\/wp-json\/wp\/v2\/comments?post=31816"}],"wp:featuredmedia":[{"embeddable":true,"href":"https:\/\/chilimag.hu\/webshop\/wp-json\/wp\/v2\/media\/31817"}],"wp:attachment":[{"href":"https:\/\/chilimag.hu\/webshop\/wp-json\/wp\/v2\/media?parent=31816"}],"wp:term":[{"taxonomy":"product_brand","embeddable":true,"href":"https:\/\/chilimag.hu\/webshop\/wp-json\/wp\/v2\/product_brand?post=31816"},{"taxonomy":"product_cat","embeddable":true,"href":"https:\/\/chilimag.hu\/webshop\/wp-json\/wp\/v2\/product_cat?post=31816"},{"taxonomy":"product_tag","embeddable":true,"href":"https:\/\/chilimag.hu\/webshop\/wp-json\/wp\/v2\/product_tag?post=31816"}],"curies":[{"name":"wp","href":"https:\/\/api.w.org\/{rel}","templated":true}]}}