{"id":31808,"date":"2024-05-25T18:57:53","date_gmt":"2024-05-25T18:57:53","guid":{"rendered":"https:\/\/chilimag.hu\/webshop\/?post_type=product&#038;p=31808"},"modified":"2025-09-04T13:33:12","modified_gmt":"2025-09-04T13:33:12","slug":"meszgranulatum-25-kg","status":"publish","type":"product","link":"https:\/\/chilimag.hu\/webshop\/termek\/meszgranulatum-25-kg\/","title":{"rendered":"M\u00e9szgranul\u00e1tum 25 kg"},"content":{"rendered":"","protected":false},"excerpt":{"rendered":"<p>M\u00e9szgranul\u00e1tum parlagon, kerti talajon, \u00fcvegh\u00e1zi talajon, k\u00fclt\u00e9ri z\u00f6lds\u00e9gek, vir\u00e1gok \u00e9s egy\u00e9b d\u00edszn\u00f6v\u00e9nyek, p\u00e1zsitok tr\u00e1gy\u00e1z\u00e1s\u00e1ra. Felhaszn\u00e1l\u00e1si javaslatok: a m\u0171tr\u00e1gy\u00e1z\u00e1s t\u00e1rgy\u00e1t\u00f3l f\u00fcgg\u0151en k\u00fcl\u00f6n-k\u00fcl\u00f6n vagy helyben tr\u00e1gy\u00e1zzuk. Ne tr\u00e1gy\u00e1zzunk eric \u00e9s acidofil n\u00f6v\u00e9nyeket. M\u0171tr\u00e1gya ar\u00e1nya: vegetat\u00edv n\u00f6v\u00e9nyek &#8211; 50 g\/m2 (5 kg\/a); talaj \u00e9s gyep &#8211; 100 g\/m2; komposzt\u00e1lhat\u00f3 n\u00f6v\u00e9nyi hullad\u00e9k &#8211; 1-2 kg\/m3. EB M\u00c9SZM\u0170TR\u00c1GYA. M\u0171tr\u00e1gya t\u00edpusa: G1b term\u00e9szetes m\u00e9szk\u0151 &#8211; kiv\u00e1l\u00f3 min\u0151s\u00e9g\u0171 m\u00e9szk\u0151 &#8211; szemcs\u00e9s. \u00d6sszet\u00e9tel: kalcium-karbon\u00e1t CaCO3 (E171) sz\u00e1raz t\u00f6megben &#8211; 90,1-95%; magn\u00e9zium-karbon\u00e1t (MgCO3) &#8211; min. 0,85%. Reakci\u00f3k\u00e9szs\u00e9g: min. 99%. \u00d6sszes kalcium: CaO 50 +\/- 3%. Semleges\u00edt\u0151 \u00e9rt\u00e9k: 53 +\/- 3%. P\u00e1ratartalom: 0,3%. Frakci\u00f3 m\u00e9rete: 2 mm &#8211; 100%; 1 mm &#8211; 100%, 0,3 mm &#8211; min. 97%, 0,1 mm &#8211; min. 90%.. Anyag pH: 9,7. Kiszerel\u00e9s: 25 kg.<\/p>\n<p>ATRIGRAN m\u00e1rka<br \/>\nM\u0171tr\u00e1gya t\u00edpusa Laza<br \/>\nM\u0171tr\u00e1gya szezonalit\u00e1s T\u00e9li tr\u00e1gy\u00e1z\u00e1s, \u0150szi m\u0171tr\u00e1gy\u00e1z\u00e1s<br \/>\nKiszerel\u00e9s 25 kg<\/p>\n","protected":false},"featured_media":31809,"comment_status":"closed","ping_status":"closed","template":"","meta":[],"product_brand":[],"product_cat":[391,466],"product_tag":[],"class_list":{"0":"post-31808","1":"product","2":"type-product","3":"status-publish","4":"has-post-thumbnail","6":"product_cat-egyeb-tapoldatok","7":"product_cat-talaj-javitok-es-takarok","9":"first","10":"instock","11":"taxable","12":"shipping-taxable","13":"purchasable","14":"product-type-simple"},"_links":{"self":[{"href":"https:\/\/chilimag.hu\/webshop\/wp-json\/wp\/v2\/product\/31808","targetHints":{"allow":["GET"]}}],"collection":[{"href":"https:\/\/chilimag.hu\/webshop\/wp-json\/wp\/v2\/product"}],"about":[{"href":"https:\/\/chilimag.hu\/webshop\/wp-json\/wp\/v2\/types\/product"}],"replies":[{"embeddable":true,"href":"https:\/\/chilimag.hu\/webshop\/wp-json\/wp\/v2\/comments?post=31808"}],"wp:featuredmedia":[{"embeddable":true,"href":"https:\/\/chilimag.hu\/webshop\/wp-json\/wp\/v2\/media\/31809"}],"wp:attachment":[{"href":"https:\/\/chilimag.hu\/webshop\/wp-json\/wp\/v2\/media?parent=31808"}],"wp:term":[{"taxonomy":"product_brand","embeddable":true,"href":"https:\/\/chilimag.hu\/webshop\/wp-json\/wp\/v2\/product_brand?post=31808"},{"taxonomy":"product_cat","embeddable":true,"href":"https:\/\/chilimag.hu\/webshop\/wp-json\/wp\/v2\/product_cat?post=31808"},{"taxonomy":"product_tag","embeddable":true,"href":"https:\/\/chilimag.hu\/webshop\/wp-json\/wp\/v2\/product_tag?post=31808"}],"curies":[{"name":"wp","href":"https:\/\/api.w.org\/{rel}","templated":true}]}}