{"id":31754,"date":"2024-05-21T16:03:11","date_gmt":"2024-05-21T16:03:11","guid":{"rendered":"https:\/\/chilimag.hu\/webshop\/?post_type=product&#038;p=31754"},"modified":"2026-02-25T10:09:38","modified_gmt":"2026-02-25T10:09:38","slug":"zsalya-florian-bg","status":"publish","type":"product","link":"https:\/\/chilimag.hu\/webshop\/termek\/zsalya-florian-bg\/","title":{"rendered":"Zs\u00e1lya Florian Bg"},"content":{"rendered":"","protected":false},"excerpt":{"rendered":"<p><img decoding=\"async\" class=\"img-inline\" src=\"https:\/\/brcci.eu\/cache\/thumbnails\/12ecd0e6e419f1b9b1484ef02ad361979dd8e054\/1a6c5e1406ad462ca86d17b2800862d7f837862c-829875ad0a268b741b7edd818ffce098.png\" alt=\"FLORIAN OOD\" \/><\/p>\n<p>Zs\u00e1lya, \u00e9vel\u0151 gy\u00f6ker\u0171 \u00e9s egyny\u00e1ri k\u00fcls\u0151 r\u00e9sszel rendelkez\u0151 gy\u00f3gyn\u00f6v\u00e9ny, amely el\u00e9ri a 1,5 m\u00e9ter magass\u00e1got. \u0150sszel, szeptember-okt\u00f3berben vagy tavasszal febru\u00e1r-m\u00e1rciusban vetik 2-3 cm m\u00e9lyre. Gy\u00f3gyn\u00f6v\u00e9nyk\u00e9nt, valamint f\u0171szerk\u00e9nt haszn\u00e1lj\u00e1k. A leveleket \u00e9s vir\u00e1gokat a nap h\u0171v\u00f6s \u00f3r\u00e1iban szedik.<\/p>\n<p>Kiszerel\u00e9s: 80 mag (0,7 gr)<\/p>\n<p>Vet\u00e9sid\u0151: febru\u00e1r-m\u00e1jus vagy \u0151sz: szeptember-okt\u00f3ber.<\/p>\n<p>M\u0171szaki adatok:<\/p>\n<p>M\u00e9lys\u00e9ge 2-3 cm<br \/>\nFebru\u00e1r-m\u00e1just\u00f3l, szeptember-okt\u00f3bert\u0151l kezd\u0151d\u0151en vetik<br \/>\nA magvakb\u00f3l, pal\u00e1nt\u00e1kb\u00f3l t\u00f6rt\u00e9n\u0151 el\u0151\u00e1ll\u00edt\u00e1s fajt\u00e1i<br \/>\n\u00c1ltal\u00e1noss\u00e1gok:<\/p>\n<p>\u00dcltet\u00e9s febru\u00e1r-m\u00e1jus, okt\u00f3ber<br \/>\nSz\u00fcret j\u00fanius-szeptember<br \/>\nVeget\u00e1ci\u00f3 120 nap<\/p>\n","protected":false},"featured_media":31755,"comment_status":"closed","ping_status":"closed","template":"","meta":[],"product_brand":[],"product_cat":[374],"product_tag":[],"class_list":{"0":"post-31754","1":"product","2":"type-product","3":"status-publish","4":"has-post-thumbnail","6":"product_cat-fuszer-es-gyogynoveny-vetomagok-bolgar-florian-vetomagok","8":"first","9":"instock","10":"taxable","11":"shipping-taxable","12":"purchasable","13":"product-type-simple"},"_links":{"self":[{"href":"https:\/\/chilimag.hu\/webshop\/wp-json\/wp\/v2\/product\/31754","targetHints":{"allow":["GET"]}}],"collection":[{"href":"https:\/\/chilimag.hu\/webshop\/wp-json\/wp\/v2\/product"}],"about":[{"href":"https:\/\/chilimag.hu\/webshop\/wp-json\/wp\/v2\/types\/product"}],"replies":[{"embeddable":true,"href":"https:\/\/chilimag.hu\/webshop\/wp-json\/wp\/v2\/comments?post=31754"}],"wp:featuredmedia":[{"embeddable":true,"href":"https:\/\/chilimag.hu\/webshop\/wp-json\/wp\/v2\/media\/31755"}],"wp:attachment":[{"href":"https:\/\/chilimag.hu\/webshop\/wp-json\/wp\/v2\/media?parent=31754"}],"wp:term":[{"taxonomy":"product_brand","embeddable":true,"href":"https:\/\/chilimag.hu\/webshop\/wp-json\/wp\/v2\/product_brand?post=31754"},{"taxonomy":"product_cat","embeddable":true,"href":"https:\/\/chilimag.hu\/webshop\/wp-json\/wp\/v2\/product_cat?post=31754"},{"taxonomy":"product_tag","embeddable":true,"href":"https:\/\/chilimag.hu\/webshop\/wp-json\/wp\/v2\/product_tag?post=31754"}],"curies":[{"name":"wp","href":"https:\/\/api.w.org\/{rel}","templated":true}]}}