{"id":31346,"date":"2024-04-04T15:51:40","date_gmt":"2024-04-04T15:51:40","guid":{"rendered":"https:\/\/chilimag.hu\/webshop\/?post_type=product&#038;p=31346"},"modified":"2025-02-19T10:04:07","modified_gmt":"2025-02-19T10:04:07","slug":"biologiailag-lebomlo-papir-palantanevelo-talca-ulteto-szett-4-db-os-l-gt258","status":"publish","type":"product","link":"https:\/\/chilimag.hu\/webshop\/termek\/biologiailag-lebomlo-papir-palantanevelo-talca-ulteto-szett-4-db-os-l-gt258\/","title":{"rendered":"Biol\u00f3giailag leboml\u00f3 pap\u00edr pal\u00e1ntanevel\u0151 t\u00e1lca, \u00fcltet\u0151 szett, 4 db-os, L GT258"},"content":{"rendered":"","protected":false},"excerpt":{"rendered":"<p>Biol\u00f3giailag leboml\u00f3 pap\u00edrb\u00f3l k\u00e9sz\u00fclt pal\u00e1ntanevel\u0151 t\u00e1lca, \u00fcltet\u0151 szett, 4 db-os, L m\u00e9retben. Az \u00fajrahasznos\u00edtott pap\u00edrb\u00f3l k\u00e9sz\u00fclt egybef\u00fcgg\u0151 \u00fcltet\u0151cser\u00e9pnek k\u00f6sz\u00f6nhet\u0151en igaz\u00e1n k\u00f6rnyezettudatos lehetsz m\u00e1r a pal\u00e1ntanevel\u00e9s els\u0151 l\u00e9p\u00e9sei sor\u00e1n is! A z\u00f6lds\u00e9g- \u00e9s vir\u00e1gpal\u00e1nt\u00e1kat a cserepekkel a egy\u00fctt, a gy\u00f6k\u00e9rzet megbolygat\u00e1sa n\u00e9lk\u00fcl, a ki\u00fcltetheted a kertbe vagy egy nagyobb m\u00e9ret\u0171 cser\u00e9pbe &#8211; egyszer\u0171en csak v\u00e1gd sz\u00e9t a cserepeket a sz\u00e9l\u00fckn\u00e9l! Ahogy a n\u00f6v\u00e9ny a szabadf\u00f6ldben tov\u00e1bbfejl\u0151dik, az egyre er\u0151s\u00f6d\u0151 gy\u00f6k\u00e9rzet gond n\u00e9lk\u00fcl \u00e1thatol az id\u0151k\u00f6zben term\u00e9szetes \u00faton leboml\u00f3 cser\u00e9p fal\u00e1n.<\/p>\n<p>&nbsp;<\/p>\n<p>M\u00e9rete: magass\u00e1g: 5,2 cm, sz\u00e9less\u00e9g: 27,5 cm, magass\u00e1g: 8,8 cm<\/p>\n","protected":false},"featured_media":31347,"comment_status":"closed","ping_status":"closed","template":"","meta":[],"product_brand":[],"product_cat":[336],"product_tag":[],"class_list":{"0":"post-31346","1":"product","2":"type-product","3":"status-publish","4":"has-post-thumbnail","6":"product_cat-vetotalcak-ulteto-cserepek-es-palanta-nevelok","8":"first","9":"instock","10":"taxable","11":"shipping-taxable","12":"purchasable","13":"product-type-simple"},"_links":{"self":[{"href":"https:\/\/chilimag.hu\/webshop\/wp-json\/wp\/v2\/product\/31346","targetHints":{"allow":["GET"]}}],"collection":[{"href":"https:\/\/chilimag.hu\/webshop\/wp-json\/wp\/v2\/product"}],"about":[{"href":"https:\/\/chilimag.hu\/webshop\/wp-json\/wp\/v2\/types\/product"}],"replies":[{"embeddable":true,"href":"https:\/\/chilimag.hu\/webshop\/wp-json\/wp\/v2\/comments?post=31346"}],"wp:featuredmedia":[{"embeddable":true,"href":"https:\/\/chilimag.hu\/webshop\/wp-json\/wp\/v2\/media\/31347"}],"wp:attachment":[{"href":"https:\/\/chilimag.hu\/webshop\/wp-json\/wp\/v2\/media?parent=31346"}],"wp:term":[{"taxonomy":"product_brand","embeddable":true,"href":"https:\/\/chilimag.hu\/webshop\/wp-json\/wp\/v2\/product_brand?post=31346"},{"taxonomy":"product_cat","embeddable":true,"href":"https:\/\/chilimag.hu\/webshop\/wp-json\/wp\/v2\/product_cat?post=31346"},{"taxonomy":"product_tag","embeddable":true,"href":"https:\/\/chilimag.hu\/webshop\/wp-json\/wp\/v2\/product_tag?post=31346"}],"curies":[{"name":"wp","href":"https:\/\/api.w.org\/{rel}","templated":true}]}}