{"id":31307,"date":"2024-03-28T18:33:48","date_gmt":"2024-03-28T18:33:48","guid":{"rendered":"https:\/\/chilimag.hu\/webshop\/?post_type=product&#038;p=31307"},"modified":"2026-04-05T11:59:55","modified_gmt":"2026-04-05T11:59:55","slug":"sargarepa-purple-florian-bg","status":"publish","type":"product","link":"https:\/\/chilimag.hu\/webshop\/termek\/sargarepa-purple-florian-bg\/","title":{"rendered":"S\u00e1rgar\u00e9pa cosmic purple Florian Bg"},"content":{"rendered":"","protected":false},"excerpt":{"rendered":"<p><img decoding=\"async\" class=\"img-inline\" src=\"https:\/\/brcci.eu\/cache\/thumbnails\/12ecd0e6e419f1b9b1484ef02ad361979dd8e054\/1a6c5e1406ad462ca86d17b2800862d7f837862c-829875ad0a268b741b7edd818ffce098.png\" alt=\"FLORIAN OOD\" \/><\/p>\n<p>Csod\u00e1latos lila fajta, gyorsan \u00e9r\u0151. A gy\u00f6kerek k\u00f6r\u00fclbel\u00fcl 20 cm-esek, sim\u00e1k, k\u00edv\u00fcl lila, narancss\u00e1rga h\u00fas\u00faak. Fantasztikus \u00edze van, nagyon \u00e9des \u00e9s ropog\u00f3s az \u00e1llaga. A n\u00f6v\u00e9ny hideg k\u00f6r\u00fclm\u00e9nyek k\u00f6z\u00f6tt fejl\u0151dik a legjobban, ez\u00e9rt tavasszal \u00e9s \u0151sszel \u00e9rdemes elvetni. A cs\u00edr\u00e1z\u00e1st\u00f3l sz\u00e1m\u00edtott 60 nap eltelt\u00e9vel k\u00e9szen \u00e1llnak a betakar\u00edt\u00e1sra. 800-900 mag\/gramm<\/p>\n<p>N\u00e9pszer\u0171 n\u00e9v: lila s\u00e1rgar\u00e9pa, s\u00e1rgar\u00e9pa.<br \/>\nTudom\u00e1nyos n\u00e9v: Daucus Carota &#8216;Cosmic Purple&#8217;.<\/p>\n<p>&nbsp;<\/p>\n<p>A csomag 500 db magot tartalmaz v\u00e9d\u0151atmoszf\u00e9r\u00e1j\u00fa, nedvess\u00e9gt\u0151l \u00e9s napf\u00e9nyt\u0151l v\u00e9dett csomagol\u00e1sban lez\u00e1rva.<br \/>\nA Cosmic Purple s\u00e1rgar\u00e9pa egy furcs\u00e1bb s\u00e1rgar\u00e9pa, elb\u0171v\u00f6l\u0151 lila k\u00fcls\u0151 h\u00e9jjal \u00e9s m\u00e9lynarancss\u00e1rga bels\u0151 h\u00fassal.<br \/>\n\u00c9des, kellemes \u00edz\u0171, 20-30 cm hossz\u00fa.<br \/>\nA Cosmic Purple s\u00e1rgar\u00e9pa egy \u00faj fajta, amelyet 2005-ben szereztek Amerik\u00e1ban.<br \/>\nA h\u00e9j lila sz\u00edne \u00e9s a h\u00fas narancss\u00e1rga sz\u00edne a s\u00e1rgar\u00e9p\u00e1ban tal\u00e1lhat\u00f3 nagy mennyis\u00e9g\u0171 antioxid\u00e1nsnak k\u00f6sz\u00f6nhet\u0151.<br \/>\nA lila s\u00e1rgar\u00e9pa a k\u00f6vetkez\u0151 t\u00edpus\u00fa antioxid\u00e1nsokat tartalmazza: likopin, antocianin, b\u00e9ta-karotin \u00e9s alfa-karotin. Mindezekr\u0151l az anyagokr\u00f3l ismert, hogy sz\u00e1mos r\u00e1kt\u00edpus er\u0151s inhibitorai.<br \/>\nA Cosmic Purple s\u00e1rgar\u00e9pa frissen \u00e9s konzervk\u00e9nt is haszn\u00e1lhat\u00f3. F\u0151z\u00e9ssel feler\u0151s\u00edti sz\u00edn\u00e9t.<br \/>\nA Cosmic Purple s\u00e1rgar\u00e9pa termeszthet\u0151 sz\u00e1nt\u00f3f\u00f6ld\u00f6n k\u00f6zvetlen vet\u00e9ssel ny\u00e1ron, vagy eg\u00e9sz \u00e9vben \u00fcvegh\u00e1zban vagy \u00fcvegh\u00e1zban.<br \/>\nA n\u00f6v\u00e9ny 65-70 nap alatt \u00e9ri el az \u00e9retts\u00e9get, \u00e9s j\u00f3 term\u0151k\u00e9pess\u00e9g\u0171.<br \/>\nA n\u00f6v\u00e9ny magass\u00e1ga 30 cm.<\/p>\n<p>A csomag 0,6 gr magot tartalmaz<\/p>\n","protected":false},"featured_media":31435,"comment_status":"closed","ping_status":"closed","template":"","meta":[],"product_brand":[],"product_cat":[386],"product_tag":[],"class_list":{"0":"post-31307","1":"product","2":"type-product","3":"status-publish","4":"has-post-thumbnail","6":"product_cat-zoldseg-vetomagok-bolgar-florian-vetomagok","8":"first","9":"instock","10":"taxable","11":"shipping-taxable","12":"purchasable","13":"product-type-simple"},"_links":{"self":[{"href":"https:\/\/chilimag.hu\/webshop\/wp-json\/wp\/v2\/product\/31307","targetHints":{"allow":["GET"]}}],"collection":[{"href":"https:\/\/chilimag.hu\/webshop\/wp-json\/wp\/v2\/product"}],"about":[{"href":"https:\/\/chilimag.hu\/webshop\/wp-json\/wp\/v2\/types\/product"}],"replies":[{"embeddable":true,"href":"https:\/\/chilimag.hu\/webshop\/wp-json\/wp\/v2\/comments?post=31307"}],"wp:featuredmedia":[{"embeddable":true,"href":"https:\/\/chilimag.hu\/webshop\/wp-json\/wp\/v2\/media\/31435"}],"wp:attachment":[{"href":"https:\/\/chilimag.hu\/webshop\/wp-json\/wp\/v2\/media?parent=31307"}],"wp:term":[{"taxonomy":"product_brand","embeddable":true,"href":"https:\/\/chilimag.hu\/webshop\/wp-json\/wp\/v2\/product_brand?post=31307"},{"taxonomy":"product_cat","embeddable":true,"href":"https:\/\/chilimag.hu\/webshop\/wp-json\/wp\/v2\/product_cat?post=31307"},{"taxonomy":"product_tag","embeddable":true,"href":"https:\/\/chilimag.hu\/webshop\/wp-json\/wp\/v2\/product_tag?post=31307"}],"curies":[{"name":"wp","href":"https:\/\/api.w.org\/{rel}","templated":true}]}}