{"id":31297,"date":"2024-03-27T18:08:14","date_gmt":"2024-03-27T18:08:14","guid":{"rendered":"https:\/\/chilimag.hu\/webshop\/?post_type=product&#038;p=31297"},"modified":"2026-02-12T21:25:13","modified_gmt":"2026-02-12T21:25:13","slug":"salata-lolo-bionda-florian-bg","status":"publish","type":"product","link":"https:\/\/chilimag.hu\/webshop\/termek\/salata-lolo-bionda-florian-bg\/","title":{"rendered":"Sal\u00e1ta Lolo Bionda Florian Bg"},"content":{"rendered":"","protected":false},"excerpt":{"rendered":"<p><img decoding=\"async\" class=\"img-inline\" src=\"https:\/\/brcci.eu\/cache\/thumbnails\/12ecd0e6e419f1b9b1484ef02ad361979dd8e054\/1a6c5e1406ad462ca86d17b2800862d7f837862c-829875ad0a268b741b7edd818ffce098.png\" alt=\"FLORIAN OOD\" \/><\/p>\n<p>K\u00f6zepesen korai \u00e9s l\u00e9tfontoss\u00e1g\u00fa sal\u00e1tafajta, alkalmas eg\u00e9sz \u00e9ves k\u00fcl- \u00e9s belt\u00e9ri termeszt\u00e9sre. K\u00f6zepes m\u00e9ret\u0171, t\u00f6m\u00f6r, halv\u00e1nyz\u00f6ld rozett\u00e1t alkot, friss, kr\u00e9t\u00e1s levelekkel. A fajta kiv\u00e1l\u00f3 \u00edz\u0171, friss fogyaszt\u00e1sra kiv\u00e1l\u00f3an alkalmas. Ellen\u00e1ll a kedvez\u0151tlen h\u0151m\u00e9rs\u00e9kleteknek.<\/p>\n<p>A csomag 2 gr csomag<\/p>\n","protected":false},"featured_media":31298,"comment_status":"closed","ping_status":"closed","template":"","meta":[],"product_brand":[],"product_cat":[382],"product_tag":[],"class_list":{"0":"post-31297","1":"product","2":"type-product","3":"status-publish","4":"has-post-thumbnail","6":"product_cat-salata-es-retek-vetomagok","8":"first","9":"instock","10":"taxable","11":"shipping-taxable","12":"purchasable","13":"product-type-simple"},"_links":{"self":[{"href":"https:\/\/chilimag.hu\/webshop\/wp-json\/wp\/v2\/product\/31297","targetHints":{"allow":["GET"]}}],"collection":[{"href":"https:\/\/chilimag.hu\/webshop\/wp-json\/wp\/v2\/product"}],"about":[{"href":"https:\/\/chilimag.hu\/webshop\/wp-json\/wp\/v2\/types\/product"}],"replies":[{"embeddable":true,"href":"https:\/\/chilimag.hu\/webshop\/wp-json\/wp\/v2\/comments?post=31297"}],"wp:featuredmedia":[{"embeddable":true,"href":"https:\/\/chilimag.hu\/webshop\/wp-json\/wp\/v2\/media\/31298"}],"wp:attachment":[{"href":"https:\/\/chilimag.hu\/webshop\/wp-json\/wp\/v2\/media?parent=31297"}],"wp:term":[{"taxonomy":"product_brand","embeddable":true,"href":"https:\/\/chilimag.hu\/webshop\/wp-json\/wp\/v2\/product_brand?post=31297"},{"taxonomy":"product_cat","embeddable":true,"href":"https:\/\/chilimag.hu\/webshop\/wp-json\/wp\/v2\/product_cat?post=31297"},{"taxonomy":"product_tag","embeddable":true,"href":"https:\/\/chilimag.hu\/webshop\/wp-json\/wp\/v2\/product_tag?post=31297"}],"curies":[{"name":"wp","href":"https:\/\/api.w.org\/{rel}","templated":true}]}}