{"id":31273,"date":"2024-03-25T19:02:12","date_gmt":"2024-03-25T19:02:12","guid":{"rendered":"https:\/\/chilimag.hu\/webshop\/?post_type=product&#038;p=31273"},"modified":"2026-05-07T16:13:31","modified_gmt":"2026-05-07T16:13:31","slug":"pattogatni-valo-kukorica-plomyk-florian-bg","status":"publish","type":"product","link":"https:\/\/chilimag.hu\/webshop\/termek\/pattogatni-valo-kukorica-plomyk-florian-bg\/","title":{"rendered":"Pattogatni val\u00f3 kukorica Plomyk Florian Bg"},"content":{"rendered":"","protected":false},"excerpt":{"rendered":"<p><img decoding=\"async\" class=\"img-inline\" src=\"https:\/\/brcci.eu\/cache\/thumbnails\/12ecd0e6e419f1b9b1484ef02ad361979dd8e054\/1a6c5e1406ad462ca86d17b2800862d7f837862c-829875ad0a268b741b7edd818ffce098.png\" alt=\"FLORIAN OOD\" \/><\/p>\n<p>Popcorn Plomyk pattogatott kukorica magvak<\/p>\n<p>&#8211; \u00edzletes pattogatott kukorica k\u00e9sz\u00edt\u00e9s\u00e9re haszn\u00e1lt fajta<\/p>\n<p>&#8211; nagyon k\u00f6nny\u0171 \u00fcltetni<\/p>\n<p>&#8211; betegs\u00e9gekkel szemben ellen\u00e1ll\u00f3<\/p>\n<p>Kiszerel\u00e9s: 80 mag (10 gr)<\/p>\n<p>A Plomyc el\u0151nyei:<\/p>\n<p>&#8211; a kal\u00e1szok 19-21 cm k\u00f6z\u00f6ttiek<\/p>\n<p>&#8211; N\u00f6v\u00e9nyenk\u00e9nt 1-2 csutk\u00e1t kapunk<\/p>\n<p>&#8211; \u00e1prilis k\u00f6zep\u00e9n, m\u00e1jus elej\u00e9n vetik<\/p>\n<p>&nbsp;<\/p>\n<p>\u00cdzletes pattogatott kukorica k\u00e9sz\u00edt\u00e9s\u00e9hez haszn\u00e1lt fajta. T\u00e1panyagban gazdag talajt ig\u00e9nyel. \u00c1prilis k\u00f6zep\u00e9n, m\u00e1jus elej\u00e9n vetik. N\u00f6v\u00e9nymagass\u00e1g: 1,7-2 m A t\u00fcsk\u00e9k 19-20 cm k\u00f6z\u00f6ttiek. N\u00f6v\u00e9nyenk\u00e9nt 1-2 csutk\u00e1t kapunk. Betegs\u00e9gekkel szemben ellen\u00e1ll\u00f3. Szeptemberben sz\u00fcretelik, felhaszn\u00e1l\u00e1sig h\u0171t\u0151szekr\u00e9nyben t\u00e1rolj\u00e1k.<\/p>\n<p>Gondoskod\u00e1s:<\/p>\n<p>Miut\u00e1n el\u00fcltette a POPCORN Plomyk Popcorn Corn Seeds-et, fedje be \u0151ket f\u00f6lddel. Tart\u00f3san nedvesnek kell lennie, de nem t\u00falzottan, hogy a gyors cs\u00edr\u00e1z\u00e1s lehets\u00e9ges legyen. Az \u00f6nt\u00f6z\u00e9st minden reggel finom sug\u00e1rral vagy permetez\u00e9ssel v\u00e9gezz\u00fck, hogy ne mozduljanak el a magok. A betakar\u00edt\u00e1s szeptember \u00e9s okt\u00f3ber k\u00f6z\u00f6tt t\u00f6rt\u00e9nik.<\/p>\n","protected":false},"featured_media":31275,"comment_status":"closed","ping_status":"closed","template":"","meta":[],"product_brand":[],"product_cat":[379],"product_tag":[],"class_list":{"0":"post-31273","1":"product","2":"type-product","3":"status-publish","4":"has-post-thumbnail","6":"product_cat-kukorica-vetomagok","8":"first","9":"instock","10":"taxable","11":"shipping-taxable","12":"purchasable","13":"product-type-simple"},"_links":{"self":[{"href":"https:\/\/chilimag.hu\/webshop\/wp-json\/wp\/v2\/product\/31273","targetHints":{"allow":["GET"]}}],"collection":[{"href":"https:\/\/chilimag.hu\/webshop\/wp-json\/wp\/v2\/product"}],"about":[{"href":"https:\/\/chilimag.hu\/webshop\/wp-json\/wp\/v2\/types\/product"}],"replies":[{"embeddable":true,"href":"https:\/\/chilimag.hu\/webshop\/wp-json\/wp\/v2\/comments?post=31273"}],"wp:featuredmedia":[{"embeddable":true,"href":"https:\/\/chilimag.hu\/webshop\/wp-json\/wp\/v2\/media\/31275"}],"wp:attachment":[{"href":"https:\/\/chilimag.hu\/webshop\/wp-json\/wp\/v2\/media?parent=31273"}],"wp:term":[{"taxonomy":"product_brand","embeddable":true,"href":"https:\/\/chilimag.hu\/webshop\/wp-json\/wp\/v2\/product_brand?post=31273"},{"taxonomy":"product_cat","embeddable":true,"href":"https:\/\/chilimag.hu\/webshop\/wp-json\/wp\/v2\/product_cat?post=31273"},{"taxonomy":"product_tag","embeddable":true,"href":"https:\/\/chilimag.hu\/webshop\/wp-json\/wp\/v2\/product_tag?post=31273"}],"curies":[{"name":"wp","href":"https:\/\/api.w.org\/{rel}","templated":true}]}}